{"id":138622,"date":"2025-01-17T03:35:49","date_gmt":"2025-01-17T01:35:49","guid":{"rendered":"https:\/\/exlibris.ee\/toode\/vargamae-eided-ja-koerad\/"},"modified":"2026-04-23T11:47:18","modified_gmt":"2026-04-23T08:47:18","slug":"vargamae-eided-ja-koerad","status":"publish","type":"product","link":"https:\/\/exlibris.ee\/en\/product\/vargamae-eided-ja-koerad\/","title":{"rendered":"Vargam\u00e4e eided ja koerad"},"content":{"rendered":"<p>Raamat koosneb kahest erinevast tekstist \u201dLambasihver\u201d ja \u201dVargam\u00e4e koerad\u201d. \u201dLambasihver\u201d on anal\u00fc\u00fcs A. H. Tammsaare romaanist \u201dT\u00f5de ja \u00f5igus I\u201d nais\u00f5iguslikust ehk feministlikust aspektist.\u00a0\u201dVargam\u00e4e koerad\u201d\u00a0on anal\u00fc\u00fcs samast romaanist koer\u00f5iguslikust ehk k\u00fcnoloogilisest aspektist. Sarnane on m\u00f5lema teksti tegelaste pidev diskrimineerimine v\u00f5i koguni eiramine eesti kultuurim\u00e4lus. Nende rehabiliteerimine on selle kaksikraamatu peamine eesm\u00e4rk.<\/p>\n","protected":false},"excerpt":{"rendered":"<p>Raamat koosneb kahest erinevast tekstist \u201dLambasihver\u201d ja \u201dVargam\u00e4e koerad\u201d. \u201dLambasihver\u201d on anal\u00fc\u00fcs A. H. Tammsaare romaanist \u201dT\u00f5de ja \u00f5igus I\u201d nais\u00f5iguslikust ehk feministlikust aspektist.\u00a0\u201dVargam\u00e4e koerad\u201d\u00a0on anal\u00fc\u00fcs samast romaanist koer\u00f5iguslikust ehk k\u00fcnoloogilisest aspektist. Sarnane on m\u00f5lema teksti tegelaste pidev diskrimineerimine v\u00f5i&#8230;<\/p>\n","protected":false},"featured_media":138661,"template":"","meta":{"_acf_changed":false,"inline_featured_image":false},"product_brand":[],"product_cat":[2429],"product_tag":[],"series":[],"publisher":[{"id":2941,"name":"Vabam\u00f5tleja","slug":"vabamotleja"}],"class_list":{"0":"post-138622","1":"product","2":"type-product","3":"status-publish","4":"has-post-thumbnail","6":"product_cat-rpro-eesti","7":"publisher-vabamotleja","9":"first","10":"instock","11":"taxable","12":"shipping-taxable","13":"purchasable","14":"product-type-simple"},"acf":[],"_links":{"self":[{"href":"https:\/\/exlibris.ee\/en\/wp-json\/wp\/v2\/product\/138622","targetHints":{"allow":["GET"]}}],"collection":[{"href":"https:\/\/exlibris.ee\/en\/wp-json\/wp\/v2\/product"}],"about":[{"href":"https:\/\/exlibris.ee\/en\/wp-json\/wp\/v2\/types\/product"}],"wp:featuredmedia":[{"embeddable":true,"href":"https:\/\/exlibris.ee\/en\/wp-json\/wp\/v2\/media\/138661"}],"wp:attachment":[{"href":"https:\/\/exlibris.ee\/en\/wp-json\/wp\/v2\/media?parent=138622"}],"wp:term":[{"taxonomy":"product_brand","embeddable":true,"href":"https:\/\/exlibris.ee\/en\/wp-json\/wp\/v2\/product_brand?post=138622"},{"taxonomy":"product_cat","embeddable":true,"href":"https:\/\/exlibris.ee\/en\/wp-json\/wp\/v2\/product_cat?post=138622"},{"taxonomy":"product_tag","embeddable":true,"href":"https:\/\/exlibris.ee\/en\/wp-json\/wp\/v2\/product_tag?post=138622"},{"taxonomy":"series","embeddable":true,"href":"https:\/\/exlibris.ee\/en\/wp-json\/wp\/v2\/series?post=138622"},{"taxonomy":"publisher","embeddable":true,"href":"https:\/\/exlibris.ee\/en\/wp-json\/wp\/v2\/publisher?post=138622"}],"curies":[{"name":"wp","href":"https:\/\/api.w.org\/{rel}","templated":true}]}}