{"id":138623,"date":"2025-01-17T03:35:49","date_gmt":"2025-01-17T01:35:49","guid":{"rendered":"https:\/\/exlibris.ee\/toode\/tode-voi-eimiski-vabamotlejad\/"},"modified":"2026-04-04T07:15:12","modified_gmt":"2026-04-04T04:15:12","slug":"tode-voi-eimiski-vabamotlejad","status":"publish","type":"product","link":"https:\/\/exlibris.ee\/en\/product\/tode-voi-eimiski-vabamotlejad\/","title":{"rendered":"T\u00f5de v\u00f5i eimiski Vabam\u00f5tlejad"},"content":{"rendered":"<p>Kogumikku hoolikalt valitud tekstid on \u00fchelt poolt loomingulised, lugejat intrigeerivad ning interdistsiplinaarsed \u2013 k\u00f5ige rohkem p\u00f5imitakse filosoofilisi arutlusi ps\u00fchholoogilistega. Kuid teisest k\u00fcljest on esseed filosoofiliselt ranged, demonstreerides oskust j\u00e4\u00e4da ka rakenduslikes teemaarendustes \u00fcdini filosoofiks. Raamatus leidub nii filosoofia olemuse \u00fcle arutlevaid tekste, kaasahaaravaid filosoofia suurkujude t\u00f5lgendusi, p\u00f5hjalikult k\u00e4sitletakse ka praktilise filosoofia alla kuuluvaid teemasid kuni meie kaasaja poliitilise olukorra diagnoosi ja kriitikani v\u00e4lja. Raamatu l\u00f5pus on intervjuu v\u00e4ljaandjaga.<\/p>\n","protected":false},"excerpt":{"rendered":"<p>Kogumikku hoolikalt valitud tekstid on \u00fchelt poolt loomingulised, lugejat intrigeerivad ning interdistsiplinaarsed \u2013 k\u00f5ige rohkem p\u00f5imitakse filosoofilisi arutlusi ps\u00fchholoogilistega. Kuid teisest k\u00fcljest on esseed filosoofiliselt ranged, demonstreerides oskust j\u00e4\u00e4da ka rakenduslikes teemaarendustes \u00fcdini filosoofiks. Raamatus leidub nii filosoofia olemuse \u00fcle&#8230;<\/p>\n","protected":false},"featured_media":138664,"template":"","meta":{"_acf_changed":false,"inline_featured_image":false},"product_brand":[],"product_cat":[2450],"product_tag":[],"series":[{"id":2940,"name":"Vabam\u00f5tlejad","slug":"vabamotlejad"}],"publisher":[{"id":2941,"name":"Vabam\u00f5tleja","slug":"vabamotleja"}],"class_list":{"0":"post-138623","1":"product","2":"type-product","3":"status-publish","4":"has-post-thumbnail","6":"product_cat-ruhi-eesti","7":"series-vabamotlejad","8":"publisher-vabamotleja","10":"first","11":"instock","12":"taxable","13":"shipping-taxable","14":"purchasable","15":"product-type-simple"},"acf":[],"_links":{"self":[{"href":"https:\/\/exlibris.ee\/en\/wp-json\/wp\/v2\/product\/138623","targetHints":{"allow":["GET"]}}],"collection":[{"href":"https:\/\/exlibris.ee\/en\/wp-json\/wp\/v2\/product"}],"about":[{"href":"https:\/\/exlibris.ee\/en\/wp-json\/wp\/v2\/types\/product"}],"wp:featuredmedia":[{"embeddable":true,"href":"https:\/\/exlibris.ee\/en\/wp-json\/wp\/v2\/media\/138664"}],"wp:attachment":[{"href":"https:\/\/exlibris.ee\/en\/wp-json\/wp\/v2\/media?parent=138623"}],"wp:term":[{"taxonomy":"product_brand","embeddable":true,"href":"https:\/\/exlibris.ee\/en\/wp-json\/wp\/v2\/product_brand?post=138623"},{"taxonomy":"product_cat","embeddable":true,"href":"https:\/\/exlibris.ee\/en\/wp-json\/wp\/v2\/product_cat?post=138623"},{"taxonomy":"product_tag","embeddable":true,"href":"https:\/\/exlibris.ee\/en\/wp-json\/wp\/v2\/product_tag?post=138623"},{"taxonomy":"series","embeddable":true,"href":"https:\/\/exlibris.ee\/en\/wp-json\/wp\/v2\/series?post=138623"},{"taxonomy":"publisher","embeddable":true,"href":"https:\/\/exlibris.ee\/en\/wp-json\/wp\/v2\/publisher?post=138623"}],"curies":[{"name":"wp","href":"https:\/\/api.w.org\/{rel}","templated":true}]}}