{"id":138624,"date":"2025-01-17T03:35:49","date_gmt":"2025-01-17T01:35:49","guid":{"rendered":"https:\/\/exlibris.ee\/toode\/filosoofia-kui-looming-vabamotlejad\/"},"modified":"2026-04-04T07:15:12","modified_gmt":"2026-04-04T04:15:12","slug":"filosoofia-kui-looming-vabamotlejad","status":"publish","type":"product","link":"https:\/\/exlibris.ee\/en\/product\/filosoofia-kui-looming-vabamotlejad\/","title":{"rendered":"Filosoofia kui looming Vabam\u00f5tlejad"},"content":{"rendered":"<p>Filosoofiadoktor Leo Luksi esseekogumiku tekstid hargnevad \u00fcmber kolme omavahel p\u00f5imuva temaatilise telje: 1. filosoofilise m\u00f5tlemise erip\u00e4ra ja loomingulisus; 2. ajastu \u00fcldine ilme ning valupunktid; 3. kirjandusk\u00fcsimused. K\u00f5iki anal\u00fc\u00fcsitavaid tasandeid kokku p\u00f5imivaks m\u00e4rks\u00f5naks on nihilism.<\/p>\n","protected":false},"excerpt":{"rendered":"<p>Filosoofiadoktor Leo Luksi esseekogumiku tekstid hargnevad \u00fcmber kolme omavahel p\u00f5imuva temaatilise telje: 1. filosoofilise m\u00f5tlemise erip\u00e4ra ja loomingulisus; 2. ajastu \u00fcldine ilme ning valupunktid; 3. kirjandusk\u00fcsimused. K\u00f5iki anal\u00fc\u00fcsitavaid tasandeid kokku p\u00f5imivaks m\u00e4rks\u00f5naks on nihilism.<\/p>\n","protected":false},"featured_media":138667,"template":"","meta":{"_acf_changed":false,"inline_featured_image":false},"product_brand":[],"product_cat":[2450],"product_tag":[],"series":[{"id":2940,"name":"Vabam\u00f5tlejad","slug":"vabamotlejad"}],"publisher":[{"id":2941,"name":"Vabam\u00f5tleja","slug":"vabamotleja"}],"class_list":{"0":"post-138624","1":"product","2":"type-product","3":"status-publish","4":"has-post-thumbnail","6":"product_cat-ruhi-eesti","7":"series-vabamotlejad","8":"publisher-vabamotleja","10":"first","11":"instock","12":"taxable","13":"shipping-taxable","14":"purchasable","15":"product-type-simple"},"acf":[],"_links":{"self":[{"href":"https:\/\/exlibris.ee\/en\/wp-json\/wp\/v2\/product\/138624","targetHints":{"allow":["GET"]}}],"collection":[{"href":"https:\/\/exlibris.ee\/en\/wp-json\/wp\/v2\/product"}],"about":[{"href":"https:\/\/exlibris.ee\/en\/wp-json\/wp\/v2\/types\/product"}],"wp:featuredmedia":[{"embeddable":true,"href":"https:\/\/exlibris.ee\/en\/wp-json\/wp\/v2\/media\/138667"}],"wp:attachment":[{"href":"https:\/\/exlibris.ee\/en\/wp-json\/wp\/v2\/media?parent=138624"}],"wp:term":[{"taxonomy":"product_brand","embeddable":true,"href":"https:\/\/exlibris.ee\/en\/wp-json\/wp\/v2\/product_brand?post=138624"},{"taxonomy":"product_cat","embeddable":true,"href":"https:\/\/exlibris.ee\/en\/wp-json\/wp\/v2\/product_cat?post=138624"},{"taxonomy":"product_tag","embeddable":true,"href":"https:\/\/exlibris.ee\/en\/wp-json\/wp\/v2\/product_tag?post=138624"},{"taxonomy":"series","embeddable":true,"href":"https:\/\/exlibris.ee\/en\/wp-json\/wp\/v2\/series?post=138624"},{"taxonomy":"publisher","embeddable":true,"href":"https:\/\/exlibris.ee\/en\/wp-json\/wp\/v2\/publisher?post=138624"}],"curies":[{"name":"wp","href":"https:\/\/api.w.org\/{rel}","templated":true}]}}