{"id":138877,"date":"2025-01-21T07:38:10","date_gmt":"2025-01-21T05:38:10","guid":{"rendered":"https:\/\/exlibris.ee\/toode\/euroopa-tango\/"},"modified":"2026-04-24T05:40:19","modified_gmt":"2026-04-24T02:40:19","slug":"euroopa-tango","status":"publish","type":"product","link":"https:\/\/exlibris.ee\/en\/product\/euroopa-tango\/","title":{"rendered":"Euroopa tango"},"content":{"rendered":"<p>&#8220;Euroopa tango&#8221; tegevus viib tuleviku Euroopa Liitu, kus unustuseh\u00f5lma on vajunud autod, bussid, telefonid, telekad, kus lihatooted on keelatud ja lehm on vaatamisv\u00e4\u00e4rsus, kus nii k\u00f6\u00f6gis kui magamistoas toimetavad robotid, kus inimene saab vananedes k\u00f5ik oma kulunud organid v\u00e4lja vahetada ja elu pikendada, kui tal v\u00f5i tema lastel selleks raha on.<\/p>\n","protected":false},"excerpt":{"rendered":"<p>&#8220;Euroopa tango&#8221; tegevus viib tuleviku Euroopa Liitu, kus unustuseh\u00f5lma on vajunud autod, bussid, telefonid, telekad, kus lihatooted on keelatud ja lehm on vaatamisv\u00e4\u00e4rsus, kus nii k\u00f6\u00f6gis kui magamistoas toimetavad robotid, kus inimene saab vananedes k\u00f5ik oma kulunud organid v\u00e4lja vahetada&#8230;<\/p>\n","protected":false},"featured_media":138842,"template":"","meta":{"_acf_changed":false,"inline_featured_image":false},"product_brand":[],"product_cat":[2429],"product_tag":[],"series":[],"publisher":[{"id":2939,"name":"\u0418\u0437\u0434\u0430\u0442\u0435\u043b\u044c\u0441\u0442\u0432\u043e Aleksandra","slug":"izdatel%ca%b9stvo-aleksandra-2"}],"class_list":{"0":"post-138877","1":"product","2":"type-product","3":"status-publish","4":"has-post-thumbnail","6":"product_cat-rpro-eesti","7":"publisher-izdatelstvo-aleksandra-2","9":"first","10":"instock","11":"taxable","12":"shipping-taxable","13":"purchasable","14":"product-type-simple"},"acf":[],"_links":{"self":[{"href":"https:\/\/exlibris.ee\/en\/wp-json\/wp\/v2\/product\/138877","targetHints":{"allow":["GET"]}}],"collection":[{"href":"https:\/\/exlibris.ee\/en\/wp-json\/wp\/v2\/product"}],"about":[{"href":"https:\/\/exlibris.ee\/en\/wp-json\/wp\/v2\/types\/product"}],"wp:featuredmedia":[{"embeddable":true,"href":"https:\/\/exlibris.ee\/en\/wp-json\/wp\/v2\/media\/138842"}],"wp:attachment":[{"href":"https:\/\/exlibris.ee\/en\/wp-json\/wp\/v2\/media?parent=138877"}],"wp:term":[{"taxonomy":"product_brand","embeddable":true,"href":"https:\/\/exlibris.ee\/en\/wp-json\/wp\/v2\/product_brand?post=138877"},{"taxonomy":"product_cat","embeddable":true,"href":"https:\/\/exlibris.ee\/en\/wp-json\/wp\/v2\/product_cat?post=138877"},{"taxonomy":"product_tag","embeddable":true,"href":"https:\/\/exlibris.ee\/en\/wp-json\/wp\/v2\/product_tag?post=138877"},{"taxonomy":"series","embeddable":true,"href":"https:\/\/exlibris.ee\/en\/wp-json\/wp\/v2\/series?post=138877"},{"taxonomy":"publisher","embeddable":true,"href":"https:\/\/exlibris.ee\/en\/wp-json\/wp\/v2\/publisher?post=138877"}],"curies":[{"name":"wp","href":"https:\/\/api.w.org\/{rel}","templated":true}]}}