{"id":138884,"date":"2025-01-21T07:40:51","date_gmt":"2025-01-21T05:40:51","guid":{"rendered":"https:\/\/exlibris.ee\/toode\/%d0%b7%d0%b0-%d1%8d%d0%ba%d1%80%d0%b0%d0%bd%d0%be%d0%bc\/"},"modified":"2026-04-25T01:42:29","modified_gmt":"2026-04-24T22:42:29","slug":"%d0%b7%d0%b0-%d1%8d%d0%ba%d1%80%d0%b0%d0%bd%d0%be%d0%bc","status":"publish","type":"product","link":"https:\/\/exlibris.ee\/en\/product\/%d0%b7%d0%b0-%d1%8d%d0%ba%d1%80%d0%b0%d0%bd%d0%be%d0%bc\/","title":{"rendered":"\u0417\u0430 \u044d\u043a\u0440\u0430\u043d\u043e\u043c"},"content":{"rendered":"<p>60 aastat \u00fches laboris k\u00fclmutatult lamanud Dmitri \u00e4rkab sellisesse uude ajastusse, kus eakad ei saa mitte pensioni, vaid peavad iga oma j\u00e4rgneva eluaasta eest suure summa maksma v\u00f5i nende elud &#8220;kustutatakse&#8221;. Kas elule naasnud Dmitri on 40ne v\u00f5i 100-aastane? Kas ta peab tasuma j\u00e4\u00e4s oldud aastate eest? Valitsuse russofoobiast haaratud ametnikud \u00fcritavad venelast kustutada&#8230; M\u00f6llavad kired ja hargnevad intriigid. Kas armunud Dmitri leiab maailmas veel riigi, kus Euroopa Liidu r\u00e4iged seadused ei kehti ja kui v\u00e4\u00e4rtustatakse igast rahvusest ja igas vanuses inimest?<\/p>\n","protected":false},"excerpt":{"rendered":"<p>60 aastat \u00fches laboris k\u00fclmutatult lamanud Dmitri \u00e4rkab sellisesse uude ajastusse, kus eakad ei saa mitte pensioni, vaid peavad iga oma j\u00e4rgneva eluaasta eest suure summa maksma v\u00f5i nende elud &#8220;kustutatakse&#8221;. Kas elule naasnud Dmitri on 40ne v\u00f5i 100-aastane? Kas&#8230;<\/p>\n","protected":false},"featured_media":138848,"template":"","meta":{"_acf_changed":false,"inline_featured_image":false},"product_brand":[],"product_cat":[2431],"product_tag":[],"series":[],"publisher":[{"id":2939,"name":"\u0418\u0437\u0434\u0430\u0442\u0435\u043b\u044c\u0441\u0442\u0432\u043e Aleksandra","slug":"izdatel%ca%b9stvo-aleksandra-2"}],"class_list":{"0":"post-138884","1":"product","2":"type-product","3":"status-publish","4":"has-post-thumbnail","6":"product_cat-rpro-vene","7":"publisher-izdatelstvo-aleksandra-2","9":"first","10":"instock","11":"taxable","12":"shipping-taxable","13":"purchasable","14":"product-type-simple"},"acf":[],"_links":{"self":[{"href":"https:\/\/exlibris.ee\/en\/wp-json\/wp\/v2\/product\/138884","targetHints":{"allow":["GET"]}}],"collection":[{"href":"https:\/\/exlibris.ee\/en\/wp-json\/wp\/v2\/product"}],"about":[{"href":"https:\/\/exlibris.ee\/en\/wp-json\/wp\/v2\/types\/product"}],"wp:featuredmedia":[{"embeddable":true,"href":"https:\/\/exlibris.ee\/en\/wp-json\/wp\/v2\/media\/138848"}],"wp:attachment":[{"href":"https:\/\/exlibris.ee\/en\/wp-json\/wp\/v2\/media?parent=138884"}],"wp:term":[{"taxonomy":"product_brand","embeddable":true,"href":"https:\/\/exlibris.ee\/en\/wp-json\/wp\/v2\/product_brand?post=138884"},{"taxonomy":"product_cat","embeddable":true,"href":"https:\/\/exlibris.ee\/en\/wp-json\/wp\/v2\/product_cat?post=138884"},{"taxonomy":"product_tag","embeddable":true,"href":"https:\/\/exlibris.ee\/en\/wp-json\/wp\/v2\/product_tag?post=138884"},{"taxonomy":"series","embeddable":true,"href":"https:\/\/exlibris.ee\/en\/wp-json\/wp\/v2\/series?post=138884"},{"taxonomy":"publisher","embeddable":true,"href":"https:\/\/exlibris.ee\/en\/wp-json\/wp\/v2\/publisher?post=138884"}],"curies":[{"name":"wp","href":"https:\/\/api.w.org\/{rel}","templated":true}]}}