{"id":138886,"date":"2025-01-21T07:40:51","date_gmt":"2025-01-21T05:40:51","guid":{"rendered":"https:\/\/exlibris.ee\/toode\/roovkass-b1-taseme-lugemisraamat\/"},"modified":"2026-04-06T13:11:53","modified_gmt":"2026-04-06T10:11:53","slug":"roovkass-b1-taseme-lugemisraamat","status":"publish","type":"product","link":"https:\/\/exlibris.ee\/en\/product\/roovkass-b1-taseme-lugemisraamat\/","title":{"rendered":"R\u00f6\u00f6vkass B1-taseme lugemisraamat"},"content":{"rendered":"<p>Adapteeritud tekst koos \u00fclesannetega. Hea eesti keele \u00f5ppija! Pane oma keeleteadmised proovile eestikeelse kirjanduse lugemisel. See on vahva hakkamasaamise tunne, mis t\u00f5stab enesehinnangut ja motiveerib edasi keelt \u00f5ppima. M\u00f5eldud B1 tasemele.<\/p>\n","protected":false},"excerpt":{"rendered":"<p>Adapteeritud tekst koos \u00fclesannetega. Hea eesti keele \u00f5ppija! Pane oma keeleteadmised proovile eestikeelse kirjanduse lugemisel. See on vahva hakkamasaamise tunne, mis t\u00f5stab enesehinnangut ja motiveerib edasi keelt \u00f5ppima. M\u00f5eldud B1 tasemele.<\/p>\n","protected":false},"featured_media":138821,"template":"","meta":{"_acf_changed":false,"inline_featured_image":false},"product_brand":[],"product_cat":[876],"product_tag":[],"series":[],"publisher":[{"id":2939,"name":"\u0418\u0437\u0434\u0430\u0442\u0435\u043b\u044c\u0441\u0442\u0432\u043e Aleksandra","slug":"izdatel%ca%b9stvo-aleksandra-2"}],"class_list":{"0":"post-138886","1":"product","2":"type-product","3":"status-publish","4":"has-post-thumbnail","6":"product_cat-lugemine-keeleoppes","7":"publisher-izdatelstvo-aleksandra-2","9":"first","10":"instock","11":"taxable","12":"shipping-taxable","13":"purchasable","14":"product-type-simple"},"acf":[],"_links":{"self":[{"href":"https:\/\/exlibris.ee\/en\/wp-json\/wp\/v2\/product\/138886","targetHints":{"allow":["GET"]}}],"collection":[{"href":"https:\/\/exlibris.ee\/en\/wp-json\/wp\/v2\/product"}],"about":[{"href":"https:\/\/exlibris.ee\/en\/wp-json\/wp\/v2\/types\/product"}],"wp:featuredmedia":[{"embeddable":true,"href":"https:\/\/exlibris.ee\/en\/wp-json\/wp\/v2\/media\/138821"}],"wp:attachment":[{"href":"https:\/\/exlibris.ee\/en\/wp-json\/wp\/v2\/media?parent=138886"}],"wp:term":[{"taxonomy":"product_brand","embeddable":true,"href":"https:\/\/exlibris.ee\/en\/wp-json\/wp\/v2\/product_brand?post=138886"},{"taxonomy":"product_cat","embeddable":true,"href":"https:\/\/exlibris.ee\/en\/wp-json\/wp\/v2\/product_cat?post=138886"},{"taxonomy":"product_tag","embeddable":true,"href":"https:\/\/exlibris.ee\/en\/wp-json\/wp\/v2\/product_tag?post=138886"},{"taxonomy":"series","embeddable":true,"href":"https:\/\/exlibris.ee\/en\/wp-json\/wp\/v2\/series?post=138886"},{"taxonomy":"publisher","embeddable":true,"href":"https:\/\/exlibris.ee\/en\/wp-json\/wp\/v2\/publisher?post=138886"}],"curies":[{"name":"wp","href":"https:\/\/api.w.org\/{rel}","templated":true}]}}