{"id":139509,"date":"2025-01-29T07:30:32","date_gmt":"2025-01-29T05:30:32","guid":{"rendered":"https:\/\/exlibris.ee\/toode\/grammatica-italiana-nuovo-formato-libro\/"},"modified":"2026-04-22T15:30:42","modified_gmt":"2026-04-22T12:30:42","slug":"grammatica-italiana-nuovo-formato-libro","status":"publish","type":"product","link":"https:\/\/exlibris.ee\/en\/product\/grammatica-italiana-nuovo-formato-libro\/","title":{"rendered":"Grammatica italiana &#8211; nuovo formato (libro)"},"content":{"rendered":"<p>Composition: libro | Age: Adults | Level: A1 &#8211; B2 | Questo libro presenta la grammatica italiana in modo semplice ed essenziale. Lo studente potr\u00e0 trovarvi tutte le principali regole della lingua italiana. Ogni argomento \u00e8 spiegato con schemi ed esempi chiari. La grammatica viene affrontata in modo progressivo, dando priorit\u00e0 ai fenomeni linguistici pi\u00f9 frequenti ed utili. Per questo sono evidenziate, se necessario, le forme tipiche della lingua parlata, le espressioni idiomatiche e gergali. Affrontando argomenti spesso trascurati dalle grammatiche tradizionali, il testo pu\u00f2 rappresentare un valido aiuto anche per gli insegnanti. Si segnala, tra l\u00b4altro, per essere stata la prima grammatica ad avere adottato un ordine di presentazione dei casi in cui il genere femminile precede il maschile. L\u00b4appendice contiene un\u00b4utile lista con la coniugazione di tutti i verbi irregolari pi\u00f9 frequenti.<\/p>\n","protected":false},"excerpt":{"rendered":"<p>Composition: libro | Age: Adults | Level: A1 &#8211; B2 | Questo libro presenta la grammatica italiana in modo semplice ed essenziale. Lo studente potr\u00e0 trovarvi tutte le principali regole della lingua italiana. Ogni argomento \u00e8 spiegato con schemi ed&#8230;<\/p>\n","protected":false},"featured_media":409496,"template":"","meta":{"_acf_changed":false,"inline_featured_image":false},"product_brand":[],"product_cat":[888],"product_tag":[],"series":[{"id":2951,"name":"Grammar, Vocabulary and Exercise Books","slug":"grammar-vocabulary-and-exercise-books"}],"publisher":[{"id":1461,"name":"ALMA Edizioni","slug":"alma-edizioni"}],"class_list":{"0":"post-139509","1":"product","2":"type-product","3":"status-publish","4":"has-post-thumbnail","6":"product_cat-itaalia-keel","7":"series-grammar-vocabulary-and-exercise-books","8":"publisher-alma-edizioni","10":"first","11":"onbackorder","12":"taxable","13":"shipping-taxable","14":"purchasable","15":"product-type-simple"},"acf":[],"_links":{"self":[{"href":"https:\/\/exlibris.ee\/en\/wp-json\/wp\/v2\/product\/139509","targetHints":{"allow":["GET"]}}],"collection":[{"href":"https:\/\/exlibris.ee\/en\/wp-json\/wp\/v2\/product"}],"about":[{"href":"https:\/\/exlibris.ee\/en\/wp-json\/wp\/v2\/types\/product"}],"wp:featuredmedia":[{"embeddable":true,"href":"https:\/\/exlibris.ee\/en\/wp-json\/wp\/v2\/media\/409496"}],"wp:attachment":[{"href":"https:\/\/exlibris.ee\/en\/wp-json\/wp\/v2\/media?parent=139509"}],"wp:term":[{"taxonomy":"product_brand","embeddable":true,"href":"https:\/\/exlibris.ee\/en\/wp-json\/wp\/v2\/product_brand?post=139509"},{"taxonomy":"product_cat","embeddable":true,"href":"https:\/\/exlibris.ee\/en\/wp-json\/wp\/v2\/product_cat?post=139509"},{"taxonomy":"product_tag","embeddable":true,"href":"https:\/\/exlibris.ee\/en\/wp-json\/wp\/v2\/product_tag?post=139509"},{"taxonomy":"series","embeddable":true,"href":"https:\/\/exlibris.ee\/en\/wp-json\/wp\/v2\/series?post=139509"},{"taxonomy":"publisher","embeddable":true,"href":"https:\/\/exlibris.ee\/en\/wp-json\/wp\/v2\/publisher?post=139509"}],"curies":[{"name":"wp","href":"https:\/\/api.w.org\/{rel}","templated":true}]}}