{"id":140262,"date":"2025-02-11T21:27:53","date_gmt":"2025-02-11T19:27:53","guid":{"rendered":"https:\/\/exlibris.ee\/toode\/krieg\/"},"modified":"2026-04-12T15:18:22","modified_gmt":"2026-04-12T12:18:22","slug":"krieg","status":"publish","type":"product","link":"https:\/\/exlibris.ee\/en\/product\/krieg\/","title":{"rendered":"Krieg"},"content":{"rendered":"<p>Achim Seiffarth Ein Lese-und Arbeitsbuch Bilder, Gestalten und Worte des Krieges sind Teil unserer Vorstellungswelt. Auf Kriege gr\u00fcnden sich Erz\u00e4hlungen, Romane und Theaterst\u00fccke der deutschen und der europ\u00e4ischen Literaturgeschichte. In sieben thematischen Einheiten stellt das vorliegende Werk das Kriegsmotiv von verschiedenen Seiten dar. Die Einheiten sind chronologisch geordnet und umfassen die Zeitspanne von 1815 bis zum Zweiten Golfkrieg im Jahre 2003. Dabei werden auch zwei sonst \u00fcbergangene Kapitel der deutschen Geschichte behandelt: die deutschen Kolonialkriege und der Spanienkrieg. So sind Verbindungen zu Kunst und Kultur des Englischen, Spanischen und Franz\u00f6sischen wie zu grundlegenden Begriffen der Philosophie, der Geschichte und anderer Disziplinen leicht herzustellen. Das Werk ist daher f\u00fcr f\u00e4cher\u00fcbergreifendes Arbeiten besonders geeignet . Eine F\u00fclle von Aufgaben und Aktivit\u00e4ten zur Interpretation, zur Projektarbeit und zur Diskussion erleichtern den Umgang mit den zahlreichen Texten verschiedenster Autoren. In die Textauswahl sind auch Zeitungsartikel, historische Dokumente und Kommentare sowie Briefe eingegangen. Das Werk enth\u00e4lt Texte von Kleist, Grabbe, Fontane, Schnitzler, Rilke, J\u00fcnger, Remarque, Brecht, Enzensberger und Handke sowie journalistische und sonstige Gebrauchstexte.<\/p>\n","protected":false},"excerpt":{"rendered":"<p>Achim Seiffarth Ein Lese-und Arbeitsbuch Bilder, Gestalten und Worte des Krieges sind Teil unserer Vorstellungswelt. Auf Kriege gr\u00fcnden sich Erz\u00e4hlungen, Romane und Theaterst\u00fccke der deutschen und der europ\u00e4ischen Literaturgeschichte. In sieben thematischen Einheiten stellt das vorliegende Werk das Kriegsmotiv von&#8230;<\/p>\n","protected":false},"featured_media":140609,"template":"","meta":{"_acf_changed":false,"inline_featured_image":false},"product_brand":[],"product_cat":[851],"product_tag":[],"series":[],"publisher":[{"id":1584,"name":"Cideb","slug":"cideb"}],"class_list":{"0":"post-140262","1":"product","2":"type-product","3":"status-publish","4":"has-post-thumbnail","6":"product_cat-lesetexte-deutsch","7":"publisher-cideb","9":"first","10":"instock","11":"taxable","12":"shipping-taxable","13":"purchasable","14":"product-type-simple"},"acf":[],"_links":{"self":[{"href":"https:\/\/exlibris.ee\/en\/wp-json\/wp\/v2\/product\/140262","targetHints":{"allow":["GET"]}}],"collection":[{"href":"https:\/\/exlibris.ee\/en\/wp-json\/wp\/v2\/product"}],"about":[{"href":"https:\/\/exlibris.ee\/en\/wp-json\/wp\/v2\/types\/product"}],"wp:featuredmedia":[{"embeddable":true,"href":"https:\/\/exlibris.ee\/en\/wp-json\/wp\/v2\/media\/140609"}],"wp:attachment":[{"href":"https:\/\/exlibris.ee\/en\/wp-json\/wp\/v2\/media?parent=140262"}],"wp:term":[{"taxonomy":"product_brand","embeddable":true,"href":"https:\/\/exlibris.ee\/en\/wp-json\/wp\/v2\/product_brand?post=140262"},{"taxonomy":"product_cat","embeddable":true,"href":"https:\/\/exlibris.ee\/en\/wp-json\/wp\/v2\/product_cat?post=140262"},{"taxonomy":"product_tag","embeddable":true,"href":"https:\/\/exlibris.ee\/en\/wp-json\/wp\/v2\/product_tag?post=140262"},{"taxonomy":"series","embeddable":true,"href":"https:\/\/exlibris.ee\/en\/wp-json\/wp\/v2\/series?post=140262"},{"taxonomy":"publisher","embeddable":true,"href":"https:\/\/exlibris.ee\/en\/wp-json\/wp\/v2\/publisher?post=140262"}],"curies":[{"name":"wp","href":"https:\/\/api.w.org\/{rel}","templated":true}]}}