{"id":140289,"date":"2025-02-12T07:37:06","date_gmt":"2025-02-12T05:37:06","guid":{"rendered":"https:\/\/exlibris.ee\/toode\/miteinander-deutsch-fur-alltag-und-beruf-b1-2-lehrerhandbuch\/"},"modified":"2026-04-18T15:33:54","modified_gmt":"2026-04-18T12:33:54","slug":"miteinander-deutsch-fur-alltag-und-beruf-b1-2-lehrerhandbuch","status":"publish","type":"product","link":"https:\/\/exlibris.ee\/en\/product\/miteinander-deutsch-fur-alltag-und-beruf-b1-2-lehrerhandbuch\/","title":{"rendered":"Miteinander! Deutsch f\u00fcr Alltag und Beruf B1.2 \/ Lehrerhandbuch"},"content":{"rendered":"<p>Zielniveau B1.2. Materialien f\u00fcr Kursleitende, erh\u00e4ltlich als gedrucktes Lehrerhandbuch oder als Digitaler Unterrichtsplaner &#8211; Erweiterungsmaterial innerhalb der iV, erwerbbar \u00fcber einen Code.. Enthalten sind:. &#8211; Konzeptbeschreibung des Lehrwerks. &#8211; Didaktik-Glossar. &#8211; Unterrichtspl\u00e4ne f\u00fcr jede Lektion mit zahlreichen Hinweisen, Tipps, Zusatzmaterialien und Vorschl\u00e4gen f\u00fcr Variationen und Erg\u00e4nzungen im Unterrichtsablauf. &#8211; Methoden-Glossar. &#8211; Tipps f\u00fcr den digitalen Unterricht. &#8211; Schnelltests (je ein Test pro Lektion). &#8211; Kopiervorlagen passend zum Lernstoff in den Lektionen. &#8211; Evaluierungsb\u00f6gen f\u00fcr die Lernfortschrittstests im Arbeitsbuch<\/p>\n","protected":false},"excerpt":{"rendered":"<p>Zielniveau B1.2. Materialien f\u00fcr Kursleitende, erh\u00e4ltlich als gedrucktes Lehrerhandbuch oder als Digitaler Unterrichtsplaner &#8211; Erweiterungsmaterial innerhalb der iV, erwerbbar \u00fcber einen Code.. Enthalten sind:. &#8211; Konzeptbeschreibung des Lehrwerks. &#8211; Didaktik-Glossar. &#8211; Unterrichtspl\u00e4ne f\u00fcr jede Lektion mit zahlreichen Hinweisen, Tipps, Zusatzmaterialien&#8230;<\/p>\n","protected":false},"featured_media":337869,"template":"","meta":{"_acf_changed":false,"inline_featured_image":false},"product_brand":[],"product_cat":[885],"product_tag":[],"series":[{"id":2966,"name":"Miteinander! Deutsch f\u00fcr Alltag und Beruf","slug":"miteinander-deutsch-fur-alltag-und-beruf"}],"publisher":[{"id":497,"name":"Hueber Verlag","slug":"hueber-verlag"}],"class_list":{"0":"post-140289","1":"product","2":"type-product","3":"status-publish","4":"has-post-thumbnail","6":"product_cat-berufssprache","7":"series-miteinander-deutsch-fur-alltag-und-beruf","8":"publisher-hueber-verlag","10":"first","11":"onbackorder","12":"taxable","13":"shipping-taxable","14":"purchasable","15":"product-type-simple"},"acf":[],"_links":{"self":[{"href":"https:\/\/exlibris.ee\/en\/wp-json\/wp\/v2\/product\/140289","targetHints":{"allow":["GET"]}}],"collection":[{"href":"https:\/\/exlibris.ee\/en\/wp-json\/wp\/v2\/product"}],"about":[{"href":"https:\/\/exlibris.ee\/en\/wp-json\/wp\/v2\/types\/product"}],"wp:featuredmedia":[{"embeddable":true,"href":"https:\/\/exlibris.ee\/en\/wp-json\/wp\/v2\/media\/337869"}],"wp:attachment":[{"href":"https:\/\/exlibris.ee\/en\/wp-json\/wp\/v2\/media?parent=140289"}],"wp:term":[{"taxonomy":"product_brand","embeddable":true,"href":"https:\/\/exlibris.ee\/en\/wp-json\/wp\/v2\/product_brand?post=140289"},{"taxonomy":"product_cat","embeddable":true,"href":"https:\/\/exlibris.ee\/en\/wp-json\/wp\/v2\/product_cat?post=140289"},{"taxonomy":"product_tag","embeddable":true,"href":"https:\/\/exlibris.ee\/en\/wp-json\/wp\/v2\/product_tag?post=140289"},{"taxonomy":"series","embeddable":true,"href":"https:\/\/exlibris.ee\/en\/wp-json\/wp\/v2\/series?post=140289"},{"taxonomy":"publisher","embeddable":true,"href":"https:\/\/exlibris.ee\/en\/wp-json\/wp\/v2\/publisher?post=140289"}],"curies":[{"name":"wp","href":"https:\/\/api.w.org\/{rel}","templated":true}]}}