{"id":140451,"date":"2025-02-12T09:16:35","date_gmt":"2025-02-12T07:16:35","guid":{"rendered":"https:\/\/exlibris.ee\/toode\/in-der-kuche-kinderbuch-deutsch-ukrainisch\/"},"modified":"2026-04-03T09:20:25","modified_gmt":"2026-04-03T06:20:25","slug":"in-der-kuche-kinderbuch-deutsch-ukrainisch","status":"publish","type":"product","link":"https:\/\/exlibris.ee\/en\/product\/in-der-kuche-kinderbuch-deutsch-ukrainisch\/","title":{"rendered":"In der K\u00fcche \/ Kinderbuch Deutsch-Ukrainisch"},"content":{"rendered":"<p>Zweisprachiges Kinderbuch Deutsch-Ukrainisch ab 3 Jahren. Luna liebt es, beim Kochen zu helfen. In der K\u00fcche kennt sie sich schon gut aus!. Durchgehend farbig illustriert, mit Wort-Bild-Leiste auf jeder Seite . F\u00fcr weitere Sprachen erh\u00e4ltlich<\/p>\n","protected":false},"excerpt":{"rendered":"<p>Zweisprachiges Kinderbuch Deutsch-Ukrainisch ab 3 Jahren. Luna liebt es, beim Kochen zu helfen. In der K\u00fcche kennt sie sich schon gut aus!. Durchgehend farbig illustriert, mit Wort-Bild-Leiste auf jeder Seite . F\u00fcr weitere Sprachen erh\u00e4ltlich<\/p>\n","protected":false},"featured_media":140435,"template":"","meta":{"_acf_changed":false,"inline_featured_image":false},"product_brand":[],"product_cat":[851],"product_tag":[],"series":[{"id":2973,"name":"In der K\u00fcche","slug":"in-der-kuche"}],"publisher":[{"id":1305,"name":"Edition bi:libri","slug":"edition-bilibri"}],"class_list":{"0":"post-140451","1":"product","2":"type-product","3":"status-publish","4":"has-post-thumbnail","6":"product_cat-lesetexte-deutsch","7":"series-in-der-kuche","8":"publisher-edition-bilibri","10":"first","11":"onbackorder","12":"taxable","13":"shipping-taxable","14":"purchasable","15":"product-type-simple"},"acf":[],"_links":{"self":[{"href":"https:\/\/exlibris.ee\/en\/wp-json\/wp\/v2\/product\/140451","targetHints":{"allow":["GET"]}}],"collection":[{"href":"https:\/\/exlibris.ee\/en\/wp-json\/wp\/v2\/product"}],"about":[{"href":"https:\/\/exlibris.ee\/en\/wp-json\/wp\/v2\/types\/product"}],"wp:featuredmedia":[{"embeddable":true,"href":"https:\/\/exlibris.ee\/en\/wp-json\/wp\/v2\/media\/140435"}],"wp:attachment":[{"href":"https:\/\/exlibris.ee\/en\/wp-json\/wp\/v2\/media?parent=140451"}],"wp:term":[{"taxonomy":"product_brand","embeddable":true,"href":"https:\/\/exlibris.ee\/en\/wp-json\/wp\/v2\/product_brand?post=140451"},{"taxonomy":"product_cat","embeddable":true,"href":"https:\/\/exlibris.ee\/en\/wp-json\/wp\/v2\/product_cat?post=140451"},{"taxonomy":"product_tag","embeddable":true,"href":"https:\/\/exlibris.ee\/en\/wp-json\/wp\/v2\/product_tag?post=140451"},{"taxonomy":"series","embeddable":true,"href":"https:\/\/exlibris.ee\/en\/wp-json\/wp\/v2\/series?post=140451"},{"taxonomy":"publisher","embeddable":true,"href":"https:\/\/exlibris.ee\/en\/wp-json\/wp\/v2\/publisher?post=140451"}],"curies":[{"name":"wp","href":"https:\/\/api.w.org\/{rel}","templated":true}]}}