{"id":140452,"date":"2025-02-12T09:16:35","date_gmt":"2025-02-12T07:16:35","guid":{"rendered":"https:\/\/exlibris.ee\/toode\/jana-und-dino-plus-1-deutsch-fur-kinder-arbeitsbuch-plus-interaktive-version\/"},"modified":"2026-04-07T21:26:33","modified_gmt":"2026-04-07T18:26:33","slug":"jana-und-dino-plus-1-deutsch-fur-kinder-arbeitsbuch-plus-interaktive-version","status":"publish","type":"product","link":"https:\/\/exlibris.ee\/en\/product\/jana-und-dino-plus-1-deutsch-fur-kinder-arbeitsbuch-plus-interaktive-version\/","title":{"rendered":"Jana und Dino PLUS 1  \/ Deutsch f\u00fcr Kinder \/ Arbeitsbuch plus interaktive Version"},"content":{"rendered":"<p>Jana und Dino PLUS 1, Arbeitsbuch inklusive Code zur interaktiven Version. F\u00fcrnicht alphabetisierte Kinder bzw. Kinder, die parallel in ihrer Muttersprache alphabetisiert werden.. Band 1: H\u00f6ren und Sprechen . Jana und Dino PLUS vermittelt handlungsorientiert und kommunikativ die deutsche Sprache auf der Basis einer humorvollen Protagonistengeschichte.. Die Sprache erfolgt imitativ mit einer sanften Hinf\u00fchrung zu erstem Lesen und Schreiben.. Im Vordergrund steht das rhythmisierte Lernen mit zus\u00e4tzlichen \u00dcbungen zum Malen, Ausschneiden, R\u00e4tseln und Basteln, die die Kinder zum Sprechen animieren.. Sprechblasen mit Musterl\u00f6sungen helfen Lehrenden, Eltern und Kindern.. In der interaktiven Version sind alle digitalen Features sofort griffbereit: liebevoll animierte Bildgeschichten, zahlreiche interaktive Spiele und neue Features zur digitalen Pr\u00e4sentation der Bildgeschichten als Slideshow, zum Sortieren etc.<\/p>\n","protected":false},"excerpt":{"rendered":"<p>Jana und Dino PLUS 1, Arbeitsbuch inklusive Code zur interaktiven Version. F\u00fcrnicht alphabetisierte Kinder bzw. Kinder, die parallel in ihrer Muttersprache alphabetisiert werden.. Band 1: H\u00f6ren und Sprechen . Jana und Dino PLUS vermittelt handlungsorientiert und kommunikativ die deutsche Sprache&#8230;<\/p>\n","protected":false},"featured_media":140438,"template":"","meta":{"_acf_changed":false,"inline_featured_image":false},"product_brand":[],"product_cat":[471],"product_tag":[],"series":[{"id":2974,"name":"Jana und Dino PLUS","slug":"jana-und-dino-plus"}],"publisher":[{"id":497,"name":"Hueber Verlag","slug":"hueber-verlag"}],"class_list":{"0":"post-140452","1":"product","2":"type-product","3":"status-publish","4":"has-post-thumbnail","6":"product_cat-lehrwerke-fur-kinder","7":"series-jana-und-dino-plus","8":"publisher-hueber-verlag","10":"first","11":"instock","12":"taxable","13":"shipping-taxable","14":"purchasable","15":"product-type-simple"},"acf":[],"_links":{"self":[{"href":"https:\/\/exlibris.ee\/en\/wp-json\/wp\/v2\/product\/140452","targetHints":{"allow":["GET"]}}],"collection":[{"href":"https:\/\/exlibris.ee\/en\/wp-json\/wp\/v2\/product"}],"about":[{"href":"https:\/\/exlibris.ee\/en\/wp-json\/wp\/v2\/types\/product"}],"wp:featuredmedia":[{"embeddable":true,"href":"https:\/\/exlibris.ee\/en\/wp-json\/wp\/v2\/media\/140438"}],"wp:attachment":[{"href":"https:\/\/exlibris.ee\/en\/wp-json\/wp\/v2\/media?parent=140452"}],"wp:term":[{"taxonomy":"product_brand","embeddable":true,"href":"https:\/\/exlibris.ee\/en\/wp-json\/wp\/v2\/product_brand?post=140452"},{"taxonomy":"product_cat","embeddable":true,"href":"https:\/\/exlibris.ee\/en\/wp-json\/wp\/v2\/product_cat?post=140452"},{"taxonomy":"product_tag","embeddable":true,"href":"https:\/\/exlibris.ee\/en\/wp-json\/wp\/v2\/product_tag?post=140452"},{"taxonomy":"series","embeddable":true,"href":"https:\/\/exlibris.ee\/en\/wp-json\/wp\/v2\/series?post=140452"},{"taxonomy":"publisher","embeddable":true,"href":"https:\/\/exlibris.ee\/en\/wp-json\/wp\/v2\/publisher?post=140452"}],"curies":[{"name":"wp","href":"https:\/\/api.w.org\/{rel}","templated":true}]}}