{"id":140475,"date":"2025-02-12T09:22:17","date_gmt":"2025-02-12T07:22:17","guid":{"rendered":"https:\/\/exlibris.ee\/toode\/schritte-plus-neu-12-start-deutsch-1-prufungsheft-mit-audios-online\/"},"modified":"2026-04-13T05:38:08","modified_gmt":"2026-04-13T02:38:08","slug":"schritte-plus-neu-12-start-deutsch-1-prufungsheft-mit-audios-online","status":"publish","type":"product","link":"https:\/\/exlibris.ee\/en\/product\/schritte-plus-neu-12-start-deutsch-1-prufungsheft-mit-audios-online\/","title":{"rendered":"Schritte plus Neu 1+2 \/ Start Deutsch 1 \/ Pr\u00fcfungsheft mit Audios online"},"content":{"rendered":"<p>Niveau A1. Mit diesem Pr\u00fcfungsheft k\u00f6nnen Lernende . &#8211; feststellen, was in der Pr\u00fcfung Start Deutsch 1 verlangt wird.. &#8211; sich selbst testen und ihren Leistungsstand einsch\u00e4tzen.. &#8211; sich mithilfe von Tipps gezielt auf die Pr\u00fcfung vorbereiten.<\/p>\n","protected":false},"excerpt":{"rendered":"<p>Niveau A1. Mit diesem Pr\u00fcfungsheft k\u00f6nnen Lernende . &#8211; feststellen, was in der Pr\u00fcfung Start Deutsch 1 verlangt wird.. &#8211; sich selbst testen und ihren Leistungsstand einsch\u00e4tzen.. &#8211; sich mithilfe von Tipps gezielt auf die Pr\u00fcfung vorbereiten.<\/p>\n","protected":false},"featured_media":236239,"template":"","meta":{"_acf_changed":false,"inline_featured_image":false},"product_brand":[],"product_cat":[1121],"product_tag":[],"series":[{"id":1257,"name":"Schritte plus Neu","slug":"schritte-plus-neu"}],"publisher":[{"id":497,"name":"Hueber Verlag","slug":"hueber-verlag"}],"class_list":{"0":"post-140475","1":"product","2":"type-product","3":"status-publish","4":"has-post-thumbnail","6":"product_cat-lehrwerke-fur-jugendliche-und-erwachsene","7":"series-schritte-plus-neu","8":"publisher-hueber-verlag","10":"first","11":"onbackorder","12":"taxable","13":"shipping-taxable","14":"purchasable","15":"product-type-simple"},"acf":[],"_links":{"self":[{"href":"https:\/\/exlibris.ee\/en\/wp-json\/wp\/v2\/product\/140475","targetHints":{"allow":["GET"]}}],"collection":[{"href":"https:\/\/exlibris.ee\/en\/wp-json\/wp\/v2\/product"}],"about":[{"href":"https:\/\/exlibris.ee\/en\/wp-json\/wp\/v2\/types\/product"}],"wp:featuredmedia":[{"embeddable":true,"href":"https:\/\/exlibris.ee\/en\/wp-json\/wp\/v2\/media\/236239"}],"wp:attachment":[{"href":"https:\/\/exlibris.ee\/en\/wp-json\/wp\/v2\/media?parent=140475"}],"wp:term":[{"taxonomy":"product_brand","embeddable":true,"href":"https:\/\/exlibris.ee\/en\/wp-json\/wp\/v2\/product_brand?post=140475"},{"taxonomy":"product_cat","embeddable":true,"href":"https:\/\/exlibris.ee\/en\/wp-json\/wp\/v2\/product_cat?post=140475"},{"taxonomy":"product_tag","embeddable":true,"href":"https:\/\/exlibris.ee\/en\/wp-json\/wp\/v2\/product_tag?post=140475"},{"taxonomy":"series","embeddable":true,"href":"https:\/\/exlibris.ee\/en\/wp-json\/wp\/v2\/series?post=140475"},{"taxonomy":"publisher","embeddable":true,"href":"https:\/\/exlibris.ee\/en\/wp-json\/wp\/v2\/publisher?post=140475"}],"curies":[{"name":"wp","href":"https:\/\/api.w.org\/{rel}","templated":true}]}}