{"id":140476,"date":"2025-02-12T09:22:18","date_gmt":"2025-02-12T07:22:18","guid":{"rendered":"https:\/\/exlibris.ee\/toode\/menschen-a2-intensivtrainer-mit-audios-online\/"},"modified":"2026-04-17T17:29:58","modified_gmt":"2026-04-17T14:29:58","slug":"menschen-a2-intensivtrainer-mit-audios-online","status":"publish","type":"product","link":"https:\/\/exlibris.ee\/en\/product\/menschen-a2-intensivtrainer-mit-audios-online\/","title":{"rendered":"Menschen A2 \/ Intensivtrainer mit Audios online"},"content":{"rendered":"<p>Zielniveau A2. Der Intensivtrainer erm\u00f6glicht das selbstst\u00e4ndige \u00dcben und Wiederholen des Lernstoffs.. Passend zu jeder Kursbuchlektion gibt es auf drei Seiten \u00dcbungen zu Grammatik, Wortschatz und Redemittel und am Lektionsende wird abwechselnd jeweils eine der Fertigkeiten H\u00f6ren, Lesen und Schreiben trainiert.. Nach jedem Modul bieten Lese- oder H\u00f6rtexte landeskundliche Informationen und Aufgaben zum Alltag.<\/p>\n","protected":false},"excerpt":{"rendered":"<p>Zielniveau A2. Der Intensivtrainer erm\u00f6glicht das selbstst\u00e4ndige \u00dcben und Wiederholen des Lernstoffs.. Passend zu jeder Kursbuchlektion gibt es auf drei Seiten \u00dcbungen zu Grammatik, Wortschatz und Redemittel und am Lektionsende wird abwechselnd jeweils eine der Fertigkeiten H\u00f6ren, Lesen und Schreiben&#8230;<\/p>\n","protected":false},"featured_media":321543,"template":"","meta":{"_acf_changed":false,"inline_featured_image":false},"product_brand":[],"product_cat":[477],"product_tag":[],"series":[{"id":2109,"name":"Menschen","slug":"menschen"}],"publisher":[{"id":497,"name":"Hueber Verlag","slug":"hueber-verlag"}],"class_list":{"0":"post-140476","1":"product","2":"type-product","3":"status-publish","4":"has-post-thumbnail","6":"product_cat-lehrwerke-fur-jugendliche","7":"series-menschen","8":"publisher-hueber-verlag","10":"first","11":"onbackorder","12":"taxable","13":"shipping-taxable","14":"purchasable","15":"product-type-simple"},"acf":[],"_links":{"self":[{"href":"https:\/\/exlibris.ee\/en\/wp-json\/wp\/v2\/product\/140476","targetHints":{"allow":["GET"]}}],"collection":[{"href":"https:\/\/exlibris.ee\/en\/wp-json\/wp\/v2\/product"}],"about":[{"href":"https:\/\/exlibris.ee\/en\/wp-json\/wp\/v2\/types\/product"}],"wp:featuredmedia":[{"embeddable":true,"href":"https:\/\/exlibris.ee\/en\/wp-json\/wp\/v2\/media\/321543"}],"wp:attachment":[{"href":"https:\/\/exlibris.ee\/en\/wp-json\/wp\/v2\/media?parent=140476"}],"wp:term":[{"taxonomy":"product_brand","embeddable":true,"href":"https:\/\/exlibris.ee\/en\/wp-json\/wp\/v2\/product_brand?post=140476"},{"taxonomy":"product_cat","embeddable":true,"href":"https:\/\/exlibris.ee\/en\/wp-json\/wp\/v2\/product_cat?post=140476"},{"taxonomy":"product_tag","embeddable":true,"href":"https:\/\/exlibris.ee\/en\/wp-json\/wp\/v2\/product_tag?post=140476"},{"taxonomy":"series","embeddable":true,"href":"https:\/\/exlibris.ee\/en\/wp-json\/wp\/v2\/series?post=140476"},{"taxonomy":"publisher","embeddable":true,"href":"https:\/\/exlibris.ee\/en\/wp-json\/wp\/v2\/publisher?post=140476"}],"curies":[{"name":"wp","href":"https:\/\/api.w.org\/{rel}","templated":true}]}}