{"id":140505,"date":"2025-02-12T09:25:10","date_gmt":"2025-02-12T07:25:10","guid":{"rendered":"https:\/\/exlibris.ee\/toode\/deutsch-turbo-materialien-fur-den-job-bsk-arbeitsbuch-plus-interaktive-version\/"},"modified":"2026-04-17T17:31:45","modified_gmt":"2026-04-17T14:31:45","slug":"deutsch-turbo-materialien-fur-den-job-bsk-arbeitsbuch-plus-interaktive-version","status":"publish","type":"product","link":"https:\/\/exlibris.ee\/en\/product\/deutsch-turbo-materialien-fur-den-job-bsk-arbeitsbuch-plus-interaktive-version\/","title":{"rendered":"Deutsch-Turbo \/ Materialien f\u00fcr den Job-BSK \/ Arbeitsbuch plus interaktive Version"},"content":{"rendered":"<p>Niveau A2. Deutsch-Turbo Arbeitsbuch inklusive Code zur interaktiven Version . \u2022Vertiefen und \u00dcben von Grammatik, Wortschatz und Redemitteln . \u2022\u00dcbersicht \u00fcber den Lernwortschatz der Lektion. Die inkludierte interaktive Version des Arbeitsbuchs enth\u00e4lt:. \u2022digitales Arbeitsbuch f\u00fcr Whiteboard, PC\/Mac und Tablet. \u2022integrierte Audiodateien sowieinteraktiv umgesetzte \u00dcbungen aus dem Arbeitsbuch. \u2022integrierte Whiteboard-Werkzeuge zum Markieren, Kommentieren und Pr\u00e4sentieren. \u2022intuitiv und ohne Einf\u00fchrung sofort einsetzbar. \u2022Nutzung auf allen Ger\u00e4ten und allen g\u00e4ngigen Browsern. \u2022offline verf\u00fcgbar \u00fcber die Hueber-interaktiv-App und als Kopie auf USB-Stick<\/p>\n","protected":false},"excerpt":{"rendered":"<p>Niveau A2. Deutsch-Turbo Arbeitsbuch inklusive Code zur interaktiven Version . \u2022Vertiefen und \u00dcben von Grammatik, Wortschatz und Redemitteln . \u2022\u00dcbersicht \u00fcber den Lernwortschatz der Lektion. Die inkludierte interaktive Version des Arbeitsbuchs enth\u00e4lt:. \u2022digitales Arbeitsbuch f\u00fcr Whiteboard, PC\/Mac und Tablet. \u2022integrierte&#8230;<\/p>\n","protected":false},"featured_media":321616,"template":"","meta":{"_acf_changed":false,"inline_featured_image":false},"product_brand":[],"product_cat":[885],"product_tag":[],"series":[{"id":2976,"name":"Deutsch-Turbo","slug":"deutsch-turbo"}],"publisher":[{"id":497,"name":"Hueber Verlag","slug":"hueber-verlag"}],"class_list":{"0":"post-140505","1":"product","2":"type-product","3":"status-publish","4":"has-post-thumbnail","6":"product_cat-berufssprache","7":"series-deutsch-turbo","8":"publisher-hueber-verlag","10":"first","11":"onbackorder","12":"taxable","13":"shipping-taxable","14":"purchasable","15":"product-type-simple"},"acf":[],"_links":{"self":[{"href":"https:\/\/exlibris.ee\/en\/wp-json\/wp\/v2\/product\/140505","targetHints":{"allow":["GET"]}}],"collection":[{"href":"https:\/\/exlibris.ee\/en\/wp-json\/wp\/v2\/product"}],"about":[{"href":"https:\/\/exlibris.ee\/en\/wp-json\/wp\/v2\/types\/product"}],"wp:featuredmedia":[{"embeddable":true,"href":"https:\/\/exlibris.ee\/en\/wp-json\/wp\/v2\/media\/321616"}],"wp:attachment":[{"href":"https:\/\/exlibris.ee\/en\/wp-json\/wp\/v2\/media?parent=140505"}],"wp:term":[{"taxonomy":"product_brand","embeddable":true,"href":"https:\/\/exlibris.ee\/en\/wp-json\/wp\/v2\/product_brand?post=140505"},{"taxonomy":"product_cat","embeddable":true,"href":"https:\/\/exlibris.ee\/en\/wp-json\/wp\/v2\/product_cat?post=140505"},{"taxonomy":"product_tag","embeddable":true,"href":"https:\/\/exlibris.ee\/en\/wp-json\/wp\/v2\/product_tag?post=140505"},{"taxonomy":"series","embeddable":true,"href":"https:\/\/exlibris.ee\/en\/wp-json\/wp\/v2\/series?post=140505"},{"taxonomy":"publisher","embeddable":true,"href":"https:\/\/exlibris.ee\/en\/wp-json\/wp\/v2\/publisher?post=140505"}],"curies":[{"name":"wp","href":"https:\/\/api.w.org\/{rel}","templated":true}]}}