{"id":140572,"date":"2025-02-12T09:28:10","date_gmt":"2025-02-12T07:28:10","guid":{"rendered":"https:\/\/exlibris.ee\/toode\/normans-erster-tag-im-dinokindergarten-kinderbuch-deutsch-turkisch-mit-mp3-horbuch-zum-herunterladen\/"},"modified":"2026-04-04T05:14:30","modified_gmt":"2026-04-04T02:14:30","slug":"normans-erster-tag-im-dinokindergarten-kinderbuch-deutsch-turkisch-mit-mp3-horbuch-zum-herunterladen","status":"publish","type":"product","link":"https:\/\/exlibris.ee\/en\/product\/normans-erster-tag-im-dinokindergarten-kinderbuch-deutsch-turkisch-mit-mp3-horbuch-zum-herunterladen\/","title":{"rendered":"Normans erster Tag im Dinokindergarten \/ Kinderbuch Deutsch-T\u00fcrkisch mit MP3-H\u00f6rbuch zum Herunterladen"},"content":{"rendered":"<p>Zweisprachiges Kinderbuch Deutsch-T\u00fcrkisch ab 4 Jahren. Es ist Normans erster Tag in der Spielgruppe, und wer w\u00e4re da nicht nerv\u00f6s? Erst mal tut Norman, was er am besten kann: Er macht sich unsichtbar. Doch dann gelingt es ihm mithilfe eines neuen Freundes und ein klein wenig Magie, seine \u00c4ngste zu \u00fcberwinden.. In gewohnt quirlig-bunten Bildern pr\u00e4sentiert Sean Julian seine niedlichen Dinos. Zugleich n\u00e4hert er sich mit viel Fingerspitzengef\u00fchl dem Thema Sch\u00fcchternheit.. Durchgehend farbig illustriert, mit H\u00f6rbuch als MP3-Download in 9 Sprachen.. F\u00fcr weitere Sprachen erh\u00e4ltlich.<\/p>\n","protected":false},"excerpt":{"rendered":"<p>Zweisprachiges Kinderbuch Deutsch-T\u00fcrkisch ab 4 Jahren. Es ist Normans erster Tag in der Spielgruppe, und wer w\u00e4re da nicht nerv\u00f6s? Erst mal tut Norman, was er am besten kann: Er macht sich unsichtbar. Doch dann gelingt es ihm mithilfe eines&#8230;<\/p>\n","protected":false},"featured_media":140525,"template":"","meta":{"_acf_changed":false,"inline_featured_image":false},"product_brand":[],"product_cat":[851],"product_tag":[],"series":[{"id":2977,"name":"Normans erster Tag im Dinokindergarten","slug":"normans-erster-tag-im-dinokindergarten"}],"publisher":[{"id":1308,"name":"NordS\u00fcd","slug":"nordsud"}],"class_list":{"0":"post-140572","1":"product","2":"type-product","3":"status-publish","4":"has-post-thumbnail","6":"product_cat-lesetexte-deutsch","7":"series-normans-erster-tag-im-dinokindergarten","8":"publisher-nordsud","10":"first","11":"onbackorder","12":"taxable","13":"shipping-taxable","14":"purchasable","15":"product-type-simple"},"acf":[],"_links":{"self":[{"href":"https:\/\/exlibris.ee\/en\/wp-json\/wp\/v2\/product\/140572","targetHints":{"allow":["GET"]}}],"collection":[{"href":"https:\/\/exlibris.ee\/en\/wp-json\/wp\/v2\/product"}],"about":[{"href":"https:\/\/exlibris.ee\/en\/wp-json\/wp\/v2\/types\/product"}],"wp:featuredmedia":[{"embeddable":true,"href":"https:\/\/exlibris.ee\/en\/wp-json\/wp\/v2\/media\/140525"}],"wp:attachment":[{"href":"https:\/\/exlibris.ee\/en\/wp-json\/wp\/v2\/media?parent=140572"}],"wp:term":[{"taxonomy":"product_brand","embeddable":true,"href":"https:\/\/exlibris.ee\/en\/wp-json\/wp\/v2\/product_brand?post=140572"},{"taxonomy":"product_cat","embeddable":true,"href":"https:\/\/exlibris.ee\/en\/wp-json\/wp\/v2\/product_cat?post=140572"},{"taxonomy":"product_tag","embeddable":true,"href":"https:\/\/exlibris.ee\/en\/wp-json\/wp\/v2\/product_tag?post=140572"},{"taxonomy":"series","embeddable":true,"href":"https:\/\/exlibris.ee\/en\/wp-json\/wp\/v2\/series?post=140572"},{"taxonomy":"publisher","embeddable":true,"href":"https:\/\/exlibris.ee\/en\/wp-json\/wp\/v2\/publisher?post=140572"}],"curies":[{"name":"wp","href":"https:\/\/api.w.org\/{rel}","templated":true}]}}