{"id":140988,"date":"2025-02-22T01:28:33","date_gmt":"2025-02-21T23:28:33","guid":{"rendered":"https:\/\/exlibris.ee\/toode\/deutsch-mit-spass-und-spiel\/"},"modified":"2026-04-05T15:22:54","modified_gmt":"2026-04-05T12:22:54","slug":"deutsch-mit-spass-und-spiel","status":"publish","type":"product","link":"https:\/\/exlibris.ee\/en\/product\/deutsch-mit-spass-und-spiel\/","title":{"rendered":"Deutsch mit Spass und Spiel"},"content":{"rendered":"<p>Dieser Band richtet sich an Lehrkr\u00e4fte, die das Fach Deutsch als Zweitsprache an Grundschulen unterrichten. Es vermittelt die notwendigen Erkenntnisse \u00fcber den interkulturellen Hintergrund von DaZ-Lernern und gibt Hilfen im Umgang mit Migrantenkindern und deren Eltern.<\/p>\n<p>Deutsch mit Spiel und Spa\u00df informiert kompakt \u00fcber aktuelle Str\u00f6mungen und f\u00fchrt praxisnah in die Didaktik und Methodik des Faches Deutsch als Zweitsprache ein. Der Praxisteil enth\u00e4lt eine vielseitige Sammlung von Unterrichtsmaterialien mit Spielen, interaktiven \u00dcbungen und Kopiervorlagen.<br \/>\nTeil A: Hintergrundwissen DaZ<br \/>\nTeil B: Didaktik und Methodik im DaZ-Unterricht<br \/>\nTeil C: Unterrichtsmaterialien<\/p>\n","protected":false},"excerpt":{"rendered":"<p>Dieser Band richtet sich an Lehrkr\u00e4fte, die das Fach Deutsch als Zweitsprache an Grundschulen unterrichten. Es vermittelt die notwendigen Erkenntnisse \u00fcber den interkulturellen Hintergrund von DaZ-Lernern und gibt Hilfen im Umgang mit Migrantenkindern und deren Eltern. Deutsch mit Spiel und&#8230;<\/p>\n","protected":false},"featured_media":0,"template":"","meta":{"_acf_changed":false,"inline_featured_image":false},"product_brand":[],"product_cat":[886],"product_tag":[],"series":[],"publisher":[{"id":2095,"name":"Klett-Langenscheidt","slug":"klett-langenscheidt"}],"class_list":{"0":"post-140988","1":"product","2":"type-product","3":"status-publish","5":"product_cat-methodik","6":"publisher-klett-langenscheidt","8":"first","9":"instock","10":"taxable","11":"shipping-taxable","12":"purchasable","13":"product-type-simple"},"acf":[],"_links":{"self":[{"href":"https:\/\/exlibris.ee\/en\/wp-json\/wp\/v2\/product\/140988","targetHints":{"allow":["GET"]}}],"collection":[{"href":"https:\/\/exlibris.ee\/en\/wp-json\/wp\/v2\/product"}],"about":[{"href":"https:\/\/exlibris.ee\/en\/wp-json\/wp\/v2\/types\/product"}],"wp:attachment":[{"href":"https:\/\/exlibris.ee\/en\/wp-json\/wp\/v2\/media?parent=140988"}],"wp:term":[{"taxonomy":"product_brand","embeddable":true,"href":"https:\/\/exlibris.ee\/en\/wp-json\/wp\/v2\/product_brand?post=140988"},{"taxonomy":"product_cat","embeddable":true,"href":"https:\/\/exlibris.ee\/en\/wp-json\/wp\/v2\/product_cat?post=140988"},{"taxonomy":"product_tag","embeddable":true,"href":"https:\/\/exlibris.ee\/en\/wp-json\/wp\/v2\/product_tag?post=140988"},{"taxonomy":"series","embeddable":true,"href":"https:\/\/exlibris.ee\/en\/wp-json\/wp\/v2\/series?post=140988"},{"taxonomy":"publisher","embeddable":true,"href":"https:\/\/exlibris.ee\/en\/wp-json\/wp\/v2\/publisher?post=140988"}],"curies":[{"name":"wp","href":"https:\/\/api.w.org\/{rel}","templated":true}]}}