{"id":140989,"date":"2025-02-22T01:28:33","date_gmt":"2025-02-21T23:28:33","guid":{"rendered":"https:\/\/exlibris.ee\/toode\/rundum-einblicke-in-die-deutschsprachige-kultur-cd\/"},"modified":"2026-04-03T09:13:37","modified_gmt":"2026-04-03T06:13:37","slug":"rundum-einblicke-in-die-deutschsprachige-kultur-cd","status":"publish","type":"product","link":"https:\/\/exlibris.ee\/en\/product\/rundum-einblicke-in-die-deutschsprachige-kultur-cd\/","title":{"rendered":"Rundum: Einblicke in die deutschsprachige Kultur + CD"},"content":{"rendered":"<p>Rundum ist ein Lese- und Arbeitsbuch f\u00fcr Jugendliche mit geringen Deutschkenntnissen. Achtzehn Dossiers bieten Einblick in das deutsche Alltagsleben und sind mit vielen Bildern und Grafiken abwechslungsreich und interessant f\u00fcr junge Lerner gestaltet.<br \/>\nDie Auswahl der Themen ist breit &#8211; sie reicht von &#8220;Fest und Ereignisse&#8221; bis hin zu &#8220;Mode&#8221;, &#8220;Medien&#8221; und &#8220;Kino&#8221;. Eine Vielzahl von Aktivit\u00e4ten, Spielen, R\u00e4tseln, Liedern und \u00dcbungen bereitet ideal auf die Pr\u00fcfung Fit in Deutsch 1 vor.<\/p>\n","protected":false},"excerpt":{"rendered":"<p>Rundum ist ein Lese- und Arbeitsbuch f\u00fcr Jugendliche mit geringen Deutschkenntnissen. Achtzehn Dossiers bieten Einblick in das deutsche Alltagsleben und sind mit vielen Bildern und Grafiken abwechslungsreich und interessant f\u00fcr junge Lerner gestaltet. Die Auswahl der Themen ist breit &#8211;&#8230;<\/p>\n","protected":false},"featured_media":140722,"template":"","meta":{"_acf_changed":false,"inline_featured_image":false},"product_brand":[],"product_cat":[490],"product_tag":[],"series":[],"publisher":[{"id":2095,"name":"Klett-Langenscheidt","slug":"klett-langenscheidt"}],"class_list":{"0":"post-140989","1":"product","2":"type-product","3":"status-publish","4":"has-post-thumbnail","6":"product_cat-landeskunde","7":"publisher-klett-langenscheidt","9":"first","10":"instock","11":"taxable","12":"shipping-taxable","13":"purchasable","14":"product-type-simple"},"acf":[],"_links":{"self":[{"href":"https:\/\/exlibris.ee\/en\/wp-json\/wp\/v2\/product\/140989","targetHints":{"allow":["GET"]}}],"collection":[{"href":"https:\/\/exlibris.ee\/en\/wp-json\/wp\/v2\/product"}],"about":[{"href":"https:\/\/exlibris.ee\/en\/wp-json\/wp\/v2\/types\/product"}],"wp:featuredmedia":[{"embeddable":true,"href":"https:\/\/exlibris.ee\/en\/wp-json\/wp\/v2\/media\/140722"}],"wp:attachment":[{"href":"https:\/\/exlibris.ee\/en\/wp-json\/wp\/v2\/media?parent=140989"}],"wp:term":[{"taxonomy":"product_brand","embeddable":true,"href":"https:\/\/exlibris.ee\/en\/wp-json\/wp\/v2\/product_brand?post=140989"},{"taxonomy":"product_cat","embeddable":true,"href":"https:\/\/exlibris.ee\/en\/wp-json\/wp\/v2\/product_cat?post=140989"},{"taxonomy":"product_tag","embeddable":true,"href":"https:\/\/exlibris.ee\/en\/wp-json\/wp\/v2\/product_tag?post=140989"},{"taxonomy":"series","embeddable":true,"href":"https:\/\/exlibris.ee\/en\/wp-json\/wp\/v2\/series?post=140989"},{"taxonomy":"publisher","embeddable":true,"href":"https:\/\/exlibris.ee\/en\/wp-json\/wp\/v2\/publisher?post=140989"}],"curies":[{"name":"wp","href":"https:\/\/api.w.org\/{rel}","templated":true}]}}