{"id":140990,"date":"2025-02-22T01:28:33","date_gmt":"2025-02-21T23:28:33","guid":{"rendered":"https:\/\/exlibris.ee\/toode\/klipp-und-klar-losungen-ubungsgrammatik-mittelstufe-b2-c1\/"},"modified":"2026-04-10T03:21:57","modified_gmt":"2026-04-10T00:21:57","slug":"klipp-und-klar-losungen-ubungsgrammatik-mittelstufe-b2-c1","status":"publish","type":"product","link":"https:\/\/exlibris.ee\/en\/product\/klipp-und-klar-losungen-ubungsgrammatik-mittelstufe-b2-c1\/","title":{"rendered":"Klipp und Klar: L\u00f6sungen. \u00dcbungsgrammatik Mittelstufe B2\/C1"},"content":{"rendered":"<p>Klipp und Klar &#8211; L\u00f6sungen. Dieses Buch bietet \u00fcbersichtliche L\u00f6sungen zur Klipp und Klar \u00fcbungsgrammatik f\u00fcr die Mittelstufe B2\/C1 sowie Musterl\u00f6sungen f\u00fcr Aufgaben zur freien Textproduktion. Klipp und Klar &#8211; die \u00fcbungsgrammatik f\u00fcr die Mittelstufe B2\/C1 (978-3-12-675317-3). F\u00fcr den DaF- und DaZ-Unterricht sowie zum Selbstlernen. Auch f\u00fcr deutsche Muttersprachler geeignet, die Sicherheit in der Grammatik gewinnen wollen.<br \/>\nFunktionale und textbasierte Grammatikdarstellung. Authentische Sprachverwendung. Textsortenvielfalt. Typische und h\u00e4ufige Verwendungsbeispiele. Rezeptive und produktive \u00fcbungsm\u00f6glichkeiten zur F\u00f6rderung der Sprachbewusstheit. Innovatives Kapitel zu Textstruktur und Textaufbau. \u00fcbersichtliche Gestaltung.<\/p>\n","protected":false},"excerpt":{"rendered":"<p>Klipp und Klar &#8211; L\u00f6sungen. Dieses Buch bietet \u00fcbersichtliche L\u00f6sungen zur Klipp und Klar \u00fcbungsgrammatik f\u00fcr die Mittelstufe B2\/C1 sowie Musterl\u00f6sungen f\u00fcr Aufgaben zur freien Textproduktion. Klipp und Klar &#8211; die \u00fcbungsgrammatik f\u00fcr die Mittelstufe B2\/C1 (978-3-12-675317-3). F\u00fcr den DaF-&#8230;<\/p>\n","protected":false},"featured_media":140784,"template":"","meta":{"_acf_changed":false,"inline_featured_image":false},"product_brand":[],"product_cat":[480],"product_tag":[],"series":[{"id":2983,"name":"Klipp und Klar","slug":"klipp-und-klar"}],"publisher":[{"id":473,"name":"Klett Verlag","slug":"klett-verlag"}],"class_list":{"0":"post-140990","1":"product","2":"type-product","3":"status-publish","4":"has-post-thumbnail","6":"product_cat-grammatiken","7":"series-klipp-und-klar","8":"publisher-klett-verlag","10":"first","11":"instock","12":"taxable","13":"shipping-taxable","14":"purchasable","15":"product-type-simple"},"acf":[],"_links":{"self":[{"href":"https:\/\/exlibris.ee\/en\/wp-json\/wp\/v2\/product\/140990","targetHints":{"allow":["GET"]}}],"collection":[{"href":"https:\/\/exlibris.ee\/en\/wp-json\/wp\/v2\/product"}],"about":[{"href":"https:\/\/exlibris.ee\/en\/wp-json\/wp\/v2\/types\/product"}],"wp:featuredmedia":[{"embeddable":true,"href":"https:\/\/exlibris.ee\/en\/wp-json\/wp\/v2\/media\/140784"}],"wp:attachment":[{"href":"https:\/\/exlibris.ee\/en\/wp-json\/wp\/v2\/media?parent=140990"}],"wp:term":[{"taxonomy":"product_brand","embeddable":true,"href":"https:\/\/exlibris.ee\/en\/wp-json\/wp\/v2\/product_brand?post=140990"},{"taxonomy":"product_cat","embeddable":true,"href":"https:\/\/exlibris.ee\/en\/wp-json\/wp\/v2\/product_cat?post=140990"},{"taxonomy":"product_tag","embeddable":true,"href":"https:\/\/exlibris.ee\/en\/wp-json\/wp\/v2\/product_tag?post=140990"},{"taxonomy":"series","embeddable":true,"href":"https:\/\/exlibris.ee\/en\/wp-json\/wp\/v2\/series?post=140990"},{"taxonomy":"publisher","embeddable":true,"href":"https:\/\/exlibris.ee\/en\/wp-json\/wp\/v2\/publisher?post=140990"}],"curies":[{"name":"wp","href":"https:\/\/api.w.org\/{rel}","templated":true}]}}