{"id":140991,"date":"2025-02-22T01:28:33","date_gmt":"2025-02-21T23:28:33","guid":{"rendered":"https:\/\/exlibris.ee\/toode\/klipp-und-klar-ubungsgrammatik-mittelstufe-deutsch-b2-c1-mit-cd\/"},"modified":"2026-04-05T15:22:56","modified_gmt":"2026-04-05T12:22:56","slug":"klipp-und-klar-ubungsgrammatik-mittelstufe-deutsch-b2-c1-mit-cd","status":"publish","type":"product","link":"https:\/\/exlibris.ee\/en\/product\/klipp-und-klar-ubungsgrammatik-mittelstufe-deutsch-b2-c1-mit-cd\/","title":{"rendered":"Klipp und Klar: Ubungsgrammatik Mittelstufe Deutsch B2\/C1 mit CD"},"content":{"rendered":"<p>Die neue praktische Grammatik \u201eKLIPP UND KLAR Mittelstufengrammatik\u201c f\u00fcr die h\u00f6heren Niveaus (B1 und C1): B2\/C ist jetzt verf\u00fcgbar. Das Handbuch stellt die Themen nach ihren grammatischen Kategorien und streng im Kontext vor. Die Synoptischen Tabellen werden durch zahlreiche Beispiele und \u00dcbungen f\u00fcr die Lernenden erg\u00e4nzt. Es enth\u00e4lt eine Vielzahl von Texten sowie eine Audio-CD, die die \u00dcbungen zur H\u00f6rverst\u00e4ndnis\u00fcbung begleitet.<\/p>\n","protected":false},"excerpt":{"rendered":"<p>Die neue praktische Grammatik \u201eKLIPP UND KLAR Mittelstufengrammatik\u201c f\u00fcr die h\u00f6heren Niveaus (B1 und C1): B2\/C ist jetzt verf\u00fcgbar. Das Handbuch stellt die Themen nach ihren grammatischen Kategorien und streng im Kontext vor. Die Synoptischen Tabellen werden durch zahlreiche Beispiele&#8230;<\/p>\n","protected":false},"featured_media":140787,"template":"","meta":{"_acf_changed":false,"inline_featured_image":false},"product_brand":[],"product_cat":[480],"product_tag":[],"series":[{"id":2983,"name":"Klipp und Klar","slug":"klipp-und-klar"}],"publisher":[{"id":473,"name":"Klett Verlag","slug":"klett-verlag"}],"class_list":{"0":"post-140991","1":"product","2":"type-product","3":"status-publish","4":"has-post-thumbnail","6":"product_cat-grammatiken","7":"series-klipp-und-klar","8":"publisher-klett-verlag","10":"first","11":"instock","12":"taxable","13":"shipping-taxable","14":"purchasable","15":"product-type-simple"},"acf":[],"_links":{"self":[{"href":"https:\/\/exlibris.ee\/en\/wp-json\/wp\/v2\/product\/140991","targetHints":{"allow":["GET"]}}],"collection":[{"href":"https:\/\/exlibris.ee\/en\/wp-json\/wp\/v2\/product"}],"about":[{"href":"https:\/\/exlibris.ee\/en\/wp-json\/wp\/v2\/types\/product"}],"wp:featuredmedia":[{"embeddable":true,"href":"https:\/\/exlibris.ee\/en\/wp-json\/wp\/v2\/media\/140787"}],"wp:attachment":[{"href":"https:\/\/exlibris.ee\/en\/wp-json\/wp\/v2\/media?parent=140991"}],"wp:term":[{"taxonomy":"product_brand","embeddable":true,"href":"https:\/\/exlibris.ee\/en\/wp-json\/wp\/v2\/product_brand?post=140991"},{"taxonomy":"product_cat","embeddable":true,"href":"https:\/\/exlibris.ee\/en\/wp-json\/wp\/v2\/product_cat?post=140991"},{"taxonomy":"product_tag","embeddable":true,"href":"https:\/\/exlibris.ee\/en\/wp-json\/wp\/v2\/product_tag?post=140991"},{"taxonomy":"series","embeddable":true,"href":"https:\/\/exlibris.ee\/en\/wp-json\/wp\/v2\/series?post=140991"},{"taxonomy":"publisher","embeddable":true,"href":"https:\/\/exlibris.ee\/en\/wp-json\/wp\/v2\/publisher?post=140991"}],"curies":[{"name":"wp","href":"https:\/\/api.w.org\/{rel}","templated":true}]}}