{"id":140993,"date":"2025-02-22T01:28:34","date_gmt":"2025-02-21T23:28:34","guid":{"rendered":"https:\/\/exlibris.ee\/toode\/mit-erfolg-zum-zertifikat-deutsch-ubungsbuch\/"},"modified":"2026-04-05T15:22:57","modified_gmt":"2026-04-05T12:22:57","slug":"mit-erfolg-zum-zertifikat-deutsch-ubungsbuch","status":"publish","type":"product","link":"https:\/\/exlibris.ee\/en\/product\/mit-erfolg-zum-zertifikat-deutsch-ubungsbuch\/","title":{"rendered":"Mit Erfolg zum Zertifikat Deutsch \u00dcbungsbuch"},"content":{"rendered":"<p>Mit Erfolg zum Zertifikat Deutsch &#8211; Neubearbeitung<br \/>\nKomplett \u00fcberarbeitet und aktualisiert: das bew\u00e4hrte \u00dcbungspaket am Ende der Grundstufe.<br \/>\nF\u00fcr Lernende, die sich auf das Zertifikat Deutsch (entspricht dem Niveau B1 des Gemeinsamen europ\u00e4ischen Referenzrahmens) oder auf die Mittelstufe vorbereiten wollen.<\/p>\n<p>Das \u00dcbungsbuch erkl\u00e4rt und \u00fcbt alles, was f\u00fcr die neue Zertifikatspr\u00fcfung wichtig ist:<br \/>\n&#8211; die relevante Grammatik f\u00fcr den Pr\u00fcfungsteil &#8220;Sprachbausteine&#8221;<br \/>\n&#8211; den notwendigen Wortschatz in einem extra Kapitel<br \/>\n&#8211; Leseverstehen und H\u00f6rverstehen, auch mit Texten aus \u00d6sterreich und der Schweiz<br \/>\n&#8211; das Schreiben von Briefen, Faxen, Mails<br \/>\n&#8211; das freie Sprechen durch Ein\u00fcben von Redemitteln.<\/p>\n","protected":false},"excerpt":{"rendered":"<p>Mit Erfolg zum Zertifikat Deutsch &#8211; Neubearbeitung Komplett \u00fcberarbeitet und aktualisiert: das bew\u00e4hrte \u00dcbungspaket am Ende der Grundstufe. F\u00fcr Lernende, die sich auf das Zertifikat Deutsch (entspricht dem Niveau B1 des Gemeinsamen europ\u00e4ischen Referenzrahmens) oder auf die Mittelstufe vorbereiten wollen&#8230;.<\/p>\n","protected":false},"featured_media":140843,"template":"","meta":{"_acf_changed":false,"inline_featured_image":false},"product_brand":[],"product_cat":[538],"product_tag":[],"series":[],"publisher":[{"id":473,"name":"Klett Verlag","slug":"klett-verlag"}],"class_list":{"0":"post-140993","1":"product","2":"type-product","3":"status-publish","4":"has-post-thumbnail","6":"product_cat-lehrwerke-fur-erwachsene","7":"publisher-klett-verlag","9":"first","10":"instock","11":"taxable","12":"shipping-taxable","13":"purchasable","14":"product-type-simple"},"acf":[],"_links":{"self":[{"href":"https:\/\/exlibris.ee\/en\/wp-json\/wp\/v2\/product\/140993","targetHints":{"allow":["GET"]}}],"collection":[{"href":"https:\/\/exlibris.ee\/en\/wp-json\/wp\/v2\/product"}],"about":[{"href":"https:\/\/exlibris.ee\/en\/wp-json\/wp\/v2\/types\/product"}],"wp:featuredmedia":[{"embeddable":true,"href":"https:\/\/exlibris.ee\/en\/wp-json\/wp\/v2\/media\/140843"}],"wp:attachment":[{"href":"https:\/\/exlibris.ee\/en\/wp-json\/wp\/v2\/media?parent=140993"}],"wp:term":[{"taxonomy":"product_brand","embeddable":true,"href":"https:\/\/exlibris.ee\/en\/wp-json\/wp\/v2\/product_brand?post=140993"},{"taxonomy":"product_cat","embeddable":true,"href":"https:\/\/exlibris.ee\/en\/wp-json\/wp\/v2\/product_cat?post=140993"},{"taxonomy":"product_tag","embeddable":true,"href":"https:\/\/exlibris.ee\/en\/wp-json\/wp\/v2\/product_tag?post=140993"},{"taxonomy":"series","embeddable":true,"href":"https:\/\/exlibris.ee\/en\/wp-json\/wp\/v2\/series?post=140993"},{"taxonomy":"publisher","embeddable":true,"href":"https:\/\/exlibris.ee\/en\/wp-json\/wp\/v2\/publisher?post=140993"}],"curies":[{"name":"wp","href":"https:\/\/api.w.org\/{rel}","templated":true}]}}