{"id":140994,"date":"2025-02-22T01:28:34","date_gmt":"2025-02-21T23:28:34","guid":{"rendered":"https:\/\/exlibris.ee\/toode\/mit-erfolg-zum-zertifikat-deutsch-testbuch\/"},"modified":"2026-04-07T21:18:35","modified_gmt":"2026-04-07T18:18:35","slug":"mit-erfolg-zum-zertifikat-deutsch-testbuch","status":"publish","type":"product","link":"https:\/\/exlibris.ee\/en\/product\/mit-erfolg-zum-zertifikat-deutsch-testbuch\/","title":{"rendered":"Mit Erfolg zum Zertifikat Deutsch: Testbuch"},"content":{"rendered":"<p>Mit Erfolg zum Zertifikat Deutsch &#8211; Neubearbeitung<br \/>\nKomplett \u00fcberarbeitet und aktualisiert: das bew\u00e4hrte \u00dcbungspaket am Ende der Grundstufe.<br \/>\nF\u00fcr Lernende, die sich auf das Zertifikat Deutsch (entspricht dem Niveau B1 des Gemeinsamen europ\u00e4ischen Referenzrahmens) oder auf die Mittelstufe vorbereiten wollen.<\/p>\n<p>Das Testbuch enth\u00e4lt<br \/>\n&#8211; zwei Modelltests entsprechend den Anforderungen des neuen Zertifikats<br \/>\n&#8211; vier komplette, aber gek\u00fcrzte Tests von etwa 90 Minuten L\u00e4nge<br \/>\n&#8211; die Transkriptionen der H\u00f6rtexte<br \/>\n&#8211; den L\u00f6sungsschl\u00fcssel zu Test- und \u00dcbungsbuch: mit Musterbriefen und Beispiel einer m\u00fcndlichen Pr\u00fcfung.<\/p>\n","protected":false},"excerpt":{"rendered":"<p>Mit Erfolg zum Zertifikat Deutsch &#8211; Neubearbeitung Komplett \u00fcberarbeitet und aktualisiert: das bew\u00e4hrte \u00dcbungspaket am Ende der Grundstufe. F\u00fcr Lernende, die sich auf das Zertifikat Deutsch (entspricht dem Niveau B1 des Gemeinsamen europ\u00e4ischen Referenzrahmens) oder auf die Mittelstufe vorbereiten wollen&#8230;.<\/p>\n","protected":false},"featured_media":0,"template":"","meta":{"_acf_changed":false,"inline_featured_image":false},"product_brand":[],"product_cat":[538],"product_tag":[],"series":[],"publisher":[{"id":473,"name":"Klett Verlag","slug":"klett-verlag"}],"class_list":{"0":"post-140994","1":"product","2":"type-product","3":"status-publish","5":"product_cat-lehrwerke-fur-erwachsene","6":"publisher-klett-verlag","8":"first","9":"instock","10":"taxable","11":"shipping-taxable","12":"purchasable","13":"product-type-simple"},"acf":[],"_links":{"self":[{"href":"https:\/\/exlibris.ee\/en\/wp-json\/wp\/v2\/product\/140994","targetHints":{"allow":["GET"]}}],"collection":[{"href":"https:\/\/exlibris.ee\/en\/wp-json\/wp\/v2\/product"}],"about":[{"href":"https:\/\/exlibris.ee\/en\/wp-json\/wp\/v2\/types\/product"}],"wp:attachment":[{"href":"https:\/\/exlibris.ee\/en\/wp-json\/wp\/v2\/media?parent=140994"}],"wp:term":[{"taxonomy":"product_brand","embeddable":true,"href":"https:\/\/exlibris.ee\/en\/wp-json\/wp\/v2\/product_brand?post=140994"},{"taxonomy":"product_cat","embeddable":true,"href":"https:\/\/exlibris.ee\/en\/wp-json\/wp\/v2\/product_cat?post=140994"},{"taxonomy":"product_tag","embeddable":true,"href":"https:\/\/exlibris.ee\/en\/wp-json\/wp\/v2\/product_tag?post=140994"},{"taxonomy":"series","embeddable":true,"href":"https:\/\/exlibris.ee\/en\/wp-json\/wp\/v2\/series?post=140994"},{"taxonomy":"publisher","embeddable":true,"href":"https:\/\/exlibris.ee\/en\/wp-json\/wp\/v2\/publisher?post=140994"}],"curies":[{"name":"wp","href":"https:\/\/api.w.org\/{rel}","templated":true}]}}