{"id":140995,"date":"2025-02-22T01:28:34","date_gmt":"2025-02-21T23:28:34","guid":{"rendered":"https:\/\/exlibris.ee\/toode\/b2-finale-ein-vorbereitungskurs-auf-die-osd-prufung-mittelstufe-deutsch-mit-cd\/"},"modified":"2026-04-04T03:12:46","modified_gmt":"2026-04-04T00:12:46","slug":"b2-finale-ein-vorbereitungskurs-auf-die-osd-prufung-mittelstufe-deutsch-mit-cd","status":"publish","type":"product","link":"https:\/\/exlibris.ee\/en\/product\/b2-finale-ein-vorbereitungskurs-auf-die-osd-prufung-mittelstufe-deutsch-mit-cd\/","title":{"rendered":"B2 Finale Ein Vorbereitungskurs auf die \u00d6SD-Pr\u00fcfung Mittelstufe Deutsch mit CD"},"content":{"rendered":"<p>Ein Vorbereitungskurs auf die \u00d6SD-Pr\u00fcfung B2 Mittelstufe Deutsch (\u00d6sterreichisches Sprachdiplom)<br \/>\nB2-Finale bietet<br \/>\n&#8211; acht Lektionen zu aktuellen, f\u00fcr die B2-Stufe relevanten Themen<br \/>\n&#8211; alle Aufgabentypen der Mittelstufenpr\u00fcfung B2 des \u00d6SD<br \/>\n&#8211; \u00dcbungen zum Wortschatz und zur Grammatik<br \/>\n&#8211; Lerntipps zu den Pr\u00fcfungsaufgaben<br \/>\n&#8211; eine Audio-CD f\u00fcr das H\u00f6rverstehenstraining<br \/>\n&#8211; Transkriptionen der H\u00f6rtexte und L\u00f6sungen.<\/p>\n","protected":false},"excerpt":{"rendered":"<p>Ein Vorbereitungskurs auf die \u00d6SD-Pr\u00fcfung B2 Mittelstufe Deutsch (\u00d6sterreichisches Sprachdiplom) B2-Finale bietet &#8211; acht Lektionen zu aktuellen, f\u00fcr die B2-Stufe relevanten Themen &#8211; alle Aufgabentypen der Mittelstufenpr\u00fcfung B2 des \u00d6SD &#8211; \u00dcbungen zum Wortschatz und zur Grammatik &#8211; Lerntipps zu&#8230;<\/p>\n","protected":false},"featured_media":140846,"template":"","meta":{"_acf_changed":false,"inline_featured_image":false},"product_brand":[],"product_cat":[1121],"product_tag":[],"series":[],"publisher":[{"id":473,"name":"Klett Verlag","slug":"klett-verlag"}],"class_list":{"0":"post-140995","1":"product","2":"type-product","3":"status-publish","4":"has-post-thumbnail","6":"product_cat-lehrwerke-fur-jugendliche-und-erwachsene","7":"publisher-klett-verlag","9":"first","10":"instock","11":"taxable","12":"shipping-taxable","13":"purchasable","14":"product-type-simple"},"acf":[],"_links":{"self":[{"href":"https:\/\/exlibris.ee\/en\/wp-json\/wp\/v2\/product\/140995","targetHints":{"allow":["GET"]}}],"collection":[{"href":"https:\/\/exlibris.ee\/en\/wp-json\/wp\/v2\/product"}],"about":[{"href":"https:\/\/exlibris.ee\/en\/wp-json\/wp\/v2\/types\/product"}],"wp:featuredmedia":[{"embeddable":true,"href":"https:\/\/exlibris.ee\/en\/wp-json\/wp\/v2\/media\/140846"}],"wp:attachment":[{"href":"https:\/\/exlibris.ee\/en\/wp-json\/wp\/v2\/media?parent=140995"}],"wp:term":[{"taxonomy":"product_brand","embeddable":true,"href":"https:\/\/exlibris.ee\/en\/wp-json\/wp\/v2\/product_brand?post=140995"},{"taxonomy":"product_cat","embeddable":true,"href":"https:\/\/exlibris.ee\/en\/wp-json\/wp\/v2\/product_cat?post=140995"},{"taxonomy":"product_tag","embeddable":true,"href":"https:\/\/exlibris.ee\/en\/wp-json\/wp\/v2\/product_tag?post=140995"},{"taxonomy":"series","embeddable":true,"href":"https:\/\/exlibris.ee\/en\/wp-json\/wp\/v2\/series?post=140995"},{"taxonomy":"publisher","embeddable":true,"href":"https:\/\/exlibris.ee\/en\/wp-json\/wp\/v2\/publisher?post=140995"}],"curies":[{"name":"wp","href":"https:\/\/api.w.org\/{rel}","templated":true}]}}