{"id":141025,"date":"2025-02-22T01:30:49","date_gmt":"2025-02-21T23:30:49","guid":{"rendered":"https:\/\/exlibris.ee\/toode\/deutsch-mit-grips-lehrwerk-fur-jugendliche-arbeitsbuch-2-niveau-b2\/"},"modified":"2026-04-18T15:26:34","modified_gmt":"2026-04-18T12:26:34","slug":"deutsch-mit-grips-lehrwerk-fur-jugendliche-arbeitsbuch-2-niveau-b2","status":"publish","type":"product","link":"https:\/\/exlibris.ee\/en\/product\/deutsch-mit-grips-lehrwerk-fur-jugendliche-arbeitsbuch-2-niveau-b2\/","title":{"rendered":"Deutsch mit Grips. Lehrwerk f\u00fcr Jugendliche \/ Arbeitsbuch 2: Niveau B2"},"content":{"rendered":"<p>Buch kann leichte Gebrauchsspuren oder kleinere Knicke aufweisen, befindet sich jedoch insgesamt in gutem Zustand. M\u00f6glicherweise gibt es einen Namenseintrag, und das Titelbild oder die Auflage kann vom abgebildeten Exemplar abweichen. In einigen F\u00e4llen kann der Zustand des Buches von der Beschreibung abweichen. In diesem Fall bieten wir Ihnen eine kostenfreie R\u00fccksendung an und k\u00fcmmern uns unkompliziert um die L\u00f6sung des Problems. Sie erhalten die Rechnung mit ausgewiesener Mehrwertsteuer bequem per E-Mail im PDF-Format.<\/p>\n","protected":false},"excerpt":{"rendered":"<p>Buch kann leichte Gebrauchsspuren oder kleinere Knicke aufweisen, befindet sich jedoch insgesamt in gutem Zustand. M\u00f6glicherweise gibt es einen Namenseintrag, und das Titelbild oder die Auflage kann vom abgebildeten Exemplar abweichen. In einigen F\u00e4llen kann der Zustand des Buches von&#8230;<\/p>\n","protected":false},"featured_media":140864,"template":"","meta":{"_acf_changed":false,"inline_featured_image":false},"product_brand":[],"product_cat":[477],"product_tag":[],"series":[],"publisher":[{"id":473,"name":"Klett Verlag","slug":"klett-verlag"}],"class_list":{"0":"post-141025","1":"product","2":"type-product","3":"status-publish","4":"has-post-thumbnail","6":"product_cat-lehrwerke-fur-jugendliche","7":"publisher-klett-verlag","9":"first","10":"instock","11":"taxable","12":"shipping-taxable","13":"purchasable","14":"product-type-simple"},"acf":[],"_links":{"self":[{"href":"https:\/\/exlibris.ee\/en\/wp-json\/wp\/v2\/product\/141025","targetHints":{"allow":["GET"]}}],"collection":[{"href":"https:\/\/exlibris.ee\/en\/wp-json\/wp\/v2\/product"}],"about":[{"href":"https:\/\/exlibris.ee\/en\/wp-json\/wp\/v2\/types\/product"}],"wp:featuredmedia":[{"embeddable":true,"href":"https:\/\/exlibris.ee\/en\/wp-json\/wp\/v2\/media\/140864"}],"wp:attachment":[{"href":"https:\/\/exlibris.ee\/en\/wp-json\/wp\/v2\/media?parent=141025"}],"wp:term":[{"taxonomy":"product_brand","embeddable":true,"href":"https:\/\/exlibris.ee\/en\/wp-json\/wp\/v2\/product_brand?post=141025"},{"taxonomy":"product_cat","embeddable":true,"href":"https:\/\/exlibris.ee\/en\/wp-json\/wp\/v2\/product_cat?post=141025"},{"taxonomy":"product_tag","embeddable":true,"href":"https:\/\/exlibris.ee\/en\/wp-json\/wp\/v2\/product_tag?post=141025"},{"taxonomy":"series","embeddable":true,"href":"https:\/\/exlibris.ee\/en\/wp-json\/wp\/v2\/series?post=141025"},{"taxonomy":"publisher","embeddable":true,"href":"https:\/\/exlibris.ee\/en\/wp-json\/wp\/v2\/publisher?post=141025"}],"curies":[{"name":"wp","href":"https:\/\/api.w.org\/{rel}","templated":true}]}}