{"id":141028,"date":"2025-02-22T01:30:50","date_gmt":"2025-02-21T23:30:50","guid":{"rendered":"https:\/\/exlibris.ee\/toode\/der-vorkurs-der-vorkurs-lehr-und-ubungsbuch-audio-cd\/"},"modified":"2026-04-18T15:26:35","modified_gmt":"2026-04-18T12:26:35","slug":"der-vorkurs-der-vorkurs-lehr-und-ubungsbuch-audio-cd","status":"publish","type":"product","link":"https:\/\/exlibris.ee\/en\/product\/der-vorkurs-der-vorkurs-lehr-und-ubungsbuch-audio-cd\/","title":{"rendered":"Der Vorkurs: Der Vorkurs &#8211; Lehr- Und \u00dcbungsbuch + Audio-CD"},"content":{"rendered":"<p>Einf\u00fchrung ins Deutsch-Lernen<br \/>\n\u00dcberarbeitete Ausgabe inklusive Audio-CD<br \/>\nDas kurstragende Lehr- und \u00dcbungsbuch mit DaZ-Material f\u00fcr ca. 100 Unterrichtseinheiten vermittelt die Kompetenzen f\u00fcr den Umgang mit Grundstufenlehrwerken.<br \/>\nGeeignet f\u00fcr Lernende<br \/>\n\u2022 im \u00dcbergang von der Alphabetisierung zur Grundstufe<br \/>\n\u2022 mit geringer Schreib- und Lesefertigkeit<br \/>\n\u2022 mit geringer oder keiner Fremdsprachen- und Lernerfahrung<br \/>\nInhalte<br \/>\n\u2022 F\u00f6rderung der Schreib- und Lesekompetenz<br \/>\n\u2022 Entwicklung eines ersten Verst\u00e4ndnisses f\u00fcr sprachliche Strukturen<br \/>\n\u2022 Vermittlung grundlegender Lernstrategien<br \/>\n\u2022 Kennenlernen g\u00e4ngiger Aufgabentypen<br \/>\n\u2022 Vorbereitung auf den Umgang mit dem W\u00f6rterbuch<br \/>\n\u2022 Lernen durch kreative Aktivit\u00e4ten<br \/>\n\u2022 Audio-CD mit allen H\u00f6r- und Phonetik\u00fcbungen<\/p>\n","protected":false},"excerpt":{"rendered":"<p>Einf\u00fchrung ins Deutsch-Lernen \u00dcberarbeitete Ausgabe inklusive Audio-CD Das kurstragende Lehr- und \u00dcbungsbuch mit DaZ-Material f\u00fcr ca. 100 Unterrichtseinheiten vermittelt die Kompetenzen f\u00fcr den Umgang mit Grundstufenlehrwerken. Geeignet f\u00fcr Lernende \u2022 im \u00dcbergang von der Alphabetisierung zur Grundstufe \u2022 mit geringer&#8230;<\/p>\n","protected":false},"featured_media":140725,"template":"","meta":{"_acf_changed":false,"inline_featured_image":false},"product_brand":[],"product_cat":[538],"product_tag":[],"series":[],"publisher":[{"id":2095,"name":"Klett-Langenscheidt","slug":"klett-langenscheidt"}],"class_list":{"0":"post-141028","1":"product","2":"type-product","3":"status-publish","4":"has-post-thumbnail","6":"product_cat-lehrwerke-fur-erwachsene","7":"publisher-klett-langenscheidt","9":"first","10":"instock","11":"taxable","12":"shipping-taxable","13":"purchasable","14":"product-type-simple"},"acf":[],"_links":{"self":[{"href":"https:\/\/exlibris.ee\/en\/wp-json\/wp\/v2\/product\/141028","targetHints":{"allow":["GET"]}}],"collection":[{"href":"https:\/\/exlibris.ee\/en\/wp-json\/wp\/v2\/product"}],"about":[{"href":"https:\/\/exlibris.ee\/en\/wp-json\/wp\/v2\/types\/product"}],"wp:featuredmedia":[{"embeddable":true,"href":"https:\/\/exlibris.ee\/en\/wp-json\/wp\/v2\/media\/140725"}],"wp:attachment":[{"href":"https:\/\/exlibris.ee\/en\/wp-json\/wp\/v2\/media?parent=141028"}],"wp:term":[{"taxonomy":"product_brand","embeddable":true,"href":"https:\/\/exlibris.ee\/en\/wp-json\/wp\/v2\/product_brand?post=141028"},{"taxonomy":"product_cat","embeddable":true,"href":"https:\/\/exlibris.ee\/en\/wp-json\/wp\/v2\/product_cat?post=141028"},{"taxonomy":"product_tag","embeddable":true,"href":"https:\/\/exlibris.ee\/en\/wp-json\/wp\/v2\/product_tag?post=141028"},{"taxonomy":"series","embeddable":true,"href":"https:\/\/exlibris.ee\/en\/wp-json\/wp\/v2\/series?post=141028"},{"taxonomy":"publisher","embeddable":true,"href":"https:\/\/exlibris.ee\/en\/wp-json\/wp\/v2\/publisher?post=141028"}],"curies":[{"name":"wp","href":"https:\/\/api.w.org\/{rel}","templated":true}]}}