{"id":141032,"date":"2025-02-22T01:30:51","date_gmt":"2025-02-21T23:30:51","guid":{"rendered":"https:\/\/exlibris.ee\/toode\/so-gehts-zum-dsd-ii-b2-c1\/"},"modified":"2026-04-14T19:17:23","modified_gmt":"2026-04-14T16:17:23","slug":"so-gehts-zum-dsd-ii-b2-c1","status":"publish","type":"product","link":"https:\/\/exlibris.ee\/en\/product\/so-gehts-zum-dsd-ii-b2-c1\/","title":{"rendered":"So geht\u00b4s zum DSD II (B2\/C1)"},"content":{"rendered":"<p>Testbuch mit Leitfaden f\u00fcr die m\u00fcndliche Pr\u00fcfung.<br \/>\nSo geht\u00b4s zum DSD II B2\/C1 &#8211; Testbuch mit Leitfaden f\u00fcr die m\u00fcndliche Pr\u00fcfung<br \/>\nDas umfassende Pr\u00fcfungspaket!<\/p>\n<p>Das Testbuch<br \/>\nBietet 3 komplette Modelltests<br \/>\nBereitet Schritt f\u00fcr Schritt auf alle Teile der m\u00fcndlichen Pr\u00fcfung vor<br \/>\nGibt Informationen zu Pr\u00e4sentationstechniken und Bewertung<\/p>\n","protected":false},"excerpt":{"rendered":"<p>Testbuch mit Leitfaden f\u00fcr die m\u00fcndliche Pr\u00fcfung. So geht\u00b4s zum DSD II B2\/C1 &#8211; Testbuch mit Leitfaden f\u00fcr die m\u00fcndliche Pr\u00fcfung Das umfassende Pr\u00fcfungspaket! Das Testbuch Bietet 3 komplette Modelltests Bereitet Schritt f\u00fcr Schritt auf alle Teile der m\u00fcndlichen Pr\u00fcfung&#8230;<\/p>\n","protected":false},"featured_media":140816,"template":"","meta":{"_acf_changed":false,"inline_featured_image":false},"product_brand":[],"product_cat":[507],"product_tag":[],"series":[],"publisher":[{"id":473,"name":"Klett Verlag","slug":"klett-verlag"}],"class_list":{"0":"post-141032","1":"product","2":"type-product","3":"status-publish","4":"has-post-thumbnail","6":"product_cat-prufungsvorbereitung","7":"publisher-klett-verlag","9":"first","10":"instock","11":"taxable","12":"shipping-taxable","13":"purchasable","14":"product-type-simple"},"acf":[],"_links":{"self":[{"href":"https:\/\/exlibris.ee\/en\/wp-json\/wp\/v2\/product\/141032","targetHints":{"allow":["GET"]}}],"collection":[{"href":"https:\/\/exlibris.ee\/en\/wp-json\/wp\/v2\/product"}],"about":[{"href":"https:\/\/exlibris.ee\/en\/wp-json\/wp\/v2\/types\/product"}],"wp:featuredmedia":[{"embeddable":true,"href":"https:\/\/exlibris.ee\/en\/wp-json\/wp\/v2\/media\/140816"}],"wp:attachment":[{"href":"https:\/\/exlibris.ee\/en\/wp-json\/wp\/v2\/media?parent=141032"}],"wp:term":[{"taxonomy":"product_brand","embeddable":true,"href":"https:\/\/exlibris.ee\/en\/wp-json\/wp\/v2\/product_brand?post=141032"},{"taxonomy":"product_cat","embeddable":true,"href":"https:\/\/exlibris.ee\/en\/wp-json\/wp\/v2\/product_cat?post=141032"},{"taxonomy":"product_tag","embeddable":true,"href":"https:\/\/exlibris.ee\/en\/wp-json\/wp\/v2\/product_tag?post=141032"},{"taxonomy":"series","embeddable":true,"href":"https:\/\/exlibris.ee\/en\/wp-json\/wp\/v2\/series?post=141032"},{"taxonomy":"publisher","embeddable":true,"href":"https:\/\/exlibris.ee\/en\/wp-json\/wp\/v2\/publisher?post=141032"}],"curies":[{"name":"wp","href":"https:\/\/api.w.org\/{rel}","templated":true}]}}