{"id":141044,"date":"2025-02-22T01:33:00","date_gmt":"2025-02-21T23:33:00","guid":{"rendered":"https:\/\/exlibris.ee\/toode\/b2-finale-vorbereitungskurs-zur-oesd-prufung-b2-tests-mit-audio-cd\/"},"modified":"2026-04-03T09:15:23","modified_gmt":"2026-04-03T06:15:23","slug":"b2-finale-vorbereitungskurs-zur-oesd-prufung-b2-tests-mit-audio-cd","status":"publish","type":"product","link":"https:\/\/exlibris.ee\/en\/product\/b2-finale-vorbereitungskurs-zur-oesd-prufung-b2-tests-mit-audio-cd\/","title":{"rendered":"B2-Finale, Vorbereitungskurs Zur Oesd-Prufung: B2-Tests Mit Audio-CD"},"content":{"rendered":"<p>Die vollst\u00e4ndig aktualisierte und \u00fcberarbeitete Ausgabe von B2-Tests bietet:<br \/>\nSechs komplette Pr\u00fcfungen mit den Pr\u00fcfungsteilen<br \/>\n Leseverstehen<br \/>\n H\u00f6rverstehen<br \/>\nSchreiben<br \/>\nSprechen<br \/>\nAlle pr\u00fcfungsrelevanten Aufgabentypen<br \/>\nAusf\u00fchrliche Erl\u00e4uterungen zur Pr\u00fcfung<br \/>\nDetaillierte Beschreibung der Aufgaben<br \/>\n Lerntipps und Pr\u00fcfungsstrategien<br \/>\nH\u00f6raufgaben auf der beigelegten CD<br \/>\nL\u00f6sungen zur Selbstkontrolle<br \/>\nTranskriptionen der H\u00f6rtexte.<\/p>\n","protected":false},"excerpt":{"rendered":"<p>Die vollst\u00e4ndig aktualisierte und \u00fcberarbeitete Ausgabe von B2-Tests bietet: Sechs komplette Pr\u00fcfungen mit den Pr\u00fcfungsteilen Leseverstehen H\u00f6rverstehen Schreiben Sprechen Alle pr\u00fcfungsrelevanten Aufgabentypen Ausf\u00fchrliche Erl\u00e4uterungen zur Pr\u00fcfung Detaillierte Beschreibung der Aufgaben Lerntipps und Pr\u00fcfungsstrategien H\u00f6raufgaben auf der beigelegten CD L\u00f6sungen zur&#8230;<\/p>\n","protected":false},"featured_media":140834,"template":"","meta":{"_acf_changed":false,"inline_featured_image":false},"product_brand":[],"product_cat":[1121],"product_tag":[],"series":[],"publisher":[{"id":473,"name":"Klett Verlag","slug":"klett-verlag"}],"class_list":{"0":"post-141044","1":"product","2":"type-product","3":"status-publish","4":"has-post-thumbnail","6":"product_cat-lehrwerke-fur-jugendliche-und-erwachsene","7":"publisher-klett-verlag","9":"first","10":"instock","11":"taxable","12":"shipping-taxable","13":"purchasable","14":"product-type-simple"},"acf":[],"_links":{"self":[{"href":"https:\/\/exlibris.ee\/en\/wp-json\/wp\/v2\/product\/141044","targetHints":{"allow":["GET"]}}],"collection":[{"href":"https:\/\/exlibris.ee\/en\/wp-json\/wp\/v2\/product"}],"about":[{"href":"https:\/\/exlibris.ee\/en\/wp-json\/wp\/v2\/types\/product"}],"wp:featuredmedia":[{"embeddable":true,"href":"https:\/\/exlibris.ee\/en\/wp-json\/wp\/v2\/media\/140834"}],"wp:attachment":[{"href":"https:\/\/exlibris.ee\/en\/wp-json\/wp\/v2\/media?parent=141044"}],"wp:term":[{"taxonomy":"product_brand","embeddable":true,"href":"https:\/\/exlibris.ee\/en\/wp-json\/wp\/v2\/product_brand?post=141044"},{"taxonomy":"product_cat","embeddable":true,"href":"https:\/\/exlibris.ee\/en\/wp-json\/wp\/v2\/product_cat?post=141044"},{"taxonomy":"product_tag","embeddable":true,"href":"https:\/\/exlibris.ee\/en\/wp-json\/wp\/v2\/product_tag?post=141044"},{"taxonomy":"series","embeddable":true,"href":"https:\/\/exlibris.ee\/en\/wp-json\/wp\/v2\/series?post=141044"},{"taxonomy":"publisher","embeddable":true,"href":"https:\/\/exlibris.ee\/en\/wp-json\/wp\/v2\/publisher?post=141044"}],"curies":[{"name":"wp","href":"https:\/\/api.w.org\/{rel}","templated":true}]}}