{"id":141048,"date":"2025-02-22T01:33:01","date_gmt":"2025-02-21T23:33:01","guid":{"rendered":"https:\/\/exlibris.ee\/toode\/lesetraining-b2-ubungsbuch-mit-lehrerbeiheft\/"},"modified":"2026-04-10T23:29:06","modified_gmt":"2026-04-10T20:29:06","slug":"lesetraining-b2-ubungsbuch-mit-lehrerbeiheft","status":"publish","type":"product","link":"https:\/\/exlibris.ee\/en\/product\/lesetraining-b2-ubungsbuch-mit-lehrerbeiheft\/","title":{"rendered":"Lesetraining B2: Ubungsbuch mit Lehrerbeiheft"},"content":{"rendered":"<p>Lesetraining B2 bereitet auf den Teil Leseverstehen der Pr\u00fcfung Goethe-Zertifikat B2 vor. Das Buch ist lehrwerksunabh\u00e4ngig einsetzbar und eignet sich f\u00fcr Jugendlichen- und Erwachsenenkurse.In Lesetraining B2 werden Lesestrategien zu allen vier Aufgabentypen des Pr\u00fcfungsteils Leseverstehen ge\u00fcbt. Dabei wecken interessante und aktuelle Texte das Interesse der Lerner und regen zum Lesen und Diskutieren an.<\/p>\n","protected":false},"excerpt":{"rendered":"<p>Lesetraining B2 bereitet auf den Teil Leseverstehen der Pr\u00fcfung Goethe-Zertifikat B2 vor. Das Buch ist lehrwerksunabh\u00e4ngig einsetzbar und eignet sich f\u00fcr Jugendlichen- und Erwachsenenkurse.In Lesetraining B2 werden Lesestrategien zu allen vier Aufgabentypen des Pr\u00fcfungsteils Leseverstehen ge\u00fcbt. Dabei wecken interessante und&#8230;<\/p>\n","protected":false},"featured_media":140837,"template":"","meta":{"_acf_changed":false,"inline_featured_image":false},"product_brand":[],"product_cat":[851],"product_tag":[],"series":[],"publisher":[{"id":497,"name":"Hueber Verlag","slug":"hueber-verlag"}],"class_list":{"0":"post-141048","1":"product","2":"type-product","3":"status-publish","4":"has-post-thumbnail","6":"product_cat-lesetexte-deutsch","7":"publisher-hueber-verlag","9":"first","10":"instock","11":"taxable","12":"shipping-taxable","13":"purchasable","14":"product-type-simple"},"acf":[],"_links":{"self":[{"href":"https:\/\/exlibris.ee\/en\/wp-json\/wp\/v2\/product\/141048","targetHints":{"allow":["GET"]}}],"collection":[{"href":"https:\/\/exlibris.ee\/en\/wp-json\/wp\/v2\/product"}],"about":[{"href":"https:\/\/exlibris.ee\/en\/wp-json\/wp\/v2\/types\/product"}],"wp:featuredmedia":[{"embeddable":true,"href":"https:\/\/exlibris.ee\/en\/wp-json\/wp\/v2\/media\/140837"}],"wp:attachment":[{"href":"https:\/\/exlibris.ee\/en\/wp-json\/wp\/v2\/media?parent=141048"}],"wp:term":[{"taxonomy":"product_brand","embeddable":true,"href":"https:\/\/exlibris.ee\/en\/wp-json\/wp\/v2\/product_brand?post=141048"},{"taxonomy":"product_cat","embeddable":true,"href":"https:\/\/exlibris.ee\/en\/wp-json\/wp\/v2\/product_cat?post=141048"},{"taxonomy":"product_tag","embeddable":true,"href":"https:\/\/exlibris.ee\/en\/wp-json\/wp\/v2\/product_tag?post=141048"},{"taxonomy":"series","embeddable":true,"href":"https:\/\/exlibris.ee\/en\/wp-json\/wp\/v2\/series?post=141048"},{"taxonomy":"publisher","embeddable":true,"href":"https:\/\/exlibris.ee\/en\/wp-json\/wp\/v2\/publisher?post=141048"}],"curies":[{"name":"wp","href":"https:\/\/api.w.org\/{rel}","templated":true}]}}