{"id":141049,"date":"2025-02-22T01:33:02","date_gmt":"2025-02-21T23:33:02","guid":{"rendered":"https:\/\/exlibris.ee\/toode\/testdaf-oberstufenkurs-mit-prufungsvorbereitung-lehrbuch\/"},"modified":"2026-04-05T15:25:46","modified_gmt":"2026-04-05T12:25:46","slug":"testdaf-oberstufenkurs-mit-prufungsvorbereitung-lehrbuch","status":"publish","type":"product","link":"https:\/\/exlibris.ee\/en\/product\/testdaf-oberstufenkurs-mit-prufungsvorbereitung-lehrbuch\/","title":{"rendered":"TestDaF Oberstufenkurs mit Prufungsvorbereitung: Lehrbuch"},"content":{"rendered":"<p>F\u00fcr Lernende der Mittelstufe im In- und Ausland, die an einer deutschsprachigen Universit\u00e4t studieren m\u00f6chten. Mittelstufenkenntnisse (Niveaustufe B2). Sprachkenntnisse auf dem Niveau Test DaF (Niveaustufe C1 nach dem Europ\u00e4ischen Referenzrahmen). Das Lehrwerk besteht aus 10 Einheiten. Jede Einheit enth\u00e4lt 10 bis 15 \u00dcbungen, die nach dem Baukasten-Prinzip auch unabh\u00e4ngig voneinander bearbeitet und miteinander kombiniert werden k\u00f6nnen. Alle in der Pr\u00fcfung verlangten Fertigkeiten werden systematisch erarbeitet und ge\u00fcbt mit Fokus auf das Verstehen und Wiedergeben von akademisch gepr\u00e4gten Lese- und H\u00f6rtexten. Zudem k\u00f6nnen Sie sich mit dem Lehrwerk einen \u00dcberblick \u00fcber das notwendige Grammatikger\u00fcst und die entsprechenden \u00dcbungen verschaffen. Mit der Probepr\u00fcfung im Anhang l\u00e4sst sich feststellen, ob die Lernfortschritte dem Niveau der Pr\u00fcfung Test DaF entsprechen. Der L\u00f6sungsschl\u00fcssel ist als Download erh\u00e4ltlich.<\/p>\n","protected":false},"excerpt":{"rendered":"<p>F\u00fcr Lernende der Mittelstufe im In- und Ausland, die an einer deutschsprachigen Universit\u00e4t studieren m\u00f6chten. Mittelstufenkenntnisse (Niveaustufe B2). Sprachkenntnisse auf dem Niveau Test DaF (Niveaustufe C1 nach dem Europ\u00e4ischen Referenzrahmen). Das Lehrwerk besteht aus 10 Einheiten. Jede Einheit enth\u00e4lt 10&#8230;<\/p>\n","protected":false},"featured_media":140802,"template":"","meta":{"_acf_changed":false,"inline_featured_image":false},"product_brand":[],"product_cat":[507],"product_tag":[],"series":[],"publisher":[{"id":497,"name":"Hueber Verlag","slug":"hueber-verlag"}],"class_list":{"0":"post-141049","1":"product","2":"type-product","3":"status-publish","4":"has-post-thumbnail","6":"product_cat-prufungsvorbereitung","7":"publisher-hueber-verlag","9":"first","10":"instock","11":"taxable","12":"shipping-taxable","13":"purchasable","14":"product-type-simple"},"acf":[],"_links":{"self":[{"href":"https:\/\/exlibris.ee\/en\/wp-json\/wp\/v2\/product\/141049","targetHints":{"allow":["GET"]}}],"collection":[{"href":"https:\/\/exlibris.ee\/en\/wp-json\/wp\/v2\/product"}],"about":[{"href":"https:\/\/exlibris.ee\/en\/wp-json\/wp\/v2\/types\/product"}],"wp:featuredmedia":[{"embeddable":true,"href":"https:\/\/exlibris.ee\/en\/wp-json\/wp\/v2\/media\/140802"}],"wp:attachment":[{"href":"https:\/\/exlibris.ee\/en\/wp-json\/wp\/v2\/media?parent=141049"}],"wp:term":[{"taxonomy":"product_brand","embeddable":true,"href":"https:\/\/exlibris.ee\/en\/wp-json\/wp\/v2\/product_brand?post=141049"},{"taxonomy":"product_cat","embeddable":true,"href":"https:\/\/exlibris.ee\/en\/wp-json\/wp\/v2\/product_cat?post=141049"},{"taxonomy":"product_tag","embeddable":true,"href":"https:\/\/exlibris.ee\/en\/wp-json\/wp\/v2\/product_tag?post=141049"},{"taxonomy":"series","embeddable":true,"href":"https:\/\/exlibris.ee\/en\/wp-json\/wp\/v2\/series?post=141049"},{"taxonomy":"publisher","embeddable":true,"href":"https:\/\/exlibris.ee\/en\/wp-json\/wp\/v2\/publisher?post=141049"}],"curies":[{"name":"wp","href":"https:\/\/api.w.org\/{rel}","templated":true}]}}