{"id":141056,"date":"2025-02-22T01:35:14","date_gmt":"2025-02-21T23:35:14","guid":{"rendered":"https:\/\/exlibris.ee\/toode\/fit-furs-goethe-zertifikat-a2-start-deutsch-2\/"},"modified":"2026-04-14T19:20:02","modified_gmt":"2026-04-14T16:20:02","slug":"fit-furs-goethe-zertifikat-a2-start-deutsch-2","status":"publish","type":"product","link":"https:\/\/exlibris.ee\/en\/product\/fit-furs-goethe-zertifikat-a2-start-deutsch-2\/","title":{"rendered":"Fit fu\u0308rs Goethe-Zertifikat. A2, Start Deutsch 2"},"content":{"rendered":"<p>\u201eFit f\u00fcr das Goethe-Zertifikat A2, Start Deutsch 2\u201c von Johannes Gerbes und Frauke van der Werff ist ein \u00dcbungsbuch, das speziell f\u00fcr die Vorbereitung auf das Goethe-Zertifikat A2 entwickelt wurde. Es richtet sich an Lernende, die ihre Deutschkenntnisse auf dem A2-Niveau vertiefen m\u00f6chten. Das Buch bietet eine Vielzahl von \u00dcbungen, die alle Pr\u00fcfungsbereiche abdecken: Leseverst\u00e4ndnis, H\u00f6rverst\u00e4ndnis, Sprechen und Schreiben. Es enth\u00e4lt zudem praxisnahe Tipps und Strategien, um sich optimal auf die Pr\u00fcfung vorzubereiten. Das \u00dcbungsmaterial ist abwechslungsreich und stellt sicher, dass die Lernenden sich sicher und gut vorbereitet f\u00fchlen, um das Goethe-Zertifikat A2 zu bestehen.<\/p>\n","protected":false},"excerpt":{"rendered":"<p>\u201eFit f\u00fcr das Goethe-Zertifikat A2, Start Deutsch 2\u201c von Johannes Gerbes und Frauke van der Werff ist ein \u00dcbungsbuch, das speziell f\u00fcr die Vorbereitung auf das Goethe-Zertifikat A2 entwickelt wurde. Es richtet sich an Lernende, die ihre Deutschkenntnisse auf dem&#8230;<\/p>\n","protected":false},"featured_media":140805,"template":"","meta":{"_acf_changed":false,"inline_featured_image":false},"product_brand":[],"product_cat":[538],"product_tag":[],"series":[{"id":2986,"name":"Tipps un \u00dcbungen","slug":"tipps-un-ubungen"}],"publisher":[{"id":497,"name":"Hueber Verlag","slug":"hueber-verlag"}],"class_list":{"0":"post-141056","1":"product","2":"type-product","3":"status-publish","4":"has-post-thumbnail","6":"product_cat-lehrwerke-fur-erwachsene","7":"series-tipps-un-ubungen","8":"publisher-hueber-verlag","10":"first","11":"instock","12":"taxable","13":"shipping-taxable","14":"purchasable","15":"product-type-simple"},"acf":[],"_links":{"self":[{"href":"https:\/\/exlibris.ee\/en\/wp-json\/wp\/v2\/product\/141056","targetHints":{"allow":["GET"]}}],"collection":[{"href":"https:\/\/exlibris.ee\/en\/wp-json\/wp\/v2\/product"}],"about":[{"href":"https:\/\/exlibris.ee\/en\/wp-json\/wp\/v2\/types\/product"}],"wp:featuredmedia":[{"embeddable":true,"href":"https:\/\/exlibris.ee\/en\/wp-json\/wp\/v2\/media\/140805"}],"wp:attachment":[{"href":"https:\/\/exlibris.ee\/en\/wp-json\/wp\/v2\/media?parent=141056"}],"wp:term":[{"taxonomy":"product_brand","embeddable":true,"href":"https:\/\/exlibris.ee\/en\/wp-json\/wp\/v2\/product_brand?post=141056"},{"taxonomy":"product_cat","embeddable":true,"href":"https:\/\/exlibris.ee\/en\/wp-json\/wp\/v2\/product_cat?post=141056"},{"taxonomy":"product_tag","embeddable":true,"href":"https:\/\/exlibris.ee\/en\/wp-json\/wp\/v2\/product_tag?post=141056"},{"taxonomy":"series","embeddable":true,"href":"https:\/\/exlibris.ee\/en\/wp-json\/wp\/v2\/series?post=141056"},{"taxonomy":"publisher","embeddable":true,"href":"https:\/\/exlibris.ee\/en\/wp-json\/wp\/v2\/publisher?post=141056"}],"curies":[{"name":"wp","href":"https:\/\/api.w.org\/{rel}","templated":true}]}}