{"id":141057,"date":"2025-02-22T01:35:14","date_gmt":"2025-02-21T23:35:14","guid":{"rendered":"https:\/\/exlibris.ee\/toode\/fit-furs-goethe-zertifikat-b2-cd\/"},"modified":"2026-04-29T15:51:51","modified_gmt":"2026-04-29T12:51:51","slug":"fit-furs-goethe-zertifikat-b2-cd","status":"publish","type":"product","link":"https:\/\/exlibris.ee\/en\/product\/fit-furs-goethe-zertifikat-b2-cd\/","title":{"rendered":"Fit fu\u0308rs Goethe-Zertifikat B2 + CD"},"content":{"rendered":"<p>Niveau B2 Dieser Titel f\u00fchrt zum alten Goethe-Zertifikat B2, das zur Wiederholung der Pr\u00fcfung noch bis 31. Juli 2020 angeboten wird. Zum neuen Zertifikat B2 gibt es den Titel &#8220;Fit f\u00fcrs Goethe-Zertifikat B2 &#8211; Deutschpr\u00fcfung f\u00fcr Erwachsene&#8221;, ISBN 978-3-19-041873-2. Zielgruppe: Richtet sich an alle Lernenden mit Sprachkenntnissen auf dem Niveau B2, die sich auf die Pr\u00fcfung das Goethe-Zertifikat B2 vorbereiten wollen. Das Material macht mit den Inhalten und dem Format der Pr\u00fcfung vertraut, vermittelt Pr\u00fcfungsstrategien, erkl\u00e4rt, worauf es in der Pr\u00fcfung ankommt, und gibt authentisches \u00dcbungsmaterial an die Hand. Im Anhang finden sich L\u00f6sungsschl\u00fcssel und Transkriptionen sowie ein &#8220;Antwortbogen&#8221;. Die eingelegte Audio-CD enth\u00e4lt die H\u00f6rtexte.<\/p>\n","protected":false},"excerpt":{"rendered":"<p>Niveau B2 Dieser Titel f\u00fchrt zum alten Goethe-Zertifikat B2, das zur Wiederholung der Pr\u00fcfung noch bis 31. Juli 2020 angeboten wird. Zum neuen Zertifikat B2 gibt es den Titel &#8220;Fit f\u00fcrs Goethe-Zertifikat B2 &#8211; Deutschpr\u00fcfung f\u00fcr Erwachsene&#8221;, ISBN 978-3-19-041873-2. Zielgruppe:&#8230;<\/p>\n","protected":false},"featured_media":140808,"template":"","meta":{"_acf_changed":false,"inline_featured_image":false},"product_brand":[],"product_cat":[538],"product_tag":[],"series":[{"id":2985,"name":"Tipps und \u00dcbungen","slug":"tipps-und-ubungen"}],"publisher":[{"id":497,"name":"Hueber Verlag","slug":"hueber-verlag"}],"class_list":{"0":"post-141057","1":"product","2":"type-product","3":"status-publish","4":"has-post-thumbnail","6":"product_cat-lehrwerke-fur-erwachsene","7":"series-tipps-und-ubungen","8":"publisher-hueber-verlag","10":"first","11":"onbackorder","12":"taxable","13":"shipping-taxable","14":"purchasable","15":"product-type-simple"},"acf":[],"_links":{"self":[{"href":"https:\/\/exlibris.ee\/en\/wp-json\/wp\/v2\/product\/141057","targetHints":{"allow":["GET"]}}],"collection":[{"href":"https:\/\/exlibris.ee\/en\/wp-json\/wp\/v2\/product"}],"about":[{"href":"https:\/\/exlibris.ee\/en\/wp-json\/wp\/v2\/types\/product"}],"wp:featuredmedia":[{"embeddable":true,"href":"https:\/\/exlibris.ee\/en\/wp-json\/wp\/v2\/media\/140808"}],"wp:attachment":[{"href":"https:\/\/exlibris.ee\/en\/wp-json\/wp\/v2\/media?parent=141057"}],"wp:term":[{"taxonomy":"product_brand","embeddable":true,"href":"https:\/\/exlibris.ee\/en\/wp-json\/wp\/v2\/product_brand?post=141057"},{"taxonomy":"product_cat","embeddable":true,"href":"https:\/\/exlibris.ee\/en\/wp-json\/wp\/v2\/product_cat?post=141057"},{"taxonomy":"product_tag","embeddable":true,"href":"https:\/\/exlibris.ee\/en\/wp-json\/wp\/v2\/product_tag?post=141057"},{"taxonomy":"series","embeddable":true,"href":"https:\/\/exlibris.ee\/en\/wp-json\/wp\/v2\/series?post=141057"},{"taxonomy":"publisher","embeddable":true,"href":"https:\/\/exlibris.ee\/en\/wp-json\/wp\/v2\/publisher?post=141057"}],"curies":[{"name":"wp","href":"https:\/\/api.w.org\/{rel}","templated":true}]}}