{"id":141066,"date":"2025-02-22T01:35:16","date_gmt":"2025-02-21T23:35:16","guid":{"rendered":"https:\/\/exlibris.ee\/toode\/prufungskurs-dsh-neue-rechtschreibung\/"},"modified":"2026-04-28T17:59:00","modified_gmt":"2026-04-28T14:59:00","slug":"prufungskurs-dsh-neue-rechtschreibung","status":"publish","type":"product","link":"https:\/\/exlibris.ee\/en\/product\/prufungskurs-dsh-neue-rechtschreibung\/","title":{"rendered":"Pr\u00fcfungskurs DSH, neue Rechtschreibung"},"content":{"rendered":"<p>Das Buch bietet eine Vorbereitung auf die Deutsche Sprachpr\u00fcfung f\u00fcr den Hochschulzugang ausl\u00e4ndischer Studienbewerber. Im ersten Teil werden Aufgabenbereiche der DSH detailliert dargestellt und L\u00f6sungswege aufgezeigt. Im zweiten Teil folgen Musterpr\u00fcfungen. Das Buch ist f\u00fcr das Selbststudium angelegt, kann aber auch lehrwerkerg\u00e4nzend in Kursen, die auf die DSH vorbereiten, eingesetzt werden.<\/p>\n","protected":false},"excerpt":{"rendered":"<p>Das Buch bietet eine Vorbereitung auf die Deutsche Sprachpr\u00fcfung f\u00fcr den Hochschulzugang ausl\u00e4ndischer Studienbewerber. Im ersten Teil werden Aufgabenbereiche der DSH detailliert dargestellt und L\u00f6sungswege aufgezeigt. Im zweiten Teil folgen Musterpr\u00fcfungen. Das Buch ist f\u00fcr das Selbststudium angelegt, kann aber&#8230;<\/p>\n","protected":false},"featured_media":140746,"template":"","meta":{"_acf_changed":false,"inline_featured_image":false},"product_brand":[],"product_cat":[507],"product_tag":[],"series":[],"publisher":[{"id":497,"name":"Hueber Verlag","slug":"hueber-verlag"}],"class_list":{"0":"post-141066","1":"product","2":"type-product","3":"status-publish","4":"has-post-thumbnail","6":"product_cat-prufungsvorbereitung","7":"publisher-hueber-verlag","9":"first","10":"instock","11":"taxable","12":"shipping-taxable","13":"purchasable","14":"product-type-simple"},"acf":[],"_links":{"self":[{"href":"https:\/\/exlibris.ee\/en\/wp-json\/wp\/v2\/product\/141066","targetHints":{"allow":["GET"]}}],"collection":[{"href":"https:\/\/exlibris.ee\/en\/wp-json\/wp\/v2\/product"}],"about":[{"href":"https:\/\/exlibris.ee\/en\/wp-json\/wp\/v2\/types\/product"}],"wp:featuredmedia":[{"embeddable":true,"href":"https:\/\/exlibris.ee\/en\/wp-json\/wp\/v2\/media\/140746"}],"wp:attachment":[{"href":"https:\/\/exlibris.ee\/en\/wp-json\/wp\/v2\/media?parent=141066"}],"wp:term":[{"taxonomy":"product_brand","embeddable":true,"href":"https:\/\/exlibris.ee\/en\/wp-json\/wp\/v2\/product_brand?post=141066"},{"taxonomy":"product_cat","embeddable":true,"href":"https:\/\/exlibris.ee\/en\/wp-json\/wp\/v2\/product_cat?post=141066"},{"taxonomy":"product_tag","embeddable":true,"href":"https:\/\/exlibris.ee\/en\/wp-json\/wp\/v2\/product_tag?post=141066"},{"taxonomy":"series","embeddable":true,"href":"https:\/\/exlibris.ee\/en\/wp-json\/wp\/v2\/series?post=141066"},{"taxonomy":"publisher","embeddable":true,"href":"https:\/\/exlibris.ee\/en\/wp-json\/wp\/v2\/publisher?post=141066"}],"curies":[{"name":"wp","href":"https:\/\/api.w.org\/{rel}","templated":true}]}}