{"id":141136,"date":"2025-02-25T13:39:32","date_gmt":"2025-02-25T11:39:32","guid":{"rendered":"https:\/\/exlibris.ee\/toode\/asi-si-zweifelsfalle-der-spanischen-sprache-buch\/"},"modified":"2026-04-22T11:30:54","modified_gmt":"2026-04-22T08:30:54","slug":"asi-si-zweifelsfalle-der-spanischen-sprache-buch","status":"publish","type":"product","link":"https:\/\/exlibris.ee\/en\/product\/asi-si-zweifelsfalle-der-spanischen-sprache-buch\/","title":{"rendered":"\u00a1As\u00ed s\u00ed! \/ Zweifelsf\u00e4lle der spanischen Sprache \/ Buch"},"content":{"rendered":"<p>Niveau A2 bis B2. Die h\u00e4ufigsten Zweiflesf\u00e4lle im Spanischen auf Deutsch erkl\u00e4rt:. &#8211; Vokabular, Ausdr\u00fccke, Grammatik und falsche Freunde. &#8211; 413 Fragen &#8211; 413 Antworten. &#8211; 790 Querverweise. &#8211; ausf\u00fchrliche Erkl\u00e4rungen zu Themen wie Perfekt und subjuntivo. &#8211; alphabetische Anordnung zum schnellen Auffinden<\/p>\n","protected":false},"excerpt":{"rendered":"<p>Niveau A2 bis B2. Die h\u00e4ufigsten Zweiflesf\u00e4lle im Spanischen auf Deutsch erkl\u00e4rt:. &#8211; Vokabular, Ausdr\u00fccke, Grammatik und falsche Freunde. &#8211; 413 Fragen &#8211; 413 Antworten. &#8211; 790 Querverweise. &#8211; ausf\u00fchrliche Erkl\u00e4rungen zu Themen wie Perfekt und subjuntivo. &#8211; alphabetische Anordnung&#8230;<\/p>\n","protected":false},"featured_media":407452,"template":"","meta":{"_acf_changed":false,"inline_featured_image":false},"product_brand":[],"product_cat":[851],"product_tag":[],"series":[{"id":2988,"name":"\u00a1As\u00ed s\u00ed!","slug":"asi-si"}],"publisher":[{"id":1293,"name":"Editorial Idiomas","slug":"editorial-idiomas"}],"class_list":{"0":"post-141136","1":"product","2":"type-product","3":"status-publish","4":"has-post-thumbnail","6":"product_cat-lesetexte-deutsch","7":"series-asi-si","8":"publisher-editorial-idiomas","10":"first","11":"onbackorder","12":"taxable","13":"shipping-taxable","14":"purchasable","15":"product-type-simple"},"acf":[],"_links":{"self":[{"href":"https:\/\/exlibris.ee\/en\/wp-json\/wp\/v2\/product\/141136","targetHints":{"allow":["GET"]}}],"collection":[{"href":"https:\/\/exlibris.ee\/en\/wp-json\/wp\/v2\/product"}],"about":[{"href":"https:\/\/exlibris.ee\/en\/wp-json\/wp\/v2\/types\/product"}],"wp:featuredmedia":[{"embeddable":true,"href":"https:\/\/exlibris.ee\/en\/wp-json\/wp\/v2\/media\/407452"}],"wp:attachment":[{"href":"https:\/\/exlibris.ee\/en\/wp-json\/wp\/v2\/media?parent=141136"}],"wp:term":[{"taxonomy":"product_brand","embeddable":true,"href":"https:\/\/exlibris.ee\/en\/wp-json\/wp\/v2\/product_brand?post=141136"},{"taxonomy":"product_cat","embeddable":true,"href":"https:\/\/exlibris.ee\/en\/wp-json\/wp\/v2\/product_cat?post=141136"},{"taxonomy":"product_tag","embeddable":true,"href":"https:\/\/exlibris.ee\/en\/wp-json\/wp\/v2\/product_tag?post=141136"},{"taxonomy":"series","embeddable":true,"href":"https:\/\/exlibris.ee\/en\/wp-json\/wp\/v2\/series?post=141136"},{"taxonomy":"publisher","embeddable":true,"href":"https:\/\/exlibris.ee\/en\/wp-json\/wp\/v2\/publisher?post=141136"}],"curies":[{"name":"wp","href":"https:\/\/api.w.org\/{rel}","templated":true}]}}