{"id":141186,"date":"2025-02-25T13:42:14","date_gmt":"2025-02-25T11:42:14","guid":{"rendered":"https:\/\/exlibris.ee\/toode\/prufung-express-goethe-zertifikat-c2-groses-deutsches-sprachdiplom-ubungsbuch-mit-audios-online-2\/"},"modified":"2026-04-04T05:15:38","modified_gmt":"2026-04-04T02:15:38","slug":"prufung-express-goethe-zertifikat-c2-groses-deutsches-sprachdiplom-ubungsbuch-mit-audios-online-2","status":"publish","type":"product","link":"https:\/\/exlibris.ee\/en\/product\/prufung-express-goethe-zertifikat-c2-groses-deutsches-sprachdiplom-ubungsbuch-mit-audios-online-2\/","title":{"rendered":"Pr\u00fcfung Express &#8211; Goethe-Zertifikat C2 \/ Gro\u00dfes Deutsches Sprachdiplom \/ \u00dcbungsbuch mit Audios online"},"content":{"rendered":"<p>Zielniveau C2. Das kompakte und \u00fcbersichtliche Pr\u00fcfungsvorbereitungsmaterial richtet sich an Lernende, die die Niveaustufe erreicht haben und sich schnell auf die Pr\u00fcfung vorbereiten wollen, sowie an Lehrende, die sich einen schnellen \u00dcberblick \u00fcber die Pr\u00fcfung und deren Anforderungen verschaffen wollen bzw. auf ein ausf\u00fchrliches Pr\u00fcfungstraining am Ende eines Sprachkurses verzichten k\u00f6nnen.. Das Buch enth\u00e4lt zwei Pr\u00fcfungss\u00e4tze: einer mit Hinweisen und Strategien f\u00fcr ein erfolgreiches Bestehen, einer ohne Tipps als Probelauf. Zudem finden sich im Buch kommentierte L\u00f6sungen mit Hinweisen, warum eine L\u00f6sung richtig oder falsch ist.. Mit der kostenlosen App Hueber Media k\u00f6nnen Sie die Audios bequem auf dem Smartphone oder Tablet abrufen.. Informationen zu den wichtigsten DaF-Pr\u00fcfungen finden Sie auf unserer Website https:\/\/www.hueber.de\/pruefungen<\/p>\n","protected":false},"excerpt":{"rendered":"<p>Zielniveau C2. Das kompakte und \u00fcbersichtliche Pr\u00fcfungsvorbereitungsmaterial richtet sich an Lernende, die die Niveaustufe erreicht haben und sich schnell auf die Pr\u00fcfung vorbereiten wollen, sowie an Lehrende, die sich einen schnellen \u00dcberblick \u00fcber die Pr\u00fcfung und deren Anforderungen verschaffen wollen&#8230;<\/p>\n","protected":false},"featured_media":141150,"template":"","meta":{"_acf_changed":false,"inline_featured_image":false},"product_brand":[],"product_cat":[507],"product_tag":[],"series":[{"id":1187,"name":"Pr\u00fcfung Express","slug":"prufung-express"}],"publisher":[{"id":497,"name":"Hueber Verlag","slug":"hueber-verlag"}],"class_list":{"0":"post-141186","1":"product","2":"type-product","3":"status-publish","4":"has-post-thumbnail","6":"product_cat-prufungsvorbereitung","7":"series-prufung-express","8":"publisher-hueber-verlag","10":"first","11":"onbackorder","12":"taxable","13":"shipping-taxable","14":"purchasable","15":"product-type-simple"},"acf":[],"_links":{"self":[{"href":"https:\/\/exlibris.ee\/en\/wp-json\/wp\/v2\/product\/141186","targetHints":{"allow":["GET"]}}],"collection":[{"href":"https:\/\/exlibris.ee\/en\/wp-json\/wp\/v2\/product"}],"about":[{"href":"https:\/\/exlibris.ee\/en\/wp-json\/wp\/v2\/types\/product"}],"wp:featuredmedia":[{"embeddable":true,"href":"https:\/\/exlibris.ee\/en\/wp-json\/wp\/v2\/media\/141150"}],"wp:attachment":[{"href":"https:\/\/exlibris.ee\/en\/wp-json\/wp\/v2\/media?parent=141186"}],"wp:term":[{"taxonomy":"product_brand","embeddable":true,"href":"https:\/\/exlibris.ee\/en\/wp-json\/wp\/v2\/product_brand?post=141186"},{"taxonomy":"product_cat","embeddable":true,"href":"https:\/\/exlibris.ee\/en\/wp-json\/wp\/v2\/product_cat?post=141186"},{"taxonomy":"product_tag","embeddable":true,"href":"https:\/\/exlibris.ee\/en\/wp-json\/wp\/v2\/product_tag?post=141186"},{"taxonomy":"series","embeddable":true,"href":"https:\/\/exlibris.ee\/en\/wp-json\/wp\/v2\/series?post=141186"},{"taxonomy":"publisher","embeddable":true,"href":"https:\/\/exlibris.ee\/en\/wp-json\/wp\/v2\/publisher?post=141186"}],"curies":[{"name":"wp","href":"https:\/\/api.w.org\/{rel}","templated":true}]}}