{"id":141190,"date":"2025-02-25T13:42:15","date_gmt":"2025-02-25T11:42:15","guid":{"rendered":"https:\/\/exlibris.ee\/toode\/der-regenbogenfisch-kinderbuch-deutsch-polnisch-mit-mp3-horbuch-zum-herunterladen\/"},"modified":"2026-05-03T11:39:03","modified_gmt":"2026-05-03T08:39:03","slug":"der-regenbogenfisch-kinderbuch-deutsch-polnisch-mit-mp3-horbuch-zum-herunterladen","status":"publish","type":"product","link":"https:\/\/exlibris.ee\/en\/product\/der-regenbogenfisch-kinderbuch-deutsch-polnisch-mit-mp3-horbuch-zum-herunterladen\/","title":{"rendered":"Der Regenbogenfisch \/ Kinderbuch Deutsch-Polnisch mit MP3-H\u00f6rbuch zum Herunterladen"},"content":{"rendered":"<p>Zweisprachiges Kinderbuch Deutsch-Polnisch ab 4 Jahren. Der Regenbogenfisch ist mit seinem schillernden Schuppenkleid der allersch\u00f6nste Fisch im Ozean. Da er aber auch stolz ist und nur bewundert werden will, wird er mit der Zeit immer einsamer. Da bekommt er einen guten Rat. Er \u00fcberwindet seinen Stolz und versucht, den anderen Fischen Freude zu bereiten. Und er merkt, wie gl\u00fccklich es macht, Freunde zu haben.. Die H\u00f6rversion der Geschichte wurde von Muttersprachlern eingelesen und steht als MP3-H\u00f6rbuch zum Download bereit. . F\u00fcr weitere Sprachen erh\u00e4ltlich.<\/p>\n","protected":false},"excerpt":{"rendered":"<p>Zweisprachiges Kinderbuch Deutsch-Polnisch ab 4 Jahren. Der Regenbogenfisch ist mit seinem schillernden Schuppenkleid der allersch\u00f6nste Fisch im Ozean. Da er aber auch stolz ist und nur bewundert werden will, wird er mit der Zeit immer einsamer. Da bekommt er einen&#8230;<\/p>\n","protected":false},"featured_media":626602,"template":"","meta":{"_acf_changed":false,"inline_featured_image":false},"product_brand":[],"product_cat":[851],"product_tag":[],"series":[{"id":2990,"name":"Der Regenbogenfisch","slug":"der-regenbogenfisch"}],"publisher":[{"id":1308,"name":"NordS\u00fcd","slug":"nordsud"}],"class_list":{"0":"post-141190","1":"product","2":"type-product","3":"status-publish","4":"has-post-thumbnail","6":"product_cat-lesetexte-deutsch","7":"series-der-regenbogenfisch","8":"publisher-nordsud","10":"first","11":"onbackorder","12":"taxable","13":"shipping-taxable","14":"purchasable","15":"product-type-simple"},"acf":[],"_links":{"self":[{"href":"https:\/\/exlibris.ee\/en\/wp-json\/wp\/v2\/product\/141190","targetHints":{"allow":["GET"]}}],"collection":[{"href":"https:\/\/exlibris.ee\/en\/wp-json\/wp\/v2\/product"}],"about":[{"href":"https:\/\/exlibris.ee\/en\/wp-json\/wp\/v2\/types\/product"}],"wp:featuredmedia":[{"embeddable":true,"href":"https:\/\/exlibris.ee\/en\/wp-json\/wp\/v2\/media\/626602"}],"wp:attachment":[{"href":"https:\/\/exlibris.ee\/en\/wp-json\/wp\/v2\/media?parent=141190"}],"wp:term":[{"taxonomy":"product_brand","embeddable":true,"href":"https:\/\/exlibris.ee\/en\/wp-json\/wp\/v2\/product_brand?post=141190"},{"taxonomy":"product_cat","embeddable":true,"href":"https:\/\/exlibris.ee\/en\/wp-json\/wp\/v2\/product_cat?post=141190"},{"taxonomy":"product_tag","embeddable":true,"href":"https:\/\/exlibris.ee\/en\/wp-json\/wp\/v2\/product_tag?post=141190"},{"taxonomy":"series","embeddable":true,"href":"https:\/\/exlibris.ee\/en\/wp-json\/wp\/v2\/series?post=141190"},{"taxonomy":"publisher","embeddable":true,"href":"https:\/\/exlibris.ee\/en\/wp-json\/wp\/v2\/publisher?post=141190"}],"curies":[{"name":"wp","href":"https:\/\/api.w.org\/{rel}","templated":true}]}}