{"id":141194,"date":"2025-02-25T13:42:16","date_gmt":"2025-02-25T11:42:16","guid":{"rendered":"https:\/\/exlibris.ee\/toode\/prufung-express-deutsch-test-fur-den-beruf-b2-aktualisierte-ausgabe-ubungsbuch-interaktive-version\/"},"modified":"2026-04-04T05:16:25","modified_gmt":"2026-04-04T02:16:25","slug":"prufung-express-deutsch-test-fur-den-beruf-b2-aktualisierte-ausgabe-ubungsbuch-interaktive-version","status":"publish","type":"product","link":"https:\/\/exlibris.ee\/en\/product\/prufung-express-deutsch-test-fur-den-beruf-b2-aktualisierte-ausgabe-ubungsbuch-interaktive-version\/","title":{"rendered":"Pr\u00fcfung Express \u2013 Deutsch-Test f\u00fcr den Beruf B2 \/ Aktualisierte Ausgabe \/ \u00dcbungsbuch \u2013 Interaktive Version"},"content":{"rendered":"<p>Interaktive Version mit integrierten Audiodateien  Ein kompaktes und \u00fcbersichtliches Pr\u00fcfungsvorbereitungsmaterial f\u00fcr Lernende, die sich schnell auf die Pr\u00fcfung Deutsch-Test Beruf B2 vorbereiten m\u00f6chten und Lehrende, die sich schnell \u00fcber diese Pr\u00fcfung informieren wollen bzw. eine kurze Pr\u00fcfungsvorbereitung am Ende eines Sprachkurses im Unterricht durchf\u00fchren m\u00f6chten.<\/p>\n","protected":false},"excerpt":{"rendered":"<p>Interaktive Version mit integrierten Audiodateien Ein kompaktes und \u00fcbersichtliches Pr\u00fcfungsvorbereitungsmaterial f\u00fcr Lernende, die sich schnell auf die Pr\u00fcfung Deutsch-Test Beruf B2 vorbereiten m\u00f6chten und Lehrende, die sich schnell \u00fcber diese Pr\u00fcfung informieren wollen bzw. eine kurze Pr\u00fcfungsvorbereitung am Ende eines&#8230;<\/p>\n","protected":false},"featured_media":141174,"template":"","meta":{"_acf_changed":false,"inline_featured_image":false},"product_brand":[],"product_cat":[507],"product_tag":[],"series":[{"id":1187,"name":"Pr\u00fcfung Express","slug":"prufung-express"}],"publisher":[{"id":497,"name":"Hueber Verlag","slug":"hueber-verlag"}],"class_list":{"0":"post-141194","1":"product","2":"type-product","3":"status-publish","4":"has-post-thumbnail","6":"product_cat-prufungsvorbereitung","7":"series-prufung-express","8":"publisher-hueber-verlag","10":"first","11":"onbackorder","12":"taxable","13":"shipping-taxable","14":"purchasable","15":"product-type-simple"},"acf":[],"_links":{"self":[{"href":"https:\/\/exlibris.ee\/en\/wp-json\/wp\/v2\/product\/141194","targetHints":{"allow":["GET"]}}],"collection":[{"href":"https:\/\/exlibris.ee\/en\/wp-json\/wp\/v2\/product"}],"about":[{"href":"https:\/\/exlibris.ee\/en\/wp-json\/wp\/v2\/types\/product"}],"wp:featuredmedia":[{"embeddable":true,"href":"https:\/\/exlibris.ee\/en\/wp-json\/wp\/v2\/media\/141174"}],"wp:attachment":[{"href":"https:\/\/exlibris.ee\/en\/wp-json\/wp\/v2\/media?parent=141194"}],"wp:term":[{"taxonomy":"product_brand","embeddable":true,"href":"https:\/\/exlibris.ee\/en\/wp-json\/wp\/v2\/product_brand?post=141194"},{"taxonomy":"product_cat","embeddable":true,"href":"https:\/\/exlibris.ee\/en\/wp-json\/wp\/v2\/product_cat?post=141194"},{"taxonomy":"product_tag","embeddable":true,"href":"https:\/\/exlibris.ee\/en\/wp-json\/wp\/v2\/product_tag?post=141194"},{"taxonomy":"series","embeddable":true,"href":"https:\/\/exlibris.ee\/en\/wp-json\/wp\/v2\/series?post=141194"},{"taxonomy":"publisher","embeddable":true,"href":"https:\/\/exlibris.ee\/en\/wp-json\/wp\/v2\/publisher?post=141194"}],"curies":[{"name":"wp","href":"https:\/\/api.w.org\/{rel}","templated":true}]}}