{"id":141195,"date":"2025-02-25T13:42:16","date_gmt":"2025-02-25T11:42:16","guid":{"rendered":"https:\/\/exlibris.ee\/toode\/herr-hase-frau-bar-kinderbuch-deutsch-polnisch-mit-mp3-horbuch-zum-herunterladen\/"},"modified":"2026-04-04T05:16:25","modified_gmt":"2026-04-04T02:16:25","slug":"herr-hase-frau-bar-kinderbuch-deutsch-polnisch-mit-mp3-horbuch-zum-herunterladen","status":"publish","type":"product","link":"https:\/\/exlibris.ee\/en\/product\/herr-hase-frau-bar-kinderbuch-deutsch-polnisch-mit-mp3-horbuch-zum-herunterladen\/","title":{"rendered":"Herr Hase &amp; Frau B\u00e4r \/ Kinderbuch Deutsch-Polnisch mit MP3-H\u00f6rbuch zum Herunterladen"},"content":{"rendered":"<p>Zweisprachiges Kinderbuch Deutsch-Polnisch ab 4 Jahren. Ein humorvolles Bilderbuch \u00fcber die allt\u00e4glichen Schwierigkeiten und Freuden des Zusammenlebens.. Frau B\u00e4r mag es gem\u00fctlich. Sie isst f\u00fcrs Leben gerne Honigbrote und hinterl\u00e4sst mit ihren gro\u00dfen Tatzen auch hier und da mal ein paar klebrige Spuren. Sehr zum Missfallen von Herrn Hase. Denn Herr Hase ist ausgesprochen ordentlich. Kann eine solche Hausgemeinschaft gut gehen?. Durchgehend farbig illustriert, mit H\u00f6rbuch als MP3-Download in mehreren Sprachen.. F\u00fcr weitere Sprachen erh\u00e4ltlich.<\/p>\n","protected":false},"excerpt":{"rendered":"<p>Zweisprachiges Kinderbuch Deutsch-Polnisch ab 4 Jahren. Ein humorvolles Bilderbuch \u00fcber die allt\u00e4glichen Schwierigkeiten und Freuden des Zusammenlebens.. Frau B\u00e4r mag es gem\u00fctlich. Sie isst f\u00fcrs Leben gerne Honigbrote und hinterl\u00e4sst mit ihren gro\u00dfen Tatzen auch hier und da mal ein&#8230;<\/p>\n","protected":false},"featured_media":141177,"template":"","meta":{"_acf_changed":false,"inline_featured_image":false},"product_brand":[],"product_cat":[851],"product_tag":[],"series":[{"id":2992,"name":"Herr Hase und Frau B\u00e4r","slug":"herr-hase-und-frau-bar"}],"publisher":[{"id":1308,"name":"NordS\u00fcd","slug":"nordsud"}],"class_list":{"0":"post-141195","1":"product","2":"type-product","3":"status-publish","4":"has-post-thumbnail","6":"product_cat-lesetexte-deutsch","7":"series-herr-hase-und-frau-bar","8":"publisher-nordsud","10":"first","11":"onbackorder","12":"taxable","13":"shipping-taxable","14":"purchasable","15":"product-type-simple"},"acf":[],"_links":{"self":[{"href":"https:\/\/exlibris.ee\/en\/wp-json\/wp\/v2\/product\/141195","targetHints":{"allow":["GET"]}}],"collection":[{"href":"https:\/\/exlibris.ee\/en\/wp-json\/wp\/v2\/product"}],"about":[{"href":"https:\/\/exlibris.ee\/en\/wp-json\/wp\/v2\/types\/product"}],"wp:featuredmedia":[{"embeddable":true,"href":"https:\/\/exlibris.ee\/en\/wp-json\/wp\/v2\/media\/141177"}],"wp:attachment":[{"href":"https:\/\/exlibris.ee\/en\/wp-json\/wp\/v2\/media?parent=141195"}],"wp:term":[{"taxonomy":"product_brand","embeddable":true,"href":"https:\/\/exlibris.ee\/en\/wp-json\/wp\/v2\/product_brand?post=141195"},{"taxonomy":"product_cat","embeddable":true,"href":"https:\/\/exlibris.ee\/en\/wp-json\/wp\/v2\/product_cat?post=141195"},{"taxonomy":"product_tag","embeddable":true,"href":"https:\/\/exlibris.ee\/en\/wp-json\/wp\/v2\/product_tag?post=141195"},{"taxonomy":"series","embeddable":true,"href":"https:\/\/exlibris.ee\/en\/wp-json\/wp\/v2\/series?post=141195"},{"taxonomy":"publisher","embeddable":true,"href":"https:\/\/exlibris.ee\/en\/wp-json\/wp\/v2\/publisher?post=141195"}],"curies":[{"name":"wp","href":"https:\/\/api.w.org\/{rel}","templated":true}]}}