{"id":141397,"date":"2025-02-25T23:38:48","date_gmt":"2025-02-25T21:38:48","guid":{"rendered":"https:\/\/exlibris.ee\/toode\/schritte-international-5-lehrerhandbuch\/"},"modified":"2026-04-04T21:20:58","modified_gmt":"2026-04-04T18:20:58","slug":"schritte-international-5-lehrerhandbuch","status":"publish","type":"product","link":"https:\/\/exlibris.ee\/en\/product\/schritte-international-5-lehrerhandbuch\/","title":{"rendered":"Schritte international 5  Lehrerhandbuch"},"content":{"rendered":"<p>Das Lehrerhandbuch zu Schritte international 5 enth\u00e4lt ausf\u00fchrliche Hinweise zum Vorgehen im Unterricht mit methodischen Tipps und Vorschl\u00e4gen zur Binnendifferenzierung sowie landeskundliche Informationen \u00fcber Deutschland, \u00d6sterreich und die Schweiz. Zahlreiche Kopiervorlagen stehen zur Verf\u00fcgung: &#8211; zus\u00e4tzliche \u00dcbungen f\u00fcr den Unterricht &#8211; Tests zu jeder Lektion &#8211; Spiele und Wiederholungs\u00fcbungen nach jeder zweiten Lektion Zus\u00e4tzlich beinhaltet das Lehrerhandbuch die Transkriptionen aller H\u00f6raufnahmen und die L\u00f6sungen zu allen Aufgaben im Kursbuch und Arbeitsbuch.<\/p>\n","protected":false},"excerpt":{"rendered":"<p>Das Lehrerhandbuch zu Schritte international 5 enth\u00e4lt ausf\u00fchrliche Hinweise zum Vorgehen im Unterricht mit methodischen Tipps und Vorschl\u00e4gen zur Binnendifferenzierung sowie landeskundliche Informationen \u00fcber Deutschland, \u00d6sterreich und die Schweiz. Zahlreiche Kopiervorlagen stehen zur Verf\u00fcgung: &#8211; zus\u00e4tzliche \u00dcbungen f\u00fcr den Unterricht&#8230;<\/p>\n","protected":false},"featured_media":141393,"template":"","meta":{"_acf_changed":false,"inline_featured_image":false},"product_brand":[],"product_cat":[897],"product_tag":[],"series":[{"id":1252,"name":"Schritte international","slug":"schritte-international"}],"publisher":[{"id":497,"name":"Hueber Verlag","slug":"hueber-verlag"}],"class_list":{"0":"post-141397","1":"product","2":"type-product","3":"status-publish","4":"has-post-thumbnail","6":"product_cat-keeleope-leiunurk","7":"series-schritte-international","8":"publisher-hueber-verlag","10":"first","11":"instock","12":"taxable","13":"shipping-taxable","14":"purchasable","15":"product-type-simple"},"acf":[],"_links":{"self":[{"href":"https:\/\/exlibris.ee\/en\/wp-json\/wp\/v2\/product\/141397","targetHints":{"allow":["GET"]}}],"collection":[{"href":"https:\/\/exlibris.ee\/en\/wp-json\/wp\/v2\/product"}],"about":[{"href":"https:\/\/exlibris.ee\/en\/wp-json\/wp\/v2\/types\/product"}],"wp:featuredmedia":[{"embeddable":true,"href":"https:\/\/exlibris.ee\/en\/wp-json\/wp\/v2\/media\/141393"}],"wp:attachment":[{"href":"https:\/\/exlibris.ee\/en\/wp-json\/wp\/v2\/media?parent=141397"}],"wp:term":[{"taxonomy":"product_brand","embeddable":true,"href":"https:\/\/exlibris.ee\/en\/wp-json\/wp\/v2\/product_brand?post=141397"},{"taxonomy":"product_cat","embeddable":true,"href":"https:\/\/exlibris.ee\/en\/wp-json\/wp\/v2\/product_cat?post=141397"},{"taxonomy":"product_tag","embeddable":true,"href":"https:\/\/exlibris.ee\/en\/wp-json\/wp\/v2\/product_tag?post=141397"},{"taxonomy":"series","embeddable":true,"href":"https:\/\/exlibris.ee\/en\/wp-json\/wp\/v2\/series?post=141397"},{"taxonomy":"publisher","embeddable":true,"href":"https:\/\/exlibris.ee\/en\/wp-json\/wp\/v2\/publisher?post=141397"}],"curies":[{"name":"wp","href":"https:\/\/api.w.org\/{rel}","templated":true}]}}