{"id":141613,"date":"2025-02-28T21:32:25","date_gmt":"2025-02-28T19:32:25","guid":{"rendered":"https:\/\/exlibris.ee\/toode\/wir-plus-a2-trainingsheft-mit-audio-cd\/"},"modified":"2026-04-03T09:13:42","modified_gmt":"2026-04-03T06:13:42","slug":"wir-plus-a2-trainingsheft-mit-audio-cd","status":"publish","type":"product","link":"https:\/\/exlibris.ee\/en\/product\/wir-plus-a2-trainingsheft-mit-audio-cd\/","title":{"rendered":"Wir plus A2, Trainingsheft mit Audio-CD"},"content":{"rendered":"<p>Das Trainingsheft mit Audio-CD zum Festigen und Vertiefen<br \/>\nbietet abwechslungsreiche und spielerische \u00dcbungen<br \/>\n\u00fcbt die Aussprache und die m\u00fcndliche Kommunikation<br \/>\ntrainiert die Fertigkeiten Lesen und Schreiben<br \/>\nfestigt grammatische Strukturen und den Wortschatz<br \/>\nmit kostenlosen L\u00f6sungen im Internet<br \/>\nIdeal f\u00fcr den Einsatz im Unterricht oder zu Hause.<\/p>\n","protected":false},"excerpt":{"rendered":"<p>Das Trainingsheft mit Audio-CD zum Festigen und Vertiefen bietet abwechslungsreiche und spielerische \u00dcbungen \u00fcbt die Aussprache und die m\u00fcndliche Kommunikation trainiert die Fertigkeiten Lesen und Schreiben festigt grammatische Strukturen und den Wortschatz mit kostenlosen L\u00f6sungen im Internet Ideal f\u00fcr den&#8230;<\/p>\n","protected":false},"featured_media":141575,"template":"","meta":{"_acf_changed":false,"inline_featured_image":false},"product_brand":[],"product_cat":[881],"product_tag":[],"series":[{"id":2998,"name":"Wir plus neu","slug":"wir-plus-neu"}],"publisher":[{"id":473,"name":"Klett Verlag","slug":"klett-verlag"}],"class_list":{"0":"post-141613","1":"product","2":"type-product","3":"status-publish","4":"has-post-thumbnail","6":"product_cat-lehrwerke-fur-kinder-und-jugendliche","7":"series-wir-plus-neu","8":"publisher-klett-verlag","10":"first","11":"instock","12":"taxable","13":"shipping-taxable","14":"purchasable","15":"product-type-simple"},"acf":[],"_links":{"self":[{"href":"https:\/\/exlibris.ee\/en\/wp-json\/wp\/v2\/product\/141613","targetHints":{"allow":["GET"]}}],"collection":[{"href":"https:\/\/exlibris.ee\/en\/wp-json\/wp\/v2\/product"}],"about":[{"href":"https:\/\/exlibris.ee\/en\/wp-json\/wp\/v2\/types\/product"}],"wp:featuredmedia":[{"embeddable":true,"href":"https:\/\/exlibris.ee\/en\/wp-json\/wp\/v2\/media\/141575"}],"wp:attachment":[{"href":"https:\/\/exlibris.ee\/en\/wp-json\/wp\/v2\/media?parent=141613"}],"wp:term":[{"taxonomy":"product_brand","embeddable":true,"href":"https:\/\/exlibris.ee\/en\/wp-json\/wp\/v2\/product_brand?post=141613"},{"taxonomy":"product_cat","embeddable":true,"href":"https:\/\/exlibris.ee\/en\/wp-json\/wp\/v2\/product_cat?post=141613"},{"taxonomy":"product_tag","embeddable":true,"href":"https:\/\/exlibris.ee\/en\/wp-json\/wp\/v2\/product_tag?post=141613"},{"taxonomy":"series","embeddable":true,"href":"https:\/\/exlibris.ee\/en\/wp-json\/wp\/v2\/series?post=141613"},{"taxonomy":"publisher","embeddable":true,"href":"https:\/\/exlibris.ee\/en\/wp-json\/wp\/v2\/publisher?post=141613"}],"curies":[{"name":"wp","href":"https:\/\/api.w.org\/{rel}","templated":true}]}}