{"id":141624,"date":"2025-02-28T21:34:51","date_gmt":"2025-02-28T19:34:51","guid":{"rendered":"https:\/\/exlibris.ee\/toode\/mittelpunkt-b2-grammatiktrainer\/"},"modified":"2026-04-13T05:24:22","modified_gmt":"2026-04-13T02:24:22","slug":"mittelpunkt-b2-grammatiktrainer","status":"publish","type":"product","link":"https:\/\/exlibris.ee\/en\/product\/mittelpunkt-b2-grammatiktrainer\/","title":{"rendered":"Mittelpunkt B2: Grammatiktrainer"},"content":{"rendered":"<p>Der Grammatiktrainer:<\/p>\n<p>orientiert sich in Aufbau und Themenwahl an der Referenzgrammatik in Mittelpunkt.<br \/>\nenth\u00e4lt entlastende und vertiefende \u00dcbungen zur Grammatik, die im Lehrbuch und Arbeitsbuch von Mittelpunkt vorkommt.<br \/>\nwiederholt alle relevanten Grundlagen.<br \/>\nist auch zur Binnendifferenzierung geeignet.<br \/>\n\u00fcbt speziell Fertigkeiten, die helfen, sich zusammenh\u00e4ngend zu \u00e4u\u00dfern, z. B. Satzbau und Mittel der Textverbindungen.<br \/>\nIdeal zum Selbstlernen!<\/p>\n","protected":false},"excerpt":{"rendered":"<p>Der Grammatiktrainer: orientiert sich in Aufbau und Themenwahl an der Referenzgrammatik in Mittelpunkt. enth\u00e4lt entlastende und vertiefende \u00dcbungen zur Grammatik, die im Lehrbuch und Arbeitsbuch von Mittelpunkt vorkommt. wiederholt alle relevanten Grundlagen. ist auch zur Binnendifferenzierung geeignet. \u00fcbt speziell Fertigkeiten,&#8230;<\/p>\n","protected":false},"featured_media":141545,"template":"","meta":{"_acf_changed":false,"inline_featured_image":false},"product_brand":[],"product_cat":[480],"product_tag":[],"series":[{"id":1451,"name":"Mittelpunkt","slug":"mittelpunkt"}],"publisher":[{"id":473,"name":"Klett Verlag","slug":"klett-verlag"}],"class_list":{"0":"post-141624","1":"product","2":"type-product","3":"status-publish","4":"has-post-thumbnail","6":"product_cat-grammatiken","7":"series-mittelpunkt","8":"publisher-klett-verlag","10":"first","11":"instock","12":"taxable","13":"shipping-taxable","14":"purchasable","15":"product-type-simple"},"acf":[],"_links":{"self":[{"href":"https:\/\/exlibris.ee\/en\/wp-json\/wp\/v2\/product\/141624","targetHints":{"allow":["GET"]}}],"collection":[{"href":"https:\/\/exlibris.ee\/en\/wp-json\/wp\/v2\/product"}],"about":[{"href":"https:\/\/exlibris.ee\/en\/wp-json\/wp\/v2\/types\/product"}],"wp:featuredmedia":[{"embeddable":true,"href":"https:\/\/exlibris.ee\/en\/wp-json\/wp\/v2\/media\/141545"}],"wp:attachment":[{"href":"https:\/\/exlibris.ee\/en\/wp-json\/wp\/v2\/media?parent=141624"}],"wp:term":[{"taxonomy":"product_brand","embeddable":true,"href":"https:\/\/exlibris.ee\/en\/wp-json\/wp\/v2\/product_brand?post=141624"},{"taxonomy":"product_cat","embeddable":true,"href":"https:\/\/exlibris.ee\/en\/wp-json\/wp\/v2\/product_cat?post=141624"},{"taxonomy":"product_tag","embeddable":true,"href":"https:\/\/exlibris.ee\/en\/wp-json\/wp\/v2\/product_tag?post=141624"},{"taxonomy":"series","embeddable":true,"href":"https:\/\/exlibris.ee\/en\/wp-json\/wp\/v2\/series?post=141624"},{"taxonomy":"publisher","embeddable":true,"href":"https:\/\/exlibris.ee\/en\/wp-json\/wp\/v2\/publisher?post=141624"}],"curies":[{"name":"wp","href":"https:\/\/api.w.org\/{rel}","templated":true}]}}