{"id":141625,"date":"2025-02-28T21:34:51","date_gmt":"2025-02-28T19:34:51","guid":{"rendered":"https:\/\/exlibris.ee\/toode\/mittelpunkt-b2-intensivtrainer-ubungsheft-lese-und-horverstehen-mit-audio-cd\/"},"modified":"2026-04-04T03:13:53","modified_gmt":"2026-04-04T00:13:53","slug":"mittelpunkt-b2-intensivtrainer-ubungsheft-lese-und-horverstehen-mit-audio-cd","status":"publish","type":"product","link":"https:\/\/exlibris.ee\/en\/product\/mittelpunkt-b2-intensivtrainer-ubungsheft-lese-und-horverstehen-mit-audio-cd\/","title":{"rendered":"Mittelpunkt B2 Intensivtrainer: \u00dcbungsheft Lese- und H\u00f6rverstehen mit Audio-CD"},"content":{"rendered":"<p>Der Intensivtrainer Lese- und H\u00f6rverstehen:<\/p>\n<p>enth\u00e4lt \u00dcbungen zu l\u00e4ngeren und anspruchsvolleren Lese- und H\u00f6rtexten von Mittelpunkt B2 und ist deshalb sehr gut zur Binnendifferenzierung geeignet.<br \/>\nbietet viele Tipps und n\u00fctzliche Strategien zur Arbeit mit l\u00e4ngeren, authentischen Texten und zur Wortschatzarbeit. In schw\u00e4cheren Lerngruppen k\u00f6nnen die \u00dcbungssequenzen auch alternativ zum Lehrbuch eingesetzt werden.<br \/>\nkann auch unabh\u00e4ngig von Mittelpunkt zum Strategietraining verwendet werden.<br \/>\ninklusive Audio-CD<\/p>\n","protected":false},"excerpt":{"rendered":"<p>Der Intensivtrainer Lese- und H\u00f6rverstehen: enth\u00e4lt \u00dcbungen zu l\u00e4ngeren und anspruchsvolleren Lese- und H\u00f6rtexten von Mittelpunkt B2 und ist deshalb sehr gut zur Binnendifferenzierung geeignet. bietet viele Tipps und n\u00fctzliche Strategien zur Arbeit mit l\u00e4ngeren, authentischen Texten und zur Wortschatzarbeit&#8230;.<\/p>\n","protected":false},"featured_media":141548,"template":"","meta":{"_acf_changed":false,"inline_featured_image":false},"product_brand":[],"product_cat":[1121],"product_tag":[],"series":[{"id":1451,"name":"Mittelpunkt","slug":"mittelpunkt"}],"publisher":[{"id":473,"name":"Klett Verlag","slug":"klett-verlag"}],"class_list":{"0":"post-141625","1":"product","2":"type-product","3":"status-publish","4":"has-post-thumbnail","6":"product_cat-lehrwerke-fur-jugendliche-und-erwachsene","7":"series-mittelpunkt","8":"publisher-klett-verlag","10":"first","11":"instock","12":"taxable","13":"shipping-taxable","14":"purchasable","15":"product-type-simple"},"acf":[],"_links":{"self":[{"href":"https:\/\/exlibris.ee\/en\/wp-json\/wp\/v2\/product\/141625","targetHints":{"allow":["GET"]}}],"collection":[{"href":"https:\/\/exlibris.ee\/en\/wp-json\/wp\/v2\/product"}],"about":[{"href":"https:\/\/exlibris.ee\/en\/wp-json\/wp\/v2\/types\/product"}],"wp:featuredmedia":[{"embeddable":true,"href":"https:\/\/exlibris.ee\/en\/wp-json\/wp\/v2\/media\/141548"}],"wp:attachment":[{"href":"https:\/\/exlibris.ee\/en\/wp-json\/wp\/v2\/media?parent=141625"}],"wp:term":[{"taxonomy":"product_brand","embeddable":true,"href":"https:\/\/exlibris.ee\/en\/wp-json\/wp\/v2\/product_brand?post=141625"},{"taxonomy":"product_cat","embeddable":true,"href":"https:\/\/exlibris.ee\/en\/wp-json\/wp\/v2\/product_cat?post=141625"},{"taxonomy":"product_tag","embeddable":true,"href":"https:\/\/exlibris.ee\/en\/wp-json\/wp\/v2\/product_tag?post=141625"},{"taxonomy":"series","embeddable":true,"href":"https:\/\/exlibris.ee\/en\/wp-json\/wp\/v2\/series?post=141625"},{"taxonomy":"publisher","embeddable":true,"href":"https:\/\/exlibris.ee\/en\/wp-json\/wp\/v2\/publisher?post=141625"}],"curies":[{"name":"wp","href":"https:\/\/api.w.org\/{rel}","templated":true}]}}