{"id":141626,"date":"2025-02-28T21:34:51","date_gmt":"2025-02-28T19:34:51","guid":{"rendered":"https:\/\/exlibris.ee\/toode\/mittelpunkt-c1-lehrbuch\/"},"modified":"2026-04-13T23:29:57","modified_gmt":"2026-04-13T20:29:57","slug":"mittelpunkt-c1-lehrbuch","status":"publish","type":"product","link":"https:\/\/exlibris.ee\/en\/product\/mittelpunkt-c1-lehrbuch\/","title":{"rendered":"Mittelpunkt C1: Lehrbuch"},"content":{"rendered":"<p>Bitte beachten Sie: Derzeit ist nur noch die zweib\u00e4ndige Ausgabe zu Mittelpunkt C1 erh\u00e4ltlich:<br \/>\nLehr- und Arbeitsbuch C1.1 + Audio-CD, 978-3-12-676630-2<br \/>\nLehr- und Arbeitsbuch C1.2 + Audio-CD, 978-3-12-676631-9<\/p>\n<p>Die zw\u00f6lf Lektionen von Mittelpunkt widmen sich je einem Thema, das abwechslungs- und facettenreich dargeboten wird.<\/p>\n<p>Jede Doppelseite bildet eine in sich geschlossene Lerneinheit, in der eine oder mehrere aufeinander bezogene Kannbeschreibungen die Grundlage f\u00fcr vielf\u00e4ltige Aufgaben und das entsprechende Fertigkeitstraining bilden.<\/p>\n<p>Diese \u00fcbersichtliche Portionierung der Lernsequenzen f\u00f6rdert die Motivation der Lerner und erleichtert die Unterrichtsplanung der Lehrkr\u00e4fte.<\/p>\n<p>Eine Referenzgrammatik zum Nachschlagen rundet das Lehrwerk ab.<\/p>\n<p>Wenn Sie mit Mittelpunkt C1 lernen, werden Sie auch mit den Aufgabenformaten der C1-Pr\u00fcfung des Goethe-Instituts (Goethe-Zertifikat C1) und von telc (telc Deutsch C1) sowie von TestDaF und DSH (Deutsche Sprachpr\u00fcfung f\u00fcr den Hochschulzugang) vertraut gemacht: Die pr\u00fcfungsrelevanten Aufgabentypen finden Sie immer wieder eingestreut, sodass Sie sie wiederholt trainieren k\u00f6nnen. Um Ihnen die \u00dcbersicht hierzu zu erleichtern, haben wir solche Aufgaben mit einem Symbol versehen.<\/p>\n<p>Dar\u00fcberhinaus sind in Mittelpunkt C1 fast alle Pr\u00fcfungsformate der DSD B2 \/ C1 abgedeckt und werden in zahlreichen Aufgaben trainiert.<\/p>\n","protected":false},"excerpt":{"rendered":"<p>Bitte beachten Sie: Derzeit ist nur noch die zweib\u00e4ndige Ausgabe zu Mittelpunkt C1 erh\u00e4ltlich: Lehr- und Arbeitsbuch C1.1 + Audio-CD, 978-3-12-676630-2 Lehr- und Arbeitsbuch C1.2 + Audio-CD, 978-3-12-676631-9 Die zw\u00f6lf Lektionen von Mittelpunkt widmen sich je einem Thema, das abwechslungs-&#8230;<\/p>\n","protected":false},"featured_media":141551,"template":"","meta":{"_acf_changed":false,"inline_featured_image":false},"product_brand":[],"product_cat":[1121],"product_tag":[],"series":[{"id":1451,"name":"Mittelpunkt","slug":"mittelpunkt"}],"publisher":[{"id":473,"name":"Klett Verlag","slug":"klett-verlag"}],"class_list":{"0":"post-141626","1":"product","2":"type-product","3":"status-publish","4":"has-post-thumbnail","6":"product_cat-lehrwerke-fur-jugendliche-und-erwachsene","7":"series-mittelpunkt","8":"publisher-klett-verlag","10":"first","11":"instock","12":"taxable","13":"shipping-taxable","14":"purchasable","15":"product-type-simple"},"acf":[],"_links":{"self":[{"href":"https:\/\/exlibris.ee\/en\/wp-json\/wp\/v2\/product\/141626","targetHints":{"allow":["GET"]}}],"collection":[{"href":"https:\/\/exlibris.ee\/en\/wp-json\/wp\/v2\/product"}],"about":[{"href":"https:\/\/exlibris.ee\/en\/wp-json\/wp\/v2\/types\/product"}],"wp:featuredmedia":[{"embeddable":true,"href":"https:\/\/exlibris.ee\/en\/wp-json\/wp\/v2\/media\/141551"}],"wp:attachment":[{"href":"https:\/\/exlibris.ee\/en\/wp-json\/wp\/v2\/media?parent=141626"}],"wp:term":[{"taxonomy":"product_brand","embeddable":true,"href":"https:\/\/exlibris.ee\/en\/wp-json\/wp\/v2\/product_brand?post=141626"},{"taxonomy":"product_cat","embeddable":true,"href":"https:\/\/exlibris.ee\/en\/wp-json\/wp\/v2\/product_cat?post=141626"},{"taxonomy":"product_tag","embeddable":true,"href":"https:\/\/exlibris.ee\/en\/wp-json\/wp\/v2\/product_tag?post=141626"},{"taxonomy":"series","embeddable":true,"href":"https:\/\/exlibris.ee\/en\/wp-json\/wp\/v2\/series?post=141626"},{"taxonomy":"publisher","embeddable":true,"href":"https:\/\/exlibris.ee\/en\/wp-json\/wp\/v2\/publisher?post=141626"}],"curies":[{"name":"wp","href":"https:\/\/api.w.org\/{rel}","templated":true}]}}