{"id":141627,"date":"2025-02-28T21:34:51","date_gmt":"2025-02-28T19:34:51","guid":{"rendered":"https:\/\/exlibris.ee\/toode\/mittelpunkt-c1-arbeitsbuch-mit-audio-cd\/"},"modified":"2026-04-05T15:24:23","modified_gmt":"2026-04-05T12:24:23","slug":"mittelpunkt-c1-arbeitsbuch-mit-audio-cd","status":"publish","type":"product","link":"https:\/\/exlibris.ee\/en\/product\/mittelpunkt-c1-arbeitsbuch-mit-audio-cd\/","title":{"rendered":"Mittelpunkt C1: Arbeitsbuch mit Audio-CD"},"content":{"rendered":"<p>Die parallel zum Lehrbuch angelegten \u00dcbungen im Arbeitsbuch erm\u00f6glichen ein weiteres Trainieren der jeweiligen Kompetenz und dienen der Erweiterung des Wortschatzes und der Ein\u00fcbung von Strukturen.<\/p>\n<p>Ein Grammatik\u00fcberblick am Ende jeder Arbeitsbuch-Lektion dient zudem der schnellen Konsultation und hilft so beim L\u00f6sen der \u00dcbungen. Ein dem fortgeschrittenen Niveau angemessenes, f\u00fcr die Kommunikation relevantes Aussprachetraining rundet das \u00dcbungsprogramm ab.<\/p>\n<p>Im Anhang befindet sich eine Musterpr\u00fcfung zum neuen Goethe-Zertifikat C1.<\/p>\n<p>Die eingelegte Audio-CD enth\u00e4lt die Phonetik-\u00dcbungen zu jeder Lektion sowie die H\u00f6rtexte zum Pr\u00fcfungsteil H\u00f6rverstehen, so dass eine Vorbereitung im Selbststudium m\u00f6glich ist.<\/p>\n","protected":false},"excerpt":{"rendered":"<p>Die parallel zum Lehrbuch angelegten \u00dcbungen im Arbeitsbuch erm\u00f6glichen ein weiteres Trainieren der jeweiligen Kompetenz und dienen der Erweiterung des Wortschatzes und der Ein\u00fcbung von Strukturen. Ein Grammatik\u00fcberblick am Ende jeder Arbeitsbuch-Lektion dient zudem der schnellen Konsultation und hilft so&#8230;<\/p>\n","protected":false},"featured_media":141554,"template":"","meta":{"_acf_changed":false,"inline_featured_image":false},"product_brand":[],"product_cat":[1121],"product_tag":[],"series":[{"id":1451,"name":"Mittelpunkt","slug":"mittelpunkt"}],"publisher":[{"id":473,"name":"Klett Verlag","slug":"klett-verlag"}],"class_list":{"0":"post-141627","1":"product","2":"type-product","3":"status-publish","4":"has-post-thumbnail","6":"product_cat-lehrwerke-fur-jugendliche-und-erwachsene","7":"series-mittelpunkt","8":"publisher-klett-verlag","10":"first","11":"instock","12":"taxable","13":"shipping-taxable","14":"purchasable","15":"product-type-simple"},"acf":[],"_links":{"self":[{"href":"https:\/\/exlibris.ee\/en\/wp-json\/wp\/v2\/product\/141627","targetHints":{"allow":["GET"]}}],"collection":[{"href":"https:\/\/exlibris.ee\/en\/wp-json\/wp\/v2\/product"}],"about":[{"href":"https:\/\/exlibris.ee\/en\/wp-json\/wp\/v2\/types\/product"}],"wp:featuredmedia":[{"embeddable":true,"href":"https:\/\/exlibris.ee\/en\/wp-json\/wp\/v2\/media\/141554"}],"wp:attachment":[{"href":"https:\/\/exlibris.ee\/en\/wp-json\/wp\/v2\/media?parent=141627"}],"wp:term":[{"taxonomy":"product_brand","embeddable":true,"href":"https:\/\/exlibris.ee\/en\/wp-json\/wp\/v2\/product_brand?post=141627"},{"taxonomy":"product_cat","embeddable":true,"href":"https:\/\/exlibris.ee\/en\/wp-json\/wp\/v2\/product_cat?post=141627"},{"taxonomy":"product_tag","embeddable":true,"href":"https:\/\/exlibris.ee\/en\/wp-json\/wp\/v2\/product_tag?post=141627"},{"taxonomy":"series","embeddable":true,"href":"https:\/\/exlibris.ee\/en\/wp-json\/wp\/v2\/series?post=141627"},{"taxonomy":"publisher","embeddable":true,"href":"https:\/\/exlibris.ee\/en\/wp-json\/wp\/v2\/publisher?post=141627"}],"curies":[{"name":"wp","href":"https:\/\/api.w.org\/{rel}","templated":true}]}}