{"id":141628,"date":"2025-02-28T21:34:51","date_gmt":"2025-02-28T19:34:51","guid":{"rendered":"https:\/\/exlibris.ee\/toode\/mittelpunkt-b2-c1-intensivtrainer-schriftlicher-und-mundlicher-ausdruck-mit-audio-cd\/"},"modified":"2026-04-04T03:13:53","modified_gmt":"2026-04-04T00:13:53","slug":"mittelpunkt-b2-c1-intensivtrainer-schriftlicher-und-mundlicher-ausdruck-mit-audio-cd","status":"publish","type":"product","link":"https:\/\/exlibris.ee\/en\/product\/mittelpunkt-b2-c1-intensivtrainer-schriftlicher-und-mundlicher-ausdruck-mit-audio-cd\/","title":{"rendered":"Mittelpunkt B2\/C1 Intensivtrainer schriftlicher und m\u00fcndlicher Ausdruck mit Audio-CD"},"content":{"rendered":"<p>Der Intensivtrainer schriftlicher und m\u00fcndlicher Ausdruck<\/p>\n<p>erl\u00e4utert Schritt f\u00fcr Schritt die Merkmale von Textsorten wie Grafik, Mitschrift, Projektbericht oder Hausarbeit sowie Pr\u00e4sentation, Referat oder Diskussion.<br \/>\ntrainiert die Erstellung von Texten von der Vorbereitung bis zum fertigen Text.<br \/>\nenth\u00e4lt zahlreiche \u00dcbungen f\u00fcr den Einsatz passender Redemittel und Formulierungen.<br \/>\nAuch unabh\u00e4ngig von Mittelpunkt B2\/C1 zum Training des schriftlichen und m\u00fcndlichen Ausdrucks einsetzbar<\/p>\n","protected":false},"excerpt":{"rendered":"<p>Der Intensivtrainer schriftlicher und m\u00fcndlicher Ausdruck erl\u00e4utert Schritt f\u00fcr Schritt die Merkmale von Textsorten wie Grafik, Mitschrift, Projektbericht oder Hausarbeit sowie Pr\u00e4sentation, Referat oder Diskussion. trainiert die Erstellung von Texten von der Vorbereitung bis zum fertigen Text. enth\u00e4lt zahlreiche \u00dcbungen&#8230;<\/p>\n","protected":false},"featured_media":141557,"template":"","meta":{"_acf_changed":false,"inline_featured_image":false},"product_brand":[],"product_cat":[1121],"product_tag":[],"series":[{"id":1451,"name":"Mittelpunkt","slug":"mittelpunkt"}],"publisher":[{"id":473,"name":"Klett Verlag","slug":"klett-verlag"}],"class_list":{"0":"post-141628","1":"product","2":"type-product","3":"status-publish","4":"has-post-thumbnail","6":"product_cat-lehrwerke-fur-jugendliche-und-erwachsene","7":"series-mittelpunkt","8":"publisher-klett-verlag","10":"first","11":"instock","12":"taxable","13":"shipping-taxable","14":"purchasable","15":"product-type-simple"},"acf":[],"_links":{"self":[{"href":"https:\/\/exlibris.ee\/en\/wp-json\/wp\/v2\/product\/141628","targetHints":{"allow":["GET"]}}],"collection":[{"href":"https:\/\/exlibris.ee\/en\/wp-json\/wp\/v2\/product"}],"about":[{"href":"https:\/\/exlibris.ee\/en\/wp-json\/wp\/v2\/types\/product"}],"wp:featuredmedia":[{"embeddable":true,"href":"https:\/\/exlibris.ee\/en\/wp-json\/wp\/v2\/media\/141557"}],"wp:attachment":[{"href":"https:\/\/exlibris.ee\/en\/wp-json\/wp\/v2\/media?parent=141628"}],"wp:term":[{"taxonomy":"product_brand","embeddable":true,"href":"https:\/\/exlibris.ee\/en\/wp-json\/wp\/v2\/product_brand?post=141628"},{"taxonomy":"product_cat","embeddable":true,"href":"https:\/\/exlibris.ee\/en\/wp-json\/wp\/v2\/product_cat?post=141628"},{"taxonomy":"product_tag","embeddable":true,"href":"https:\/\/exlibris.ee\/en\/wp-json\/wp\/v2\/product_tag?post=141628"},{"taxonomy":"series","embeddable":true,"href":"https:\/\/exlibris.ee\/en\/wp-json\/wp\/v2\/series?post=141628"},{"taxonomy":"publisher","embeddable":true,"href":"https:\/\/exlibris.ee\/en\/wp-json\/wp\/v2\/publisher?post=141628"}],"curies":[{"name":"wp","href":"https:\/\/api.w.org\/{rel}","templated":true}]}}