{"id":141746,"date":"2025-03-03T19:34:26","date_gmt":"2025-03-03T17:34:26","guid":{"rendered":"https:\/\/exlibris.ee\/toode\/generation-e-2-audio-cds\/"},"modified":"2026-04-05T15:22:55","modified_gmt":"2026-04-05T12:22:55","slug":"generation-e-2-audio-cds","status":"publish","type":"product","link":"https:\/\/exlibris.ee\/en\/product\/generation-e-2-audio-cds\/","title":{"rendered":"Generation E: 2 Audio-CDs"},"content":{"rendered":"<p>Die Audio-CD enth\u00e4lt H\u00f6rtexte und Musikst\u00fccke zum Lehr- und \u00dcbungsbuch Generation E.<\/p>\n","protected":false},"excerpt":{"rendered":"<p>Die Audio-CD enth\u00e4lt H\u00f6rtexte und Musikst\u00fccke zum Lehr- und \u00dcbungsbuch Generation E.<\/p>\n","protected":false},"featured_media":141734,"template":"","meta":{"_acf_changed":false,"inline_featured_image":false},"product_brand":[],"product_cat":[490],"product_tag":[],"series":[{"id":2999,"name":"Generation E","slug":"generation-e"}],"publisher":[{"id":473,"name":"Klett Verlag","slug":"klett-verlag"}],"class_list":{"0":"post-141746","1":"product","2":"type-product","3":"status-publish","4":"has-post-thumbnail","6":"product_cat-landeskunde","7":"series-generation-e","8":"publisher-klett-verlag","10":"first","11":"instock","12":"taxable","13":"shipping-taxable","14":"purchasable","15":"product-type-simple"},"acf":[],"_links":{"self":[{"href":"https:\/\/exlibris.ee\/en\/wp-json\/wp\/v2\/product\/141746","targetHints":{"allow":["GET"]}}],"collection":[{"href":"https:\/\/exlibris.ee\/en\/wp-json\/wp\/v2\/product"}],"about":[{"href":"https:\/\/exlibris.ee\/en\/wp-json\/wp\/v2\/types\/product"}],"wp:featuredmedia":[{"embeddable":true,"href":"https:\/\/exlibris.ee\/en\/wp-json\/wp\/v2\/media\/141734"}],"wp:attachment":[{"href":"https:\/\/exlibris.ee\/en\/wp-json\/wp\/v2\/media?parent=141746"}],"wp:term":[{"taxonomy":"product_brand","embeddable":true,"href":"https:\/\/exlibris.ee\/en\/wp-json\/wp\/v2\/product_brand?post=141746"},{"taxonomy":"product_cat","embeddable":true,"href":"https:\/\/exlibris.ee\/en\/wp-json\/wp\/v2\/product_cat?post=141746"},{"taxonomy":"product_tag","embeddable":true,"href":"https:\/\/exlibris.ee\/en\/wp-json\/wp\/v2\/product_tag?post=141746"},{"taxonomy":"series","embeddable":true,"href":"https:\/\/exlibris.ee\/en\/wp-json\/wp\/v2\/series?post=141746"},{"taxonomy":"publisher","embeddable":true,"href":"https:\/\/exlibris.ee\/en\/wp-json\/wp\/v2\/publisher?post=141746"}],"curies":[{"name":"wp","href":"https:\/\/api.w.org\/{rel}","templated":true}]}}