{"id":141749,"date":"2025-03-03T21:13:08","date_gmt":"2025-03-03T19:13:08","guid":{"rendered":"https:\/\/exlibris.ee\/toode\/mittelpunkt-b2-lehrerhandbuch\/"},"modified":"2026-04-05T15:24:23","modified_gmt":"2026-04-05T12:24:23","slug":"mittelpunkt-b2-lehrerhandbuch","status":"publish","type":"product","link":"https:\/\/exlibris.ee\/en\/product\/mittelpunkt-b2-lehrerhandbuch\/","title":{"rendered":"Mittelpunkt B2: Lehrerhandbuch"},"content":{"rendered":"<p>Didaktisch-methodische Hinweise und Tipps zu Zusatz\u00fcbungen zu ausgew\u00e4hlten Aufgaben im Lehrbuch unterst\u00fctzen bei der Unterrichtsvorbereitung und bieten die M\u00f6glichkeit zur Binnendifferenzierung sowie zur Vertiefung des Lernstoffs.<\/p>\n<p>Tipps und Hinweise zum neuen Goethe-Zertifikat B2 dienen der Pr\u00fcfungsvorbereitung und Lektionstests erm\u00f6glichen eine kontinuierliche Leistungskontrolle.<\/p>\n<p>Au\u00dferdem enth\u00e4lt das Lehrerhandbuch die Transkriptionen der H\u00f6rtexte im Lehrbuch und die L\u00f6sungen zum Lehrbuch.<\/p>\n","protected":false},"excerpt":{"rendered":"<p>Didaktisch-methodische Hinweise und Tipps zu Zusatz\u00fcbungen zu ausgew\u00e4hlten Aufgaben im Lehrbuch unterst\u00fctzen bei der Unterrichtsvorbereitung und bieten die M\u00f6glichkeit zur Binnendifferenzierung sowie zur Vertiefung des Lernstoffs. Tipps und Hinweise zum neuen Goethe-Zertifikat B2 dienen der Pr\u00fcfungsvorbereitung und Lektionstests erm\u00f6glichen eine&#8230;<\/p>\n","protected":false},"featured_media":141719,"template":"","meta":{"_acf_changed":false,"inline_featured_image":false},"product_brand":[],"product_cat":[1121],"product_tag":[],"series":[{"id":1451,"name":"Mittelpunkt","slug":"mittelpunkt"}],"publisher":[{"id":473,"name":"Klett Verlag","slug":"klett-verlag"}],"class_list":{"0":"post-141749","1":"product","2":"type-product","3":"status-publish","4":"has-post-thumbnail","6":"product_cat-lehrwerke-fur-jugendliche-und-erwachsene","7":"series-mittelpunkt","8":"publisher-klett-verlag","10":"first","11":"instock","12":"taxable","13":"shipping-taxable","14":"purchasable","15":"product-type-simple"},"acf":[],"_links":{"self":[{"href":"https:\/\/exlibris.ee\/en\/wp-json\/wp\/v2\/product\/141749","targetHints":{"allow":["GET"]}}],"collection":[{"href":"https:\/\/exlibris.ee\/en\/wp-json\/wp\/v2\/product"}],"about":[{"href":"https:\/\/exlibris.ee\/en\/wp-json\/wp\/v2\/types\/product"}],"wp:featuredmedia":[{"embeddable":true,"href":"https:\/\/exlibris.ee\/en\/wp-json\/wp\/v2\/media\/141719"}],"wp:attachment":[{"href":"https:\/\/exlibris.ee\/en\/wp-json\/wp\/v2\/media?parent=141749"}],"wp:term":[{"taxonomy":"product_brand","embeddable":true,"href":"https:\/\/exlibris.ee\/en\/wp-json\/wp\/v2\/product_brand?post=141749"},{"taxonomy":"product_cat","embeddable":true,"href":"https:\/\/exlibris.ee\/en\/wp-json\/wp\/v2\/product_cat?post=141749"},{"taxonomy":"product_tag","embeddable":true,"href":"https:\/\/exlibris.ee\/en\/wp-json\/wp\/v2\/product_tag?post=141749"},{"taxonomy":"series","embeddable":true,"href":"https:\/\/exlibris.ee\/en\/wp-json\/wp\/v2\/series?post=141749"},{"taxonomy":"publisher","embeddable":true,"href":"https:\/\/exlibris.ee\/en\/wp-json\/wp\/v2\/publisher?post=141749"}],"curies":[{"name":"wp","href":"https:\/\/api.w.org\/{rel}","templated":true}]}}