{"id":141788,"date":"2025-03-05T01:18:15","date_gmt":"2025-03-04T23:18:15","guid":{"rendered":"https:\/\/exlibris.ee\/toode\/menschen-hier-a2-1-arbeitsbuch-mit-audio-cd\/"},"modified":"2026-04-04T03:23:01","modified_gmt":"2026-04-04T00:23:01","slug":"menschen-hier-a2-1-arbeitsbuch-mit-audio-cd","status":"publish","type":"product","link":"https:\/\/exlibris.ee\/en\/product\/menschen-hier-a2-1-arbeitsbuch-mit-audio-cd\/","title":{"rendered":"Menschen hier A2\/1:  Arbeitsbuch mit Audio-CD"},"content":{"rendered":"<p>Arbeitsbuch Niveau A2.1 der sechsb\u00e4ndigen Ausgabe<\/p>\n<p>Mit der praktischen kostenlosen App Hueber Media k\u00f6nnen Sie die Audios per Smartphone abspielen.<\/p>\n<p>Die Audiodateien finden Sie au\u00dferdem im Lehrwerkservice unter: www.hueber.de\/menschen-hier<\/p>\n<p>Menschen hier \u2013 stellt das Leben in einem deutschsprachigen Land in den Fokus<\/p>\n<p>Wie bringt man Menschen am schnellsten zum Lernerfolg? Mit interessanten Inhalten, medialer Vielfalt und zielgruppenspezifischen Lernstrategien. Mit dem Kursbuch Menschen und dem Arbeitsbuch Menschen hier liegt nun ein optimales Paket f\u00fcr Integrationskurse vor. Das Arbeitsbuch Menschen hier setzt die inhaltlichen Anforderungen des Rahmencurriculums des Bundesamts f\u00fcr Migration und Fl\u00fcchtlinge (BAMF) um und bereitet auf den Deutschtest f\u00fcr Zuwanderer (DTZ) vor.<\/p>\n<p>Lebendig und realit\u00e4tsnah<br \/>\nAlltag und Berufsleben stehen im Mittelpunkt des Lehrwerks und haben eine erkennbare Relevanz f\u00fcr den Lebens- und Berufsalltag der Lernenden. So wird das Interesse am Lernstoff ganz automatisch geweckt und das Gelernte wird rascher verankert. Das Arbeitsbuch Menschen hier greift auf den Seiten Im Alltag, Im Beruf und In der Familie explizit die Lernziele des BAMF-Rahmencurriculums auf und erleichtert den Lernenden so die Integration in den deutschsprachigen Alltag.<\/p>\n<p>Wechselnde, vielf\u00e4ltige \u00dcbungsformen helfen, das Gelernte in der Interaktion mit anderen Lernenden anzuwenden und zu vertiefen.<\/p>\n<p>Das bew\u00e4hrte Menschen-Konzept:<br \/>\nDas Lehrwerk Menschen<\/p>\n<p>&#8211; motiviert die Lernenden durch interessante Geschichten<\/p>\n<p>&#8211; verkn\u00fcpft im Bildlexikon Wortschatz und Bilder, um auf das vorhandene mentale Lexikon zuzugreifen<\/p>\n<p>&#8211; bietet zahlreiche Wiederholungsphasen zur Festigung des Gelernten<\/p>\n<p>&#8211; ber\u00fccksichtigt Lernerinteressen und bindet die Lernenden aktiv in den Lernprozess ein<\/p>\n<p>&#8211; bietet eine sinnvolle Verkn\u00fcpfung von Printmaterialien und digitalen Medien f\u00fcr einen zeitgem\u00e4\u00dfen, abwechslungsreichen Unterricht<\/p>\n","protected":false},"excerpt":{"rendered":"<p>Arbeitsbuch Niveau A2.1 der sechsb\u00e4ndigen Ausgabe Mit der praktischen kostenlosen App Hueber Media k\u00f6nnen Sie die Audios per Smartphone abspielen. Die Audiodateien finden Sie au\u00dferdem im Lehrwerkservice unter: www.hueber.de\/menschen-hier Menschen hier \u2013 stellt das Leben in einem deutschsprachigen Land in&#8230;<\/p>\n","protected":false},"featured_media":0,"template":"","meta":{"_acf_changed":false,"inline_featured_image":false},"product_brand":[],"product_cat":[538],"product_tag":[],"series":[{"id":2119,"name":"Menschen hier","slug":"menschen-hier"}],"publisher":[{"id":497,"name":"Hueber Verlag","slug":"hueber-verlag"}],"class_list":{"0":"post-141788","1":"product","2":"type-product","3":"status-publish","5":"product_cat-lehrwerke-fur-erwachsene","6":"series-menschen-hier","7":"publisher-hueber-verlag","9":"first","10":"instock","11":"taxable","12":"shipping-taxable","13":"purchasable","14":"product-type-simple"},"acf":[],"_links":{"self":[{"href":"https:\/\/exlibris.ee\/en\/wp-json\/wp\/v2\/product\/141788","targetHints":{"allow":["GET"]}}],"collection":[{"href":"https:\/\/exlibris.ee\/en\/wp-json\/wp\/v2\/product"}],"about":[{"href":"https:\/\/exlibris.ee\/en\/wp-json\/wp\/v2\/types\/product"}],"wp:attachment":[{"href":"https:\/\/exlibris.ee\/en\/wp-json\/wp\/v2\/media?parent=141788"}],"wp:term":[{"taxonomy":"product_brand","embeddable":true,"href":"https:\/\/exlibris.ee\/en\/wp-json\/wp\/v2\/product_brand?post=141788"},{"taxonomy":"product_cat","embeddable":true,"href":"https:\/\/exlibris.ee\/en\/wp-json\/wp\/v2\/product_cat?post=141788"},{"taxonomy":"product_tag","embeddable":true,"href":"https:\/\/exlibris.ee\/en\/wp-json\/wp\/v2\/product_tag?post=141788"},{"taxonomy":"series","embeddable":true,"href":"https:\/\/exlibris.ee\/en\/wp-json\/wp\/v2\/series?post=141788"},{"taxonomy":"publisher","embeddable":true,"href":"https:\/\/exlibris.ee\/en\/wp-json\/wp\/v2\/publisher?post=141788"}],"curies":[{"name":"wp","href":"https:\/\/api.w.org\/{rel}","templated":true}]}}