{"id":149899,"date":"2025-03-18T19:51:50","date_gmt":"2025-03-18T17:51:50","guid":{"rendered":"https:\/\/exlibris.ee\/toode\/aspekte-neu-c1-lehr-und-arbeitsbuch-1-teil-1-hybrid-allango\/"},"modified":"2026-04-07T03:23:08","modified_gmt":"2026-04-07T00:23:08","slug":"aspekte-neu-c1-lehr-und-arbeitsbuch-1-teil-1-hybrid-allango","status":"publish","type":"product","link":"https:\/\/exlibris.ee\/en\/product\/aspekte-neu-c1-lehr-und-arbeitsbuch-1-teil-1-hybrid-allango\/","title":{"rendered":"Aspekte neu C1 Lehr- und Arbeitsbuch 1, Teil 1 &#8211; hybrid allango"},"content":{"rendered":"<p>Mit der Hybriden Ausgabe erhalten Sie in der Printausgabe einen eingedruckten Lizenzschl\u00fcssel (f\u00fcr Unterrichtende und Lernende) zur Digitalen Ausgabe. So steht Ihnen das Buch auf der Lernplattform allango auch digital zur Verf\u00fcgung und Sie haben digitale Medieninhalte sofort griffbereit. Das Lehr- und Arbeitsbuch (Kapitel 1\u20135) zu Aspekte neu C1 erm\u00f6glicht modularen und linearen Unterricht, bereitet auf das Goethe-Zertifikat C1, TELC Deutsch C1 und das \u00d6sterreichische Sprachdiplom (\u00d6SD) C1 vor, festigt und erweitert Strukturen, trainiert Fertigkeiten und Strategien und enth\u00e4lt attraktive Auftaktseiten sowie spannende landeskundliche Portr\u00e4ts. &#8211; 24 Monate<\/p>\n","protected":false},"excerpt":{"rendered":"<p>Mit der Hybriden Ausgabe erhalten Sie in der Printausgabe einen eingedruckten Lizenzschl\u00fcssel (f\u00fcr Unterrichtende und Lernende) zur Digitalen Ausgabe. So steht Ihnen das Buch auf der Lernplattform allango auch digital zur Verf\u00fcgung und Sie haben digitale Medieninhalte sofort griffbereit. Das&#8230;<\/p>\n","protected":false},"featured_media":149818,"template":"","meta":{"_acf_changed":false,"inline_featured_image":false},"product_brand":[],"product_cat":[538],"product_tag":[],"series":[{"id":855,"name":"Aspekte neu","slug":"aspekte-neu"}],"publisher":[{"id":473,"name":"Klett Verlag","slug":"klett-verlag"}],"class_list":{"0":"post-149899","1":"product","2":"type-product","3":"status-publish","4":"has-post-thumbnail","6":"product_cat-lehrwerke-fur-erwachsene","7":"series-aspekte-neu","8":"publisher-klett-verlag","10":"first","11":"onbackorder","12":"taxable","13":"shipping-taxable","14":"purchasable","15":"product-type-simple"},"acf":[],"_links":{"self":[{"href":"https:\/\/exlibris.ee\/en\/wp-json\/wp\/v2\/product\/149899","targetHints":{"allow":["GET"]}}],"collection":[{"href":"https:\/\/exlibris.ee\/en\/wp-json\/wp\/v2\/product"}],"about":[{"href":"https:\/\/exlibris.ee\/en\/wp-json\/wp\/v2\/types\/product"}],"wp:featuredmedia":[{"embeddable":true,"href":"https:\/\/exlibris.ee\/en\/wp-json\/wp\/v2\/media\/149818"}],"wp:attachment":[{"href":"https:\/\/exlibris.ee\/en\/wp-json\/wp\/v2\/media?parent=149899"}],"wp:term":[{"taxonomy":"product_brand","embeddable":true,"href":"https:\/\/exlibris.ee\/en\/wp-json\/wp\/v2\/product_brand?post=149899"},{"taxonomy":"product_cat","embeddable":true,"href":"https:\/\/exlibris.ee\/en\/wp-json\/wp\/v2\/product_cat?post=149899"},{"taxonomy":"product_tag","embeddable":true,"href":"https:\/\/exlibris.ee\/en\/wp-json\/wp\/v2\/product_tag?post=149899"},{"taxonomy":"series","embeddable":true,"href":"https:\/\/exlibris.ee\/en\/wp-json\/wp\/v2\/series?post=149899"},{"taxonomy":"publisher","embeddable":true,"href":"https:\/\/exlibris.ee\/en\/wp-json\/wp\/v2\/publisher?post=149899"}],"curies":[{"name":"wp","href":"https:\/\/api.w.org\/{rel}","templated":true}]}}