{"id":149910,"date":"2025-03-18T19:51:53","date_gmt":"2025-03-18T17:51:53","guid":{"rendered":"https:\/\/exlibris.ee\/toode\/kontext-c1-intensivtrainer\/"},"modified":"2026-04-18T15:20:41","modified_gmt":"2026-04-18T12:20:41","slug":"kontext-c1-intensivtrainer","status":"publish","type":"product","link":"https:\/\/exlibris.ee\/en\/product\/kontext-c1-intensivtrainer\/","title":{"rendered":"Kontext C1 Intensivtrainer"},"content":{"rendered":"<p>Sechs Seiten mit abwechslungsreichen \u00dcbungen zu jedem Kapitel des Kurs- und \u00dcbungsbuchs &#8211; Selbstst\u00e4ndiges Training von Wortschatz, Grammatik und Redemitteln sowie gelenktem Schreiben &#8211; Zur Wiederholung und Vertiefung zu Hause oder zur Binnendifferenzierung im Unterricht &#8211; Mit L\u00f6sungsschl\u00fcssel zu allen \u00dcbungen<\/p>\n","protected":false},"excerpt":{"rendered":"<p>Sechs Seiten mit abwechslungsreichen \u00dcbungen zu jedem Kapitel des Kurs- und \u00dcbungsbuchs &#8211; Selbstst\u00e4ndiges Training von Wortschatz, Grammatik und Redemitteln sowie gelenktem Schreiben &#8211; Zur Wiederholung und Vertiefung zu Hause oder zur Binnendifferenzierung im Unterricht &#8211; Mit L\u00f6sungsschl\u00fcssel zu allen&#8230;<\/p>\n","protected":false},"featured_media":337010,"template":"","meta":{"_acf_changed":false,"inline_featured_image":false},"product_brand":[],"product_cat":[538],"product_tag":[],"series":[{"id":1435,"name":"Kontext","slug":"kontext"}],"publisher":[{"id":473,"name":"Klett Verlag","slug":"klett-verlag"}],"class_list":{"0":"post-149910","1":"product","2":"type-product","3":"status-publish","4":"has-post-thumbnail","6":"product_cat-lehrwerke-fur-erwachsene","7":"series-kontext","8":"publisher-klett-verlag","10":"first","11":"onbackorder","12":"taxable","13":"shipping-taxable","14":"purchasable","15":"product-type-simple"},"acf":[],"_links":{"self":[{"href":"https:\/\/exlibris.ee\/en\/wp-json\/wp\/v2\/product\/149910","targetHints":{"allow":["GET"]}}],"collection":[{"href":"https:\/\/exlibris.ee\/en\/wp-json\/wp\/v2\/product"}],"about":[{"href":"https:\/\/exlibris.ee\/en\/wp-json\/wp\/v2\/types\/product"}],"wp:featuredmedia":[{"embeddable":true,"href":"https:\/\/exlibris.ee\/en\/wp-json\/wp\/v2\/media\/337010"}],"wp:attachment":[{"href":"https:\/\/exlibris.ee\/en\/wp-json\/wp\/v2\/media?parent=149910"}],"wp:term":[{"taxonomy":"product_brand","embeddable":true,"href":"https:\/\/exlibris.ee\/en\/wp-json\/wp\/v2\/product_brand?post=149910"},{"taxonomy":"product_cat","embeddable":true,"href":"https:\/\/exlibris.ee\/en\/wp-json\/wp\/v2\/product_cat?post=149910"},{"taxonomy":"product_tag","embeddable":true,"href":"https:\/\/exlibris.ee\/en\/wp-json\/wp\/v2\/product_tag?post=149910"},{"taxonomy":"series","embeddable":true,"href":"https:\/\/exlibris.ee\/en\/wp-json\/wp\/v2\/series?post=149910"},{"taxonomy":"publisher","embeddable":true,"href":"https:\/\/exlibris.ee\/en\/wp-json\/wp\/v2\/publisher?post=149910"}],"curies":[{"name":"wp","href":"https:\/\/api.w.org\/{rel}","templated":true}]}}