{"id":149917,"date":"2025-03-18T19:51:55","date_gmt":"2025-03-18T17:51:55","guid":{"rendered":"https:\/\/exlibris.ee\/toode\/logo-a2-kursbuch\/"},"modified":"2026-04-03T09:11:43","modified_gmt":"2026-04-03T06:11:43","slug":"logo-a2-kursbuch","status":"publish","type":"product","link":"https:\/\/exlibris.ee\/en\/product\/logo-a2-kursbuch\/","title":{"rendered":"Logo! A2 &#8211; Kursbuch"},"content":{"rendered":"<p>Mit der Hybriden Ausgabe erhalten Sie in der Printausgabe einen eingedruckten Lizenzschl\u00fcssel (f\u00fcr Unterrichtende und Lernende) zur Digitalen Ausgabe. So steht Ihnen das Buch auf der Lernplattform allango auch digital zur Verf\u00fcgung und Sie haben digitale Medieninhalte sofort griffbereit. Logo! Einfach und sicher Deutsch lernen! F\u00fcr Jugendliche ab 10 Jahren, die schnell und sicher Deutsch lernen wollen &#8211; F\u00fcr einen Unterricht mit geringer Wochenstundenzahl geeignet &#8211; Print- und digitale Ausgabe flexibel kombinierbar \u2013 ob im Unterricht vor Ort oder im Online-Unterricht &#8211; Kurzweiliges und zeitgem\u00e4\u00dfes Lernen durch integrierte digitale Angebote wie Videos, Grammatikclips, Vokabelspiele und Online\u00fcbungen &#8211; Mit zahlreichen Differenzierungsangeboten f\u00fcr jeden Lerntyp &#8211; Spezielle CLIL-Aufgaben f\u00fcr einen fach\u00fcbergreifenden Unterricht, Projektaufgaben und Mediation &#8211; Gezielte Fertigkeiten-Trainings und Aufgaben zur Landeskunde &#8211; Intensives Pr\u00fcfungstraining trotz flacher Progression &#8211; Autonomes Lernen durch Selbstevaluation und Wahlaufgaben Logo! f\u00fchrt zu den Niveaustufen A1, A2 und B1 und bereitet anhand jugendtypischer Themen auf die Pr\u00fcfungen Fit, DSD I, KID und Zertifikat B1 vor. &#8211; 24 Monate<\/p>\n","protected":false},"excerpt":{"rendered":"<p>Mit der Hybriden Ausgabe erhalten Sie in der Printausgabe einen eingedruckten Lizenzschl\u00fcssel (f\u00fcr Unterrichtende und Lernende) zur Digitalen Ausgabe. So steht Ihnen das Buch auf der Lernplattform allango auch digital zur Verf\u00fcgung und Sie haben digitale Medieninhalte sofort griffbereit. Logo!&#8230;<\/p>\n","protected":false},"featured_media":149872,"template":"","meta":{"_acf_changed":false,"inline_featured_image":false},"product_brand":[],"product_cat":[477],"product_tag":[],"series":[{"id":1387,"name":"Logo!","slug":"logo"}],"publisher":[{"id":473,"name":"Klett Verlag","slug":"klett-verlag"}],"class_list":{"0":"post-149917","1":"product","2":"type-product","3":"status-publish","4":"has-post-thumbnail","6":"product_cat-lehrwerke-fur-jugendliche","7":"series-logo","8":"publisher-klett-verlag","10":"first","11":"instock","12":"taxable","13":"shipping-taxable","14":"purchasable","15":"product-type-simple"},"acf":[],"_links":{"self":[{"href":"https:\/\/exlibris.ee\/en\/wp-json\/wp\/v2\/product\/149917","targetHints":{"allow":["GET"]}}],"collection":[{"href":"https:\/\/exlibris.ee\/en\/wp-json\/wp\/v2\/product"}],"about":[{"href":"https:\/\/exlibris.ee\/en\/wp-json\/wp\/v2\/types\/product"}],"wp:featuredmedia":[{"embeddable":true,"href":"https:\/\/exlibris.ee\/en\/wp-json\/wp\/v2\/media\/149872"}],"wp:attachment":[{"href":"https:\/\/exlibris.ee\/en\/wp-json\/wp\/v2\/media?parent=149917"}],"wp:term":[{"taxonomy":"product_brand","embeddable":true,"href":"https:\/\/exlibris.ee\/en\/wp-json\/wp\/v2\/product_brand?post=149917"},{"taxonomy":"product_cat","embeddable":true,"href":"https:\/\/exlibris.ee\/en\/wp-json\/wp\/v2\/product_cat?post=149917"},{"taxonomy":"product_tag","embeddable":true,"href":"https:\/\/exlibris.ee\/en\/wp-json\/wp\/v2\/product_tag?post=149917"},{"taxonomy":"series","embeddable":true,"href":"https:\/\/exlibris.ee\/en\/wp-json\/wp\/v2\/series?post=149917"},{"taxonomy":"publisher","embeddable":true,"href":"https:\/\/exlibris.ee\/en\/wp-json\/wp\/v2\/publisher?post=149917"}],"curies":[{"name":"wp","href":"https:\/\/api.w.org\/{rel}","templated":true}]}}