{"id":150048,"date":"2025-03-18T19:55:26","date_gmt":"2025-03-18T17:55:26","guid":{"rendered":"https:\/\/exlibris.ee\/toode\/spielend-deutsch-lernen\/"},"modified":"2026-04-18T15:22:37","modified_gmt":"2026-04-18T12:22:37","slug":"spielend-deutsch-lernen","status":"publish","type":"product","link":"https:\/\/exlibris.ee\/en\/product\/spielend-deutsch-lernen\/","title":{"rendered":"Spielend Deutsch lernen"},"content":{"rendered":"<p>Diese Sammlung von 30 Spielvorlagen zum Kopieren und Ausschneiden f\u00fcr die Hand des Lehrers kann erg\u00e4nzend zu jedem Lehrbuch eingesetzt werden. Auf spielerische Weise wird in kommunikativen Gruppen- und Partner\u00fcbungen die Sprechfertigkeit der Lernenden gef\u00f6rdert;gleichzeitig werden verschiedene grammatische Strukturen trainiert.<\/p>\n","protected":false},"excerpt":{"rendered":"<p>Diese Sammlung von 30 Spielvorlagen zum Kopieren und Ausschneiden f\u00fcr die Hand des Lehrers kann erg\u00e4nzend zu jedem Lehrbuch eingesetzt werden. Auf spielerische Weise wird in kommunikativen Gruppen- und Partner\u00fcbungen die Sprechfertigkeit der Lernenden gef\u00f6rdert;gleichzeitig werden verschiedene grammatische Strukturen trainiert.<\/p>\n","protected":false},"featured_media":337145,"template":"","meta":{"_acf_changed":false,"inline_featured_image":false},"product_brand":[],"product_cat":[503],"product_tag":[],"series":[{"id":1499,"name":"Spiele","slug":"spiele"}],"publisher":[{"id":473,"name":"Klett Verlag","slug":"klett-verlag"}],"class_list":{"0":"post-150048","1":"product","2":"type-product","3":"status-publish","4":"has-post-thumbnail","6":"product_cat-lernen-mit-bildern-und-spielen","7":"series-spiele","8":"publisher-klett-verlag","10":"first","11":"onbackorder","12":"taxable","13":"shipping-taxable","14":"purchasable","15":"product-type-simple"},"acf":[],"_links":{"self":[{"href":"https:\/\/exlibris.ee\/en\/wp-json\/wp\/v2\/product\/150048","targetHints":{"allow":["GET"]}}],"collection":[{"href":"https:\/\/exlibris.ee\/en\/wp-json\/wp\/v2\/product"}],"about":[{"href":"https:\/\/exlibris.ee\/en\/wp-json\/wp\/v2\/types\/product"}],"wp:featuredmedia":[{"embeddable":true,"href":"https:\/\/exlibris.ee\/en\/wp-json\/wp\/v2\/media\/337145"}],"wp:attachment":[{"href":"https:\/\/exlibris.ee\/en\/wp-json\/wp\/v2\/media?parent=150048"}],"wp:term":[{"taxonomy":"product_brand","embeddable":true,"href":"https:\/\/exlibris.ee\/en\/wp-json\/wp\/v2\/product_brand?post=150048"},{"taxonomy":"product_cat","embeddable":true,"href":"https:\/\/exlibris.ee\/en\/wp-json\/wp\/v2\/product_cat?post=150048"},{"taxonomy":"product_tag","embeddable":true,"href":"https:\/\/exlibris.ee\/en\/wp-json\/wp\/v2\/product_tag?post=150048"},{"taxonomy":"series","embeddable":true,"href":"https:\/\/exlibris.ee\/en\/wp-json\/wp\/v2\/series?post=150048"},{"taxonomy":"publisher","embeddable":true,"href":"https:\/\/exlibris.ee\/en\/wp-json\/wp\/v2\/publisher?post=150048"}],"curies":[{"name":"wp","href":"https:\/\/api.w.org\/{rel}","templated":true}]}}